{"id":9697,"date":"2023-08-23T09:36:27","date_gmt":"2023-08-23T09:36:27","guid":{"rendered":"https:\/\/scubadirectvietnam.com\/new\/?post_type=product&#038;p=9697"},"modified":"2025-05-17T12:50:35","modified_gmt":"2025-05-17T06:50:35","slug":"chi-boc-nhua-1kg","status":"publish","type":"product","link":"https:\/\/scubadirectvietnam.com\/?product=chi-boc-nhua-1kg","title":{"rendered":"CH\u00cc 1KG"},"content":{"rendered":"<p>Ch\u1ea5t li\u1ec7u ch\u00ec b\u1ecdc cao su t\u1ed5ng h\u1ee3p<\/p>\n<p>\u0110\u00fac nguy\u00ean kh\u1ed1i.<\/p>\n<p>B\u1ecdc cao su ngo\u00e0i kh\u00e1 m\u1ec1m m\u1ea1i \u00eam di\u1ec7u kh\u00f4ng l\u00e0m r\u00e1ch qu\u1ea7n \u00e1o l\u1eb7n th\u1eddi gian d\u00e0i<\/p>\n<p>An to\u00e0n moi tr\u01b0\u1eddng l\u1eabn ng\u01b0\u1eddi d\u00f9ng<\/p>\n","protected":false},"excerpt":{"rendered":"<p>Ch\u1ea5t li\u1ec7u ch\u00ec b\u1ecdc cao su t\u1ed5ng h\u1ee3p \u0110\u00fac nguy\u00ean kh\u1ed1i. B\u1ecdc cao su ngo\u00e0i kh\u00e1 m\u1ec1m m\u1ea1i \u00eam di\u1ec7u kh\u00f4ng l\u00e0m r\u00e1ch qu\u1ea7n \u00e1o l\u1eb7n th\u1eddi gian d\u00e0i An to\u00e0n moi tr\u01b0\u1eddng l\u1eabn ng\u01b0\u1eddi d\u00f9ng<\/p>\n","protected":false},"featured_media":58395,"comment_status":"closed","ping_status":"closed","template":"","meta":[],"product_brand":[],"product_cat":[51],"product_tag":[],"class_list":{"0":"post-9697","1":"product","2":"type-product","3":"status-publish","4":"has-post-thumbnail","6":"product_cat-that-lung-chi-lan","7":"description-off","9":"first","10":"instock","11":"taxable","12":"shipping-taxable","13":"purchasable","14":"product-type-simple"},"yoast_head":"<!-- This site is optimized with the Yoast SEO plugin v27.4 - https:\/\/yoast.com\/product\/yoast-seo-wordpress\/ -->\n<title>CH\u00cc 1KG - Scuba Direct Vietnam<\/title>\n<meta name=\"description\" content=\"+ Ch\u1ea5t li\u1ec7u ch\u00ec b\u1ecdc cao su t\u1ed5ng h\u1ee3p, \u0111\u00fac nguy\u00ean kh\u1ed1i.+ B\u1ecdc cao su ngo\u00e0i kh\u00e1 m\u1ec1m m\u1ea1i \u00eam di\u1ec7u kh\u00f4ng l\u00e0m r\u00e1ch qu\u1ea7n \u00e1o l\u1eb7n th\u1eddi gian d\u00e0i.\" \/>\n<meta name=\"robots\" content=\"index, follow, max-snippet:-1, max-image-preview:large, max-video-preview:-1\" \/>\n<link rel=\"canonical\" href=\"https:\/\/scubadirectvietnam.com\/?product=chi-boc-nhua-1kg\" \/>\n<meta property=\"og:locale\" content=\"en_US\" \/>\n<meta property=\"og:type\" content=\"article\" \/>\n<meta property=\"og:title\" content=\"CH\u00cc 1KG - Scuba Direct Vietnam\" \/>\n<meta property=\"og:description\" content=\"+ Ch\u1ea5t li\u1ec7u ch\u00ec b\u1ecdc cao su t\u1ed5ng h\u1ee3p, \u0111\u00fac nguy\u00ean kh\u1ed1i.+ B\u1ecdc cao su ngo\u00e0i kh\u00e1 m\u1ec1m m\u1ea1i \u00eam di\u1ec7u kh\u00f4ng l\u00e0m r\u00e1ch qu\u1ea7n \u00e1o l\u1eb7n th\u1eddi gian d\u00e0i.\" \/>\n<meta property=\"og:url\" content=\"https:\/\/scubadirectvietnam.com\/?product=chi-boc-nhua-1kg\" \/>\n<meta property=\"og:site_name\" content=\"Scuba Direct Vietnam\" \/>\n<meta property=\"article:publisher\" content=\"https:\/\/www.facebook.com\/scubadirectvn\" \/>\n<meta property=\"article:modified_time\" content=\"2025-05-17T06:50:35+00:00\" \/>\n<meta property=\"og:image\" content=\"https:\/\/scubadirectvietnam.com\/wp-content\/uploads\/2020\/04\/SV-CHI-1.0-kg.jpg\" \/>\n\t<meta property=\"og:image:width\" content=\"900\" \/>\n\t<meta property=\"og:image:height\" content=\"900\" \/>\n\t<meta property=\"og:image:type\" content=\"image\/jpeg\" \/>\n<meta name=\"twitter:card\" content=\"summary_large_image\" \/>\n<meta name=\"twitter:label1\" content=\"Est. reading time\" \/>\n\t<meta name=\"twitter:data1\" content=\"1 minute\" \/>\n<script type=\"application\/ld+json\" class=\"yoast-schema-graph\">{\"@context\":\"https:\\\/\\\/schema.org\",\"@graph\":[{\"@type\":\"WebPage\",\"@id\":\"https:\\\/\\\/scubadirectvietnam.com\\\/?product=chi-boc-nhua-1kg\",\"url\":\"https:\\\/\\\/scubadirectvietnam.com\\\/?product=chi-boc-nhua-1kg\",\"name\":\"CH\u00cc 1KG - Scuba Direct Vietnam\",\"isPartOf\":{\"@id\":\"https:\\\/\\\/scubadirectvietnam.com\\\/#website\"},\"primaryImageOfPage\":{\"@id\":\"https:\\\/\\\/scubadirectvietnam.com\\\/?product=chi-boc-nhua-1kg#primaryimage\"},\"image\":{\"@id\":\"https:\\\/\\\/scubadirectvietnam.com\\\/?product=chi-boc-nhua-1kg#primaryimage\"},\"thumbnailUrl\":\"https:\\\/\\\/scubadirectvietnam.com\\\/wp-content\\\/uploads\\\/2020\\\/04\\\/SV-CHI-1.0-kg.jpg\",\"datePublished\":\"2023-08-23T09:36:27+00:00\",\"dateModified\":\"2025-05-17T06:50:35+00:00\",\"description\":\"+ Ch\u1ea5t li\u1ec7u ch\u00ec b\u1ecdc cao su t\u1ed5ng h\u1ee3p, \u0111\u00fac nguy\u00ean kh\u1ed1i.+ B\u1ecdc cao su ngo\u00e0i kh\u00e1 m\u1ec1m m\u1ea1i \u00eam di\u1ec7u kh\u00f4ng l\u00e0m r\u00e1ch qu\u1ea7n \u00e1o l\u1eb7n th\u1eddi gian d\u00e0i.\",\"breadcrumb\":{\"@id\":\"https:\\\/\\\/scubadirectvietnam.com\\\/?product=chi-boc-nhua-1kg#breadcrumb\"},\"inLanguage\":\"en-US\",\"potentialAction\":[{\"@type\":\"ReadAction\",\"target\":[\"https:\\\/\\\/scubadirectvietnam.com\\\/?product=chi-boc-nhua-1kg\"]}]},{\"@type\":\"ImageObject\",\"inLanguage\":\"en-US\",\"@id\":\"https:\\\/\\\/scubadirectvietnam.com\\\/?product=chi-boc-nhua-1kg#primaryimage\",\"url\":\"https:\\\/\\\/scubadirectvietnam.com\\\/wp-content\\\/uploads\\\/2020\\\/04\\\/SV-CHI-1.0-kg.jpg\",\"contentUrl\":\"https:\\\/\\\/scubadirectvietnam.com\\\/wp-content\\\/uploads\\\/2020\\\/04\\\/SV-CHI-1.0-kg.jpg\",\"width\":900,\"height\":900},{\"@type\":\"BreadcrumbList\",\"@id\":\"https:\\\/\\\/scubadirectvietnam.com\\\/?product=chi-boc-nhua-1kg#breadcrumb\",\"itemListElement\":[{\"@type\":\"ListItem\",\"position\":1,\"name\":\"Home\",\"item\":\"https:\\\/\\\/scubadirectvietnam.com\\\/\"},{\"@type\":\"ListItem\",\"position\":2,\"name\":\"SCUBA DIRECT VIETNAM ONLINE SHOP\",\"item\":\"https:\\\/\\\/scubadirectvietnam.com\\\/?page_id=54530\"},{\"@type\":\"ListItem\",\"position\":3,\"name\":\"CH\u00cc 1KG\"}]},{\"@type\":\"WebSite\",\"@id\":\"https:\\\/\\\/scubadirectvietnam.com\\\/#website\",\"url\":\"https:\\\/\\\/scubadirectvietnam.com\\\/\",\"name\":\"Scuba Direct Vietnam\",\"description\":\"\",\"publisher\":{\"@id\":\"https:\\\/\\\/scubadirectvietnam.com\\\/#organization\"},\"potentialAction\":[{\"@type\":\"SearchAction\",\"target\":{\"@type\":\"EntryPoint\",\"urlTemplate\":\"https:\\\/\\\/scubadirectvietnam.com\\\/?s={search_term_string}\"},\"query-input\":{\"@type\":\"PropertyValueSpecification\",\"valueRequired\":true,\"valueName\":\"search_term_string\"}}],\"inLanguage\":\"en-US\"},{\"@type\":\"Organization\",\"@id\":\"https:\\\/\\\/scubadirectvietnam.com\\\/#organization\",\"name\":\"Scuba Direct Vietnam Cressi Online\",\"url\":\"https:\\\/\\\/scubadirectvietnam.com\\\/\",\"logo\":{\"@type\":\"ImageObject\",\"inLanguage\":\"en-US\",\"@id\":\"https:\\\/\\\/scubadirectvietnam.com\\\/#\\\/schema\\\/logo\\\/image\\\/\",\"url\":\"https:\\\/\\\/scubadirectvietnam.com\\\/wp-content\\\/uploads\\\/2023\\\/11\\\/Scuba-Direct-Vietnam-Scuba-Gear_logo.png\",\"contentUrl\":\"https:\\\/\\\/scubadirectvietnam.com\\\/wp-content\\\/uploads\\\/2023\\\/11\\\/Scuba-Direct-Vietnam-Scuba-Gear_logo.png\",\"width\":300,\"height\":90,\"caption\":\"Scuba Direct Vietnam Cressi Online\"},\"image\":{\"@id\":\"https:\\\/\\\/scubadirectvietnam.com\\\/#\\\/schema\\\/logo\\\/image\\\/\"},\"sameAs\":[\"https:\\\/\\\/www.facebook.com\\\/scubadirectvn\"]}]}<\/script>\n<!-- \/ Yoast SEO plugin. -->","yoast_head_json":{"title":"CH\u00cc 1KG - Scuba Direct Vietnam","description":"+ Ch\u1ea5t li\u1ec7u ch\u00ec b\u1ecdc cao su t\u1ed5ng h\u1ee3p, \u0111\u00fac nguy\u00ean kh\u1ed1i.+ B\u1ecdc cao su ngo\u00e0i kh\u00e1 m\u1ec1m m\u1ea1i \u00eam di\u1ec7u kh\u00f4ng l\u00e0m r\u00e1ch qu\u1ea7n \u00e1o l\u1eb7n th\u1eddi gian d\u00e0i.","robots":{"index":"index","follow":"follow","max-snippet":"max-snippet:-1","max-image-preview":"max-image-preview:large","max-video-preview":"max-video-preview:-1"},"canonical":"https:\/\/scubadirectvietnam.com\/?product=chi-boc-nhua-1kg","og_locale":"en_US","og_type":"article","og_title":"CH\u00cc 1KG - Scuba Direct Vietnam","og_description":"+ Ch\u1ea5t li\u1ec7u ch\u00ec b\u1ecdc cao su t\u1ed5ng h\u1ee3p, \u0111\u00fac nguy\u00ean kh\u1ed1i.+ B\u1ecdc cao su ngo\u00e0i kh\u00e1 m\u1ec1m m\u1ea1i \u00eam di\u1ec7u kh\u00f4ng l\u00e0m r\u00e1ch qu\u1ea7n \u00e1o l\u1eb7n th\u1eddi gian d\u00e0i.","og_url":"https:\/\/scubadirectvietnam.com\/?product=chi-boc-nhua-1kg","og_site_name":"Scuba Direct Vietnam","article_publisher":"https:\/\/www.facebook.com\/scubadirectvn","article_modified_time":"2025-05-17T06:50:35+00:00","og_image":[{"width":900,"height":900,"url":"https:\/\/scubadirectvietnam.com\/wp-content\/uploads\/2020\/04\/SV-CHI-1.0-kg.jpg","type":"image\/jpeg"}],"twitter_card":"summary_large_image","twitter_misc":{"Est. reading time":"1 minute"},"schema":{"@context":"https:\/\/schema.org","@graph":[{"@type":"WebPage","@id":"https:\/\/scubadirectvietnam.com\/?product=chi-boc-nhua-1kg","url":"https:\/\/scubadirectvietnam.com\/?product=chi-boc-nhua-1kg","name":"CH\u00cc 1KG - Scuba Direct Vietnam","isPartOf":{"@id":"https:\/\/scubadirectvietnam.com\/#website"},"primaryImageOfPage":{"@id":"https:\/\/scubadirectvietnam.com\/?product=chi-boc-nhua-1kg#primaryimage"},"image":{"@id":"https:\/\/scubadirectvietnam.com\/?product=chi-boc-nhua-1kg#primaryimage"},"thumbnailUrl":"https:\/\/scubadirectvietnam.com\/wp-content\/uploads\/2020\/04\/SV-CHI-1.0-kg.jpg","datePublished":"2023-08-23T09:36:27+00:00","dateModified":"2025-05-17T06:50:35+00:00","description":"+ Ch\u1ea5t li\u1ec7u ch\u00ec b\u1ecdc cao su t\u1ed5ng h\u1ee3p, \u0111\u00fac nguy\u00ean kh\u1ed1i.+ B\u1ecdc cao su ngo\u00e0i kh\u00e1 m\u1ec1m m\u1ea1i \u00eam di\u1ec7u kh\u00f4ng l\u00e0m r\u00e1ch qu\u1ea7n \u00e1o l\u1eb7n th\u1eddi gian d\u00e0i.","breadcrumb":{"@id":"https:\/\/scubadirectvietnam.com\/?product=chi-boc-nhua-1kg#breadcrumb"},"inLanguage":"en-US","potentialAction":[{"@type":"ReadAction","target":["https:\/\/scubadirectvietnam.com\/?product=chi-boc-nhua-1kg"]}]},{"@type":"ImageObject","inLanguage":"en-US","@id":"https:\/\/scubadirectvietnam.com\/?product=chi-boc-nhua-1kg#primaryimage","url":"https:\/\/scubadirectvietnam.com\/wp-content\/uploads\/2020\/04\/SV-CHI-1.0-kg.jpg","contentUrl":"https:\/\/scubadirectvietnam.com\/wp-content\/uploads\/2020\/04\/SV-CHI-1.0-kg.jpg","width":900,"height":900},{"@type":"BreadcrumbList","@id":"https:\/\/scubadirectvietnam.com\/?product=chi-boc-nhua-1kg#breadcrumb","itemListElement":[{"@type":"ListItem","position":1,"name":"Home","item":"https:\/\/scubadirectvietnam.com\/"},{"@type":"ListItem","position":2,"name":"SCUBA DIRECT VIETNAM ONLINE SHOP","item":"https:\/\/scubadirectvietnam.com\/?page_id=54530"},{"@type":"ListItem","position":3,"name":"CH\u00cc 1KG"}]},{"@type":"WebSite","@id":"https:\/\/scubadirectvietnam.com\/#website","url":"https:\/\/scubadirectvietnam.com\/","name":"Scuba Direct Vietnam","description":"","publisher":{"@id":"https:\/\/scubadirectvietnam.com\/#organization"},"potentialAction":[{"@type":"SearchAction","target":{"@type":"EntryPoint","urlTemplate":"https:\/\/scubadirectvietnam.com\/?s={search_term_string}"},"query-input":{"@type":"PropertyValueSpecification","valueRequired":true,"valueName":"search_term_string"}}],"inLanguage":"en-US"},{"@type":"Organization","@id":"https:\/\/scubadirectvietnam.com\/#organization","name":"Scuba Direct Vietnam Cressi Online","url":"https:\/\/scubadirectvietnam.com\/","logo":{"@type":"ImageObject","inLanguage":"en-US","@id":"https:\/\/scubadirectvietnam.com\/#\/schema\/logo\/image\/","url":"https:\/\/scubadirectvietnam.com\/wp-content\/uploads\/2023\/11\/Scuba-Direct-Vietnam-Scuba-Gear_logo.png","contentUrl":"https:\/\/scubadirectvietnam.com\/wp-content\/uploads\/2023\/11\/Scuba-Direct-Vietnam-Scuba-Gear_logo.png","width":300,"height":90,"caption":"Scuba Direct Vietnam Cressi Online"},"image":{"@id":"https:\/\/scubadirectvietnam.com\/#\/schema\/logo\/image\/"},"sameAs":["https:\/\/www.facebook.com\/scubadirectvn"]}]}},"_links":{"self":[{"href":"https:\/\/scubadirectvietnam.com\/index.php?rest_route=\/wp\/v2\/product\/9697","targetHints":{"allow":["GET"]}}],"collection":[{"href":"https:\/\/scubadirectvietnam.com\/index.php?rest_route=\/wp\/v2\/product"}],"about":[{"href":"https:\/\/scubadirectvietnam.com\/index.php?rest_route=\/wp\/v2\/types\/product"}],"replies":[{"embeddable":true,"href":"https:\/\/scubadirectvietnam.com\/index.php?rest_route=%2Fwp%2Fv2%2Fcomments&post=9697"}],"version-history":[{"count":3,"href":"https:\/\/scubadirectvietnam.com\/index.php?rest_route=\/wp\/v2\/product\/9697\/revisions"}],"predecessor-version":[{"id":58602,"href":"https:\/\/scubadirectvietnam.com\/index.php?rest_route=\/wp\/v2\/product\/9697\/revisions\/58602"}],"wp:featuredmedia":[{"embeddable":true,"href":"https:\/\/scubadirectvietnam.com\/index.php?rest_route=\/wp\/v2\/media\/58395"}],"wp:attachment":[{"href":"https:\/\/scubadirectvietnam.com\/index.php?rest_route=%2Fwp%2Fv2%2Fmedia&parent=9697"}],"wp:term":[{"taxonomy":"product_brand","embeddable":true,"href":"https:\/\/scubadirectvietnam.com\/index.php?rest_route=%2Fwp%2Fv2%2Fproduct_brand&post=9697"},{"taxonomy":"product_cat","embeddable":true,"href":"https:\/\/scubadirectvietnam.com\/index.php?rest_route=%2Fwp%2Fv2%2Fproduct_cat&post=9697"},{"taxonomy":"product_tag","embeddable":true,"href":"https:\/\/scubadirectvietnam.com\/index.php?rest_route=%2Fwp%2Fv2%2Fproduct_tag&post=9697"}],"curies":[{"name":"wp","href":"https:\/\/api.w.org\/{rel}","templated":true}]}}