{"id":7543,"date":"2020-04-09T10:23:30","date_gmt":"2020-04-09T10:23:30","guid":{"rendered":"https:\/\/scubadirectvietnam.com\/new\/?post_type=product&#038;p=7543"},"modified":"2026-03-03T09:44:09","modified_gmt":"2026-03-03T03:44:09","slug":"phao-tonda","status":"publish","type":"product","link":"https:\/\/scubadirectvietnam.com\/?product=phao-tonda","title":{"rendered":"PHAO TONDA"},"content":{"rendered":"<ul>\n<li>Phao th\u00edch h\u1ee3p cho: L\u1eb7n b\u1eb1ng b\u00ecnh kh\u00ed<\/li>\n<li>Chi\u1ec1u d\u00e0i d\u00e2y: 20m<\/li>\n<li>M\u00e0u s\u1eafc: M\u00e0u \u0111\u1ecf t\u01b0\u01a1i cho kh\u1ea3 n\u0103ng hi\u1ec3n th\u1ecb t\u1ed1i \u0111a<\/li>\n<li>Ph\u1ee5 ki\u1ec7n: C\u00f3 c\u00f2i an to\u00e0n<\/li>\n<\/ul>\n","protected":false},"excerpt":{"rendered":"<p>Phao th\u00edch h\u1ee3p cho: L\u1eb7n b\u1eb1ng b\u00ecnh kh\u00ed Chi\u1ec1u d\u00e0i d\u00e2y: 20m M\u00e0u s\u1eafc: M\u00e0u \u0111\u1ecf t\u01b0\u01a1i cho kh\u1ea3 n\u0103ng hi\u1ec3n th\u1ecb t\u1ed1i \u0111a Ph\u1ee5 ki\u1ec7n: C\u00f3 c\u00f2i an to\u00e0n<\/p>\n","protected":false},"featured_media":7544,"comment_status":"closed","ping_status":"closed","template":"","meta":[],"product_brand":[],"product_cat":[52],"product_tag":[524,523],"class_list":{"0":"post-7543","1":"product","2":"type-product","3":"status-publish","4":"has-post-thumbnail","6":"product_cat-phao-noi","7":"product_tag-phao-bao-hieu","8":"product_tag-phao-noi","9":"description-off","11":"first","12":"instock","13":"taxable","14":"shipping-taxable","15":"purchasable","16":"product-type-simple"},"yoast_head":"<!-- This site is optimized with the Yoast SEO plugin v27.4 - https:\/\/yoast.com\/product\/yoast-seo-wordpress\/ -->\n<title>PHAO TONDA - Scuba Direct Vietnam<\/title>\n<meta name=\"description\" content=\"Th\u00edch h\u1ee3p cho: L\u1eb7n b\u1eb1ng b\u00ecnh kh\u00edChi\u1ec1u d\u00e0i d\u00e2y: 20mM\u00e0u s\u1eafc: M\u00e0u \u0111\u1ecf t\u01b0\u01a1i cho kh\u1ea3 n\u0103ng hi\u1ec3n th\u1ecb t\u1ed1i \u0111aPh\u1ee5 ki\u1ec7n: C\u00f3 c\u00f2i an to\u00e0n\" \/>\n<meta name=\"robots\" content=\"index, follow, max-snippet:-1, max-image-preview:large, max-video-preview:-1\" \/>\n<link rel=\"canonical\" href=\"https:\/\/scubadirectvietnam.com\/?product=phao-tonda\" \/>\n<meta property=\"og:locale\" content=\"en_US\" \/>\n<meta property=\"og:type\" content=\"article\" \/>\n<meta property=\"og:title\" content=\"PHAO TONDA - Scuba Direct Vietnam\" \/>\n<meta property=\"og:description\" content=\"Th\u00edch h\u1ee3p cho: L\u1eb7n b\u1eb1ng b\u00ecnh kh\u00edChi\u1ec1u d\u00e0i d\u00e2y: 20mM\u00e0u s\u1eafc: M\u00e0u \u0111\u1ecf t\u01b0\u01a1i cho kh\u1ea3 n\u0103ng hi\u1ec3n th\u1ecb t\u1ed1i \u0111aPh\u1ee5 ki\u1ec7n: C\u00f3 c\u00f2i an to\u00e0n\" \/>\n<meta property=\"og:url\" content=\"https:\/\/scubadirectvietnam.com\/?product=phao-tonda\" \/>\n<meta property=\"og:site_name\" content=\"Scuba Direct Vietnam\" \/>\n<meta property=\"article:publisher\" content=\"https:\/\/www.facebook.com\/scubadirectvn\" \/>\n<meta property=\"article:modified_time\" content=\"2026-03-03T03:44:09+00:00\" \/>\n<meta property=\"og:image\" content=\"https:\/\/scubadirectvietnam.com\/wp-content\/uploads\/2023\/11\/tonda-800-2-scba-direct-vietnam-1.jpg\" \/>\n\t<meta property=\"og:image:width\" content=\"800\" \/>\n\t<meta property=\"og:image:height\" content=\"800\" \/>\n\t<meta property=\"og:image:type\" content=\"image\/jpeg\" \/>\n<meta name=\"twitter:card\" content=\"summary_large_image\" \/>\n<meta name=\"twitter:label1\" content=\"Est. reading time\" \/>\n\t<meta name=\"twitter:data1\" content=\"1 minute\" \/>\n<script type=\"application\/ld+json\" class=\"yoast-schema-graph\">{\"@context\":\"https:\\\/\\\/schema.org\",\"@graph\":[{\"@type\":\"WebPage\",\"@id\":\"https:\\\/\\\/scubadirectvietnam.com\\\/?product=phao-tonda\",\"url\":\"https:\\\/\\\/scubadirectvietnam.com\\\/?product=phao-tonda\",\"name\":\"PHAO TONDA - Scuba Direct Vietnam\",\"isPartOf\":{\"@id\":\"https:\\\/\\\/scubadirectvietnam.com\\\/#website\"},\"primaryImageOfPage\":{\"@id\":\"https:\\\/\\\/scubadirectvietnam.com\\\/?product=phao-tonda#primaryimage\"},\"image\":{\"@id\":\"https:\\\/\\\/scubadirectvietnam.com\\\/?product=phao-tonda#primaryimage\"},\"thumbnailUrl\":\"https:\\\/\\\/scubadirectvietnam.com\\\/wp-content\\\/uploads\\\/2023\\\/11\\\/tonda-800-2-scba-direct-vietnam-1.jpg\",\"datePublished\":\"2020-04-09T10:23:30+00:00\",\"dateModified\":\"2026-03-03T03:44:09+00:00\",\"description\":\"Th\u00edch h\u1ee3p cho: L\u1eb7n b\u1eb1ng b\u00ecnh kh\u00edChi\u1ec1u d\u00e0i d\u00e2y: 20mM\u00e0u s\u1eafc: M\u00e0u \u0111\u1ecf t\u01b0\u01a1i cho kh\u1ea3 n\u0103ng hi\u1ec3n th\u1ecb t\u1ed1i \u0111aPh\u1ee5 ki\u1ec7n: C\u00f3 c\u00f2i an to\u00e0n\",\"breadcrumb\":{\"@id\":\"https:\\\/\\\/scubadirectvietnam.com\\\/?product=phao-tonda#breadcrumb\"},\"inLanguage\":\"en-US\",\"potentialAction\":[{\"@type\":\"ReadAction\",\"target\":[\"https:\\\/\\\/scubadirectvietnam.com\\\/?product=phao-tonda\"]}]},{\"@type\":\"ImageObject\",\"inLanguage\":\"en-US\",\"@id\":\"https:\\\/\\\/scubadirectvietnam.com\\\/?product=phao-tonda#primaryimage\",\"url\":\"https:\\\/\\\/scubadirectvietnam.com\\\/wp-content\\\/uploads\\\/2023\\\/11\\\/tonda-800-2-scba-direct-vietnam-1.jpg\",\"contentUrl\":\"https:\\\/\\\/scubadirectvietnam.com\\\/wp-content\\\/uploads\\\/2023\\\/11\\\/tonda-800-2-scba-direct-vietnam-1.jpg\",\"width\":800,\"height\":800},{\"@type\":\"BreadcrumbList\",\"@id\":\"https:\\\/\\\/scubadirectvietnam.com\\\/?product=phao-tonda#breadcrumb\",\"itemListElement\":[{\"@type\":\"ListItem\",\"position\":1,\"name\":\"Home\",\"item\":\"https:\\\/\\\/scubadirectvietnam.com\\\/\"},{\"@type\":\"ListItem\",\"position\":2,\"name\":\"SCUBA DIRECT VIETNAM ONLINE SHOP\",\"item\":\"https:\\\/\\\/scubadirectvietnam.com\\\/?page_id=54530\"},{\"@type\":\"ListItem\",\"position\":3,\"name\":\"PHAO TONDA\"}]},{\"@type\":\"WebSite\",\"@id\":\"https:\\\/\\\/scubadirectvietnam.com\\\/#website\",\"url\":\"https:\\\/\\\/scubadirectvietnam.com\\\/\",\"name\":\"Scuba Direct Vietnam\",\"description\":\"\",\"publisher\":{\"@id\":\"https:\\\/\\\/scubadirectvietnam.com\\\/#organization\"},\"potentialAction\":[{\"@type\":\"SearchAction\",\"target\":{\"@type\":\"EntryPoint\",\"urlTemplate\":\"https:\\\/\\\/scubadirectvietnam.com\\\/?s={search_term_string}\"},\"query-input\":{\"@type\":\"PropertyValueSpecification\",\"valueRequired\":true,\"valueName\":\"search_term_string\"}}],\"inLanguage\":\"en-US\"},{\"@type\":\"Organization\",\"@id\":\"https:\\\/\\\/scubadirectvietnam.com\\\/#organization\",\"name\":\"Scuba Direct Vietnam Cressi Online\",\"url\":\"https:\\\/\\\/scubadirectvietnam.com\\\/\",\"logo\":{\"@type\":\"ImageObject\",\"inLanguage\":\"en-US\",\"@id\":\"https:\\\/\\\/scubadirectvietnam.com\\\/#\\\/schema\\\/logo\\\/image\\\/\",\"url\":\"https:\\\/\\\/scubadirectvietnam.com\\\/wp-content\\\/uploads\\\/2023\\\/11\\\/Scuba-Direct-Vietnam-Scuba-Gear_logo.png\",\"contentUrl\":\"https:\\\/\\\/scubadirectvietnam.com\\\/wp-content\\\/uploads\\\/2023\\\/11\\\/Scuba-Direct-Vietnam-Scuba-Gear_logo.png\",\"width\":300,\"height\":90,\"caption\":\"Scuba Direct Vietnam Cressi Online\"},\"image\":{\"@id\":\"https:\\\/\\\/scubadirectvietnam.com\\\/#\\\/schema\\\/logo\\\/image\\\/\"},\"sameAs\":[\"https:\\\/\\\/www.facebook.com\\\/scubadirectvn\"]}]}<\/script>\n<!-- \/ Yoast SEO plugin. -->","yoast_head_json":{"title":"PHAO TONDA - Scuba Direct Vietnam","description":"Th\u00edch h\u1ee3p cho: L\u1eb7n b\u1eb1ng b\u00ecnh kh\u00edChi\u1ec1u d\u00e0i d\u00e2y: 20mM\u00e0u s\u1eafc: M\u00e0u \u0111\u1ecf t\u01b0\u01a1i cho kh\u1ea3 n\u0103ng hi\u1ec3n th\u1ecb t\u1ed1i \u0111aPh\u1ee5 ki\u1ec7n: C\u00f3 c\u00f2i an to\u00e0n","robots":{"index":"index","follow":"follow","max-snippet":"max-snippet:-1","max-image-preview":"max-image-preview:large","max-video-preview":"max-video-preview:-1"},"canonical":"https:\/\/scubadirectvietnam.com\/?product=phao-tonda","og_locale":"en_US","og_type":"article","og_title":"PHAO TONDA - Scuba Direct Vietnam","og_description":"Th\u00edch h\u1ee3p cho: L\u1eb7n b\u1eb1ng b\u00ecnh kh\u00edChi\u1ec1u d\u00e0i d\u00e2y: 20mM\u00e0u s\u1eafc: M\u00e0u \u0111\u1ecf t\u01b0\u01a1i cho kh\u1ea3 n\u0103ng hi\u1ec3n th\u1ecb t\u1ed1i \u0111aPh\u1ee5 ki\u1ec7n: C\u00f3 c\u00f2i an to\u00e0n","og_url":"https:\/\/scubadirectvietnam.com\/?product=phao-tonda","og_site_name":"Scuba Direct Vietnam","article_publisher":"https:\/\/www.facebook.com\/scubadirectvn","article_modified_time":"2026-03-03T03:44:09+00:00","og_image":[{"width":800,"height":800,"url":"https:\/\/scubadirectvietnam.com\/wp-content\/uploads\/2023\/11\/tonda-800-2-scba-direct-vietnam-1.jpg","type":"image\/jpeg"}],"twitter_card":"summary_large_image","twitter_misc":{"Est. reading time":"1 minute"},"schema":{"@context":"https:\/\/schema.org","@graph":[{"@type":"WebPage","@id":"https:\/\/scubadirectvietnam.com\/?product=phao-tonda","url":"https:\/\/scubadirectvietnam.com\/?product=phao-tonda","name":"PHAO TONDA - Scuba Direct Vietnam","isPartOf":{"@id":"https:\/\/scubadirectvietnam.com\/#website"},"primaryImageOfPage":{"@id":"https:\/\/scubadirectvietnam.com\/?product=phao-tonda#primaryimage"},"image":{"@id":"https:\/\/scubadirectvietnam.com\/?product=phao-tonda#primaryimage"},"thumbnailUrl":"https:\/\/scubadirectvietnam.com\/wp-content\/uploads\/2023\/11\/tonda-800-2-scba-direct-vietnam-1.jpg","datePublished":"2020-04-09T10:23:30+00:00","dateModified":"2026-03-03T03:44:09+00:00","description":"Th\u00edch h\u1ee3p cho: L\u1eb7n b\u1eb1ng b\u00ecnh kh\u00edChi\u1ec1u d\u00e0i d\u00e2y: 20mM\u00e0u s\u1eafc: M\u00e0u \u0111\u1ecf t\u01b0\u01a1i cho kh\u1ea3 n\u0103ng hi\u1ec3n th\u1ecb t\u1ed1i \u0111aPh\u1ee5 ki\u1ec7n: C\u00f3 c\u00f2i an to\u00e0n","breadcrumb":{"@id":"https:\/\/scubadirectvietnam.com\/?product=phao-tonda#breadcrumb"},"inLanguage":"en-US","potentialAction":[{"@type":"ReadAction","target":["https:\/\/scubadirectvietnam.com\/?product=phao-tonda"]}]},{"@type":"ImageObject","inLanguage":"en-US","@id":"https:\/\/scubadirectvietnam.com\/?product=phao-tonda#primaryimage","url":"https:\/\/scubadirectvietnam.com\/wp-content\/uploads\/2023\/11\/tonda-800-2-scba-direct-vietnam-1.jpg","contentUrl":"https:\/\/scubadirectvietnam.com\/wp-content\/uploads\/2023\/11\/tonda-800-2-scba-direct-vietnam-1.jpg","width":800,"height":800},{"@type":"BreadcrumbList","@id":"https:\/\/scubadirectvietnam.com\/?product=phao-tonda#breadcrumb","itemListElement":[{"@type":"ListItem","position":1,"name":"Home","item":"https:\/\/scubadirectvietnam.com\/"},{"@type":"ListItem","position":2,"name":"SCUBA DIRECT VIETNAM ONLINE SHOP","item":"https:\/\/scubadirectvietnam.com\/?page_id=54530"},{"@type":"ListItem","position":3,"name":"PHAO TONDA"}]},{"@type":"WebSite","@id":"https:\/\/scubadirectvietnam.com\/#website","url":"https:\/\/scubadirectvietnam.com\/","name":"Scuba Direct Vietnam","description":"","publisher":{"@id":"https:\/\/scubadirectvietnam.com\/#organization"},"potentialAction":[{"@type":"SearchAction","target":{"@type":"EntryPoint","urlTemplate":"https:\/\/scubadirectvietnam.com\/?s={search_term_string}"},"query-input":{"@type":"PropertyValueSpecification","valueRequired":true,"valueName":"search_term_string"}}],"inLanguage":"en-US"},{"@type":"Organization","@id":"https:\/\/scubadirectvietnam.com\/#organization","name":"Scuba Direct Vietnam Cressi Online","url":"https:\/\/scubadirectvietnam.com\/","logo":{"@type":"ImageObject","inLanguage":"en-US","@id":"https:\/\/scubadirectvietnam.com\/#\/schema\/logo\/image\/","url":"https:\/\/scubadirectvietnam.com\/wp-content\/uploads\/2023\/11\/Scuba-Direct-Vietnam-Scuba-Gear_logo.png","contentUrl":"https:\/\/scubadirectvietnam.com\/wp-content\/uploads\/2023\/11\/Scuba-Direct-Vietnam-Scuba-Gear_logo.png","width":300,"height":90,"caption":"Scuba Direct Vietnam Cressi Online"},"image":{"@id":"https:\/\/scubadirectvietnam.com\/#\/schema\/logo\/image\/"},"sameAs":["https:\/\/www.facebook.com\/scubadirectvn"]}]}},"_links":{"self":[{"href":"https:\/\/scubadirectvietnam.com\/index.php?rest_route=\/wp\/v2\/product\/7543","targetHints":{"allow":["GET"]}}],"collection":[{"href":"https:\/\/scubadirectvietnam.com\/index.php?rest_route=\/wp\/v2\/product"}],"about":[{"href":"https:\/\/scubadirectvietnam.com\/index.php?rest_route=\/wp\/v2\/types\/product"}],"replies":[{"embeddable":true,"href":"https:\/\/scubadirectvietnam.com\/index.php?rest_route=%2Fwp%2Fv2%2Fcomments&post=7543"}],"version-history":[{"count":2,"href":"https:\/\/scubadirectvietnam.com\/index.php?rest_route=\/wp\/v2\/product\/7543\/revisions"}],"predecessor-version":[{"id":57913,"href":"https:\/\/scubadirectvietnam.com\/index.php?rest_route=\/wp\/v2\/product\/7543\/revisions\/57913"}],"wp:featuredmedia":[{"embeddable":true,"href":"https:\/\/scubadirectvietnam.com\/index.php?rest_route=\/wp\/v2\/media\/7544"}],"wp:attachment":[{"href":"https:\/\/scubadirectvietnam.com\/index.php?rest_route=%2Fwp%2Fv2%2Fmedia&parent=7543"}],"wp:term":[{"taxonomy":"product_brand","embeddable":true,"href":"https:\/\/scubadirectvietnam.com\/index.php?rest_route=%2Fwp%2Fv2%2Fproduct_brand&post=7543"},{"taxonomy":"product_cat","embeddable":true,"href":"https:\/\/scubadirectvietnam.com\/index.php?rest_route=%2Fwp%2Fv2%2Fproduct_cat&post=7543"},{"taxonomy":"product_tag","embeddable":true,"href":"https:\/\/scubadirectvietnam.com\/index.php?rest_route=%2Fwp%2Fv2%2Fproduct_tag&post=7543"}],"curies":[{"name":"wp","href":"https:\/\/api.w.org\/{rel}","templated":true}]}}