{"id":7534,"date":"2020-04-08T15:45:31","date_gmt":"2020-04-08T15:45:31","guid":{"rendered":"https:\/\/scubadirectvietnam.com\/new\/?post_type=product&#038;p=7534"},"modified":"2024-10-05T09:52:08","modified_gmt":"2024-10-05T03:52:08","slug":"phao-spyder-surface-board","status":"publish","type":"product","link":"https:\/\/scubadirectvietnam.com\/?product=phao-spyder-surface-board","title":{"rendered":"PHAO SPYDER SURFACE BOARD"},"content":{"rendered":"<p>Phao l\u00e0 m\u1ed9t c\u00f4ng c\u1ee5 h\u1eefu \u00edch cho spearfisher mu\u1ed1n mang theo c\u00e1c thi\u1ebft b\u1ecb v\u00e0 ph\u1ee5 ki\u1ec7n b\u1ed5 sung v\u00e0 n\u00f3 \u0111\u01b0\u1ee3c s\u1ea3n xu\u1ea5t v\u1edbi hai bu\u1ed3ng kh\u00ed b\u01a1m h\u01a1i b\u00ean trong l\u00e0m b\u1eb1ng nh\u1ef1a PVC b\u1ec1n. \u1ede m\u1ed9t \u0111\u1ea7u, b\u1ea1n c\u00f3 th\u1ec3 c\u1ed1 \u0111\u1ecbnh c\u1ed9t, v\u1edbi m\u1ed9t v\u00f2ng \u0111\u1ec7m b\u1eb1ng nh\u1ef1a cho c\u1edd l\u1eb7n. Ph\u1ea7n tr\u00ean c\u1ee7a phao c\u00f3 m\u00e0u \u0111\u1ecf t\u01b0\u01a1i, ph\u1ea7n d\u01b0\u1edbi m\u00e0u tr\u1eafng \u0111\u1ec3 gi\u1ea3m t\u1ea7m nh\u00ecn c\u1ee7a n\u00f3 v\u1edbi c\u00e1.<\/p>\n<p>Tr\u00ean \u0111\u1ec9nh phao c\u00f3 3 t\u00fai l\u1edbn, 10 v\u00f2ng ch\u1eef D v\u00e0 hai d\u00e2y \u0111ai Velcro c\u00f3 th\u1ec3 \u0111i\u1ec1u ch\u1ec9nh. C\u1ea5u tr\u00fac phao \u0111\u01b0\u1ee3c gia c\u1ed1 b\u1edfi m\u1ed9t d\u1ea3i d\u1ecdc v\u00e0 ba d\u1ea3i nylon vu\u00f4ng g\u00f3c. Ngo\u00e0i ra c\u00f2n c\u00f3 7 v\u00f2ng Velcro b\u00ean d\u01b0\u1edbi \u0111\u01b0\u1ee3c thi\u1ebft k\u1ebf \u0111\u1ec3 g\u1eafn t\u1ed1i \u0111a 3 kh\u1ea9u s\u00fang b\u1eafn c\u00e1 c\u00f9ng l\u00fac v\u00e0 4 m\u00f3c nh\u1ef1a. N\u00f3 \u0111i k\u00e8m v\u1edbi cu\u1ed9n d\u00e2y nylon d\u00e0i 20 m v\u1edbi hai m\u00f3c nh\u1ef1a.<\/p>\n<p>\u0110\u1eb7c tr\u01b0ng:<\/p>\n<ul>\n<li>T\u1ed5ng tr\u1ecdng l\u01b0\u1ee3ng 1500 g<\/li>\n<li>K\u00edch th\u01b0\u1edbc 60 x 32 x 4,5 cm<\/li>\n<li>C\u1edd d\u00e0i 40cm<\/li>\n<li>M\u00e0u \u0111\u1ecf t\u01b0\u01a1i cho t\u1ea7m nh\u00ecn t\u1ed1i \u0111a<\/li>\n<li>3 t\u00fai tr\u00ean \u0111\u1ec9nh phao \u0111\u1ec3 \u0111\u1ef1ng c\u00e1c v\u1eadt nh\u1ecf h\u01a1n<\/li>\n<\/ul>\n","protected":false},"excerpt":{"rendered":"<p>Phao l\u00e0 m\u1ed9t c\u00f4ng c\u1ee5 h\u1eefu \u00edch cho spearfisher mu\u1ed1n mang theo c\u00e1c thi\u1ebft b\u1ecb v\u00e0 ph\u1ee5 ki\u1ec7n b\u1ed5 sung v\u00e0 n\u00f3 \u0111\u01b0\u1ee3c s\u1ea3n xu\u1ea5t v\u1edbi hai bu\u1ed3ng kh\u00ed b\u01a1m h\u01a1i b\u00ean trong l\u00e0m b\u1eb1ng nh\u1ef1a PVC b\u1ec1n. \u1ede m\u1ed9t \u0111\u1ea7u, b\u1ea1n c\u00f3 th\u1ec3 c\u1ed1 \u0111\u1ecbnh c\u1ed9t, v\u1edbi m\u1ed9t v\u00f2ng \u0111\u1ec7m b\u1eb1ng nh\u1ef1a cho c\u1edd&hellip;<\/p>\n","protected":false},"featured_media":7535,"comment_status":"closed","ping_status":"closed","template":"","meta":[],"product_brand":[],"product_cat":[52],"product_tag":[367,523],"class_list":{"0":"post-7534","1":"product","2":"type-product","3":"status-publish","4":"has-post-thumbnail","6":"product_cat-phao-noi","7":"product_tag-freediving","8":"product_tag-phao-noi","9":"description-off","11":"first","12":"instock","13":"taxable","14":"shipping-taxable","15":"purchasable","16":"product-type-simple"},"yoast_head":"<!-- This site is optimized with the Yoast SEO plugin v27.4 - https:\/\/yoast.com\/product\/yoast-seo-wordpress\/ -->\n<title>PHAO SPYDER SURFACE BOARD - Scuba Direct Vietnam<\/title>\n<meta name=\"description\" content=\"Phao l\u00e0 m\u1ed9t c\u00f4ng c\u1ee5 h\u1eefu \u00edch cho spearfisher mu\u1ed1n mang theo c\u00e1c thi\u1ebft b\u1ecb v\u00e0 ph\u1ee5 ki\u1ec7n b\u1ed5 sung v\u00e0 n\u00f3 \u0111\u01b0\u1ee3c s\u1ea3n xu\u1ea5t v\u1edbi hai bu\u1ed3ng kh\u00ed b\u01a1m h\u01a1i b\u00ean trong\" \/>\n<meta name=\"robots\" content=\"index, follow, max-snippet:-1, max-image-preview:large, max-video-preview:-1\" \/>\n<link rel=\"canonical\" href=\"https:\/\/scubadirectvietnam.com\/?product=phao-spyder-surface-board\" \/>\n<meta property=\"og:locale\" content=\"en_US\" \/>\n<meta property=\"og:type\" content=\"article\" \/>\n<meta property=\"og:title\" content=\"PHAO SPYDER SURFACE BOARD - Scuba Direct Vietnam\" \/>\n<meta property=\"og:description\" content=\"Phao l\u00e0 m\u1ed9t c\u00f4ng c\u1ee5 h\u1eefu \u00edch cho spearfisher mu\u1ed1n mang theo c\u00e1c thi\u1ebft b\u1ecb v\u00e0 ph\u1ee5 ki\u1ec7n b\u1ed5 sung v\u00e0 n\u00f3 \u0111\u01b0\u1ee3c s\u1ea3n xu\u1ea5t v\u1edbi hai bu\u1ed3ng kh\u00ed b\u01a1m h\u01a1i b\u00ean trong\" \/>\n<meta property=\"og:url\" content=\"https:\/\/scubadirectvietnam.com\/?product=phao-spyder-surface-board\" \/>\n<meta property=\"og:site_name\" content=\"Scuba Direct Vietnam\" \/>\n<meta property=\"article:publisher\" content=\"https:\/\/www.facebook.com\/scubadirectvn\" \/>\n<meta property=\"article:modified_time\" content=\"2024-10-05T03:52:08+00:00\" \/>\n<meta property=\"og:image\" content=\"https:\/\/scubadirectvietnam.com\/wp-content\/uploads\/2023\/11\/spyder-surface-board-800-1-scuba-direct-vietnam-1.jpg\" \/>\n\t<meta property=\"og:image:width\" content=\"800\" \/>\n\t<meta property=\"og:image:height\" content=\"800\" \/>\n\t<meta property=\"og:image:type\" content=\"image\/jpeg\" \/>\n<meta name=\"twitter:card\" content=\"summary_large_image\" \/>\n<meta name=\"twitter:label1\" content=\"Est. reading time\" \/>\n\t<meta name=\"twitter:data1\" content=\"2 minutes\" \/>\n<script type=\"application\/ld+json\" class=\"yoast-schema-graph\">{\"@context\":\"https:\\\/\\\/schema.org\",\"@graph\":[{\"@type\":\"WebPage\",\"@id\":\"https:\\\/\\\/scubadirectvietnam.com\\\/?product=phao-spyder-surface-board\",\"url\":\"https:\\\/\\\/scubadirectvietnam.com\\\/?product=phao-spyder-surface-board\",\"name\":\"PHAO SPYDER SURFACE BOARD - Scuba Direct Vietnam\",\"isPartOf\":{\"@id\":\"https:\\\/\\\/scubadirectvietnam.com\\\/#website\"},\"primaryImageOfPage\":{\"@id\":\"https:\\\/\\\/scubadirectvietnam.com\\\/?product=phao-spyder-surface-board#primaryimage\"},\"image\":{\"@id\":\"https:\\\/\\\/scubadirectvietnam.com\\\/?product=phao-spyder-surface-board#primaryimage\"},\"thumbnailUrl\":\"https:\\\/\\\/scubadirectvietnam.com\\\/wp-content\\\/uploads\\\/2023\\\/11\\\/spyder-surface-board-800-1-scuba-direct-vietnam-1.jpg\",\"datePublished\":\"2020-04-08T15:45:31+00:00\",\"dateModified\":\"2024-10-05T03:52:08+00:00\",\"description\":\"Phao l\u00e0 m\u1ed9t c\u00f4ng c\u1ee5 h\u1eefu \u00edch cho spearfisher mu\u1ed1n mang theo c\u00e1c thi\u1ebft b\u1ecb v\u00e0 ph\u1ee5 ki\u1ec7n b\u1ed5 sung v\u00e0 n\u00f3 \u0111\u01b0\u1ee3c s\u1ea3n xu\u1ea5t v\u1edbi hai bu\u1ed3ng kh\u00ed b\u01a1m h\u01a1i b\u00ean trong\",\"breadcrumb\":{\"@id\":\"https:\\\/\\\/scubadirectvietnam.com\\\/?product=phao-spyder-surface-board#breadcrumb\"},\"inLanguage\":\"en-US\",\"potentialAction\":[{\"@type\":\"ReadAction\",\"target\":[\"https:\\\/\\\/scubadirectvietnam.com\\\/?product=phao-spyder-surface-board\"]}]},{\"@type\":\"ImageObject\",\"inLanguage\":\"en-US\",\"@id\":\"https:\\\/\\\/scubadirectvietnam.com\\\/?product=phao-spyder-surface-board#primaryimage\",\"url\":\"https:\\\/\\\/scubadirectvietnam.com\\\/wp-content\\\/uploads\\\/2023\\\/11\\\/spyder-surface-board-800-1-scuba-direct-vietnam-1.jpg\",\"contentUrl\":\"https:\\\/\\\/scubadirectvietnam.com\\\/wp-content\\\/uploads\\\/2023\\\/11\\\/spyder-surface-board-800-1-scuba-direct-vietnam-1.jpg\",\"width\":800,\"height\":800},{\"@type\":\"BreadcrumbList\",\"@id\":\"https:\\\/\\\/scubadirectvietnam.com\\\/?product=phao-spyder-surface-board#breadcrumb\",\"itemListElement\":[{\"@type\":\"ListItem\",\"position\":1,\"name\":\"Home\",\"item\":\"https:\\\/\\\/scubadirectvietnam.com\\\/\"},{\"@type\":\"ListItem\",\"position\":2,\"name\":\"SCUBA DIRECT VIETNAM ONLINE SHOP\",\"item\":\"https:\\\/\\\/scubadirectvietnam.com\\\/?page_id=54530\"},{\"@type\":\"ListItem\",\"position\":3,\"name\":\"PHAO SPYDER SURFACE BOARD\"}]},{\"@type\":\"WebSite\",\"@id\":\"https:\\\/\\\/scubadirectvietnam.com\\\/#website\",\"url\":\"https:\\\/\\\/scubadirectvietnam.com\\\/\",\"name\":\"Scuba Direct Vietnam\",\"description\":\"\",\"publisher\":{\"@id\":\"https:\\\/\\\/scubadirectvietnam.com\\\/#organization\"},\"potentialAction\":[{\"@type\":\"SearchAction\",\"target\":{\"@type\":\"EntryPoint\",\"urlTemplate\":\"https:\\\/\\\/scubadirectvietnam.com\\\/?s={search_term_string}\"},\"query-input\":{\"@type\":\"PropertyValueSpecification\",\"valueRequired\":true,\"valueName\":\"search_term_string\"}}],\"inLanguage\":\"en-US\"},{\"@type\":\"Organization\",\"@id\":\"https:\\\/\\\/scubadirectvietnam.com\\\/#organization\",\"name\":\"Scuba Direct Vietnam Cressi Online\",\"url\":\"https:\\\/\\\/scubadirectvietnam.com\\\/\",\"logo\":{\"@type\":\"ImageObject\",\"inLanguage\":\"en-US\",\"@id\":\"https:\\\/\\\/scubadirectvietnam.com\\\/#\\\/schema\\\/logo\\\/image\\\/\",\"url\":\"https:\\\/\\\/scubadirectvietnam.com\\\/wp-content\\\/uploads\\\/2023\\\/11\\\/Scuba-Direct-Vietnam-Scuba-Gear_logo.png\",\"contentUrl\":\"https:\\\/\\\/scubadirectvietnam.com\\\/wp-content\\\/uploads\\\/2023\\\/11\\\/Scuba-Direct-Vietnam-Scuba-Gear_logo.png\",\"width\":300,\"height\":90,\"caption\":\"Scuba Direct Vietnam Cressi Online\"},\"image\":{\"@id\":\"https:\\\/\\\/scubadirectvietnam.com\\\/#\\\/schema\\\/logo\\\/image\\\/\"},\"sameAs\":[\"https:\\\/\\\/www.facebook.com\\\/scubadirectvn\"]}]}<\/script>\n<!-- \/ Yoast SEO plugin. -->","yoast_head_json":{"title":"PHAO SPYDER SURFACE BOARD - Scuba Direct Vietnam","description":"Phao l\u00e0 m\u1ed9t c\u00f4ng c\u1ee5 h\u1eefu \u00edch cho spearfisher mu\u1ed1n mang theo c\u00e1c thi\u1ebft b\u1ecb v\u00e0 ph\u1ee5 ki\u1ec7n b\u1ed5 sung v\u00e0 n\u00f3 \u0111\u01b0\u1ee3c s\u1ea3n xu\u1ea5t v\u1edbi hai bu\u1ed3ng kh\u00ed b\u01a1m h\u01a1i b\u00ean trong","robots":{"index":"index","follow":"follow","max-snippet":"max-snippet:-1","max-image-preview":"max-image-preview:large","max-video-preview":"max-video-preview:-1"},"canonical":"https:\/\/scubadirectvietnam.com\/?product=phao-spyder-surface-board","og_locale":"en_US","og_type":"article","og_title":"PHAO SPYDER SURFACE BOARD - Scuba Direct Vietnam","og_description":"Phao l\u00e0 m\u1ed9t c\u00f4ng c\u1ee5 h\u1eefu \u00edch cho spearfisher mu\u1ed1n mang theo c\u00e1c thi\u1ebft b\u1ecb v\u00e0 ph\u1ee5 ki\u1ec7n b\u1ed5 sung v\u00e0 n\u00f3 \u0111\u01b0\u1ee3c s\u1ea3n xu\u1ea5t v\u1edbi hai bu\u1ed3ng kh\u00ed b\u01a1m h\u01a1i b\u00ean trong","og_url":"https:\/\/scubadirectvietnam.com\/?product=phao-spyder-surface-board","og_site_name":"Scuba Direct Vietnam","article_publisher":"https:\/\/www.facebook.com\/scubadirectvn","article_modified_time":"2024-10-05T03:52:08+00:00","og_image":[{"width":800,"height":800,"url":"https:\/\/scubadirectvietnam.com\/wp-content\/uploads\/2023\/11\/spyder-surface-board-800-1-scuba-direct-vietnam-1.jpg","type":"image\/jpeg"}],"twitter_card":"summary_large_image","twitter_misc":{"Est. reading time":"2 minutes"},"schema":{"@context":"https:\/\/schema.org","@graph":[{"@type":"WebPage","@id":"https:\/\/scubadirectvietnam.com\/?product=phao-spyder-surface-board","url":"https:\/\/scubadirectvietnam.com\/?product=phao-spyder-surface-board","name":"PHAO SPYDER SURFACE BOARD - Scuba Direct Vietnam","isPartOf":{"@id":"https:\/\/scubadirectvietnam.com\/#website"},"primaryImageOfPage":{"@id":"https:\/\/scubadirectvietnam.com\/?product=phao-spyder-surface-board#primaryimage"},"image":{"@id":"https:\/\/scubadirectvietnam.com\/?product=phao-spyder-surface-board#primaryimage"},"thumbnailUrl":"https:\/\/scubadirectvietnam.com\/wp-content\/uploads\/2023\/11\/spyder-surface-board-800-1-scuba-direct-vietnam-1.jpg","datePublished":"2020-04-08T15:45:31+00:00","dateModified":"2024-10-05T03:52:08+00:00","description":"Phao l\u00e0 m\u1ed9t c\u00f4ng c\u1ee5 h\u1eefu \u00edch cho spearfisher mu\u1ed1n mang theo c\u00e1c thi\u1ebft b\u1ecb v\u00e0 ph\u1ee5 ki\u1ec7n b\u1ed5 sung v\u00e0 n\u00f3 \u0111\u01b0\u1ee3c s\u1ea3n xu\u1ea5t v\u1edbi hai bu\u1ed3ng kh\u00ed b\u01a1m h\u01a1i b\u00ean trong","breadcrumb":{"@id":"https:\/\/scubadirectvietnam.com\/?product=phao-spyder-surface-board#breadcrumb"},"inLanguage":"en-US","potentialAction":[{"@type":"ReadAction","target":["https:\/\/scubadirectvietnam.com\/?product=phao-spyder-surface-board"]}]},{"@type":"ImageObject","inLanguage":"en-US","@id":"https:\/\/scubadirectvietnam.com\/?product=phao-spyder-surface-board#primaryimage","url":"https:\/\/scubadirectvietnam.com\/wp-content\/uploads\/2023\/11\/spyder-surface-board-800-1-scuba-direct-vietnam-1.jpg","contentUrl":"https:\/\/scubadirectvietnam.com\/wp-content\/uploads\/2023\/11\/spyder-surface-board-800-1-scuba-direct-vietnam-1.jpg","width":800,"height":800},{"@type":"BreadcrumbList","@id":"https:\/\/scubadirectvietnam.com\/?product=phao-spyder-surface-board#breadcrumb","itemListElement":[{"@type":"ListItem","position":1,"name":"Home","item":"https:\/\/scubadirectvietnam.com\/"},{"@type":"ListItem","position":2,"name":"SCUBA DIRECT VIETNAM ONLINE SHOP","item":"https:\/\/scubadirectvietnam.com\/?page_id=54530"},{"@type":"ListItem","position":3,"name":"PHAO SPYDER SURFACE BOARD"}]},{"@type":"WebSite","@id":"https:\/\/scubadirectvietnam.com\/#website","url":"https:\/\/scubadirectvietnam.com\/","name":"Scuba Direct Vietnam","description":"","publisher":{"@id":"https:\/\/scubadirectvietnam.com\/#organization"},"potentialAction":[{"@type":"SearchAction","target":{"@type":"EntryPoint","urlTemplate":"https:\/\/scubadirectvietnam.com\/?s={search_term_string}"},"query-input":{"@type":"PropertyValueSpecification","valueRequired":true,"valueName":"search_term_string"}}],"inLanguage":"en-US"},{"@type":"Organization","@id":"https:\/\/scubadirectvietnam.com\/#organization","name":"Scuba Direct Vietnam Cressi Online","url":"https:\/\/scubadirectvietnam.com\/","logo":{"@type":"ImageObject","inLanguage":"en-US","@id":"https:\/\/scubadirectvietnam.com\/#\/schema\/logo\/image\/","url":"https:\/\/scubadirectvietnam.com\/wp-content\/uploads\/2023\/11\/Scuba-Direct-Vietnam-Scuba-Gear_logo.png","contentUrl":"https:\/\/scubadirectvietnam.com\/wp-content\/uploads\/2023\/11\/Scuba-Direct-Vietnam-Scuba-Gear_logo.png","width":300,"height":90,"caption":"Scuba Direct Vietnam Cressi Online"},"image":{"@id":"https:\/\/scubadirectvietnam.com\/#\/schema\/logo\/image\/"},"sameAs":["https:\/\/www.facebook.com\/scubadirectvn"]}]}},"_links":{"self":[{"href":"https:\/\/scubadirectvietnam.com\/index.php?rest_route=\/wp\/v2\/product\/7534","targetHints":{"allow":["GET"]}}],"collection":[{"href":"https:\/\/scubadirectvietnam.com\/index.php?rest_route=\/wp\/v2\/product"}],"about":[{"href":"https:\/\/scubadirectvietnam.com\/index.php?rest_route=\/wp\/v2\/types\/product"}],"replies":[{"embeddable":true,"href":"https:\/\/scubadirectvietnam.com\/index.php?rest_route=%2Fwp%2Fv2%2Fcomments&post=7534"}],"version-history":[{"count":2,"href":"https:\/\/scubadirectvietnam.com\/index.php?rest_route=\/wp\/v2\/product\/7534\/revisions"}],"predecessor-version":[{"id":57905,"href":"https:\/\/scubadirectvietnam.com\/index.php?rest_route=\/wp\/v2\/product\/7534\/revisions\/57905"}],"wp:featuredmedia":[{"embeddable":true,"href":"https:\/\/scubadirectvietnam.com\/index.php?rest_route=\/wp\/v2\/media\/7535"}],"wp:attachment":[{"href":"https:\/\/scubadirectvietnam.com\/index.php?rest_route=%2Fwp%2Fv2%2Fmedia&parent=7534"}],"wp:term":[{"taxonomy":"product_brand","embeddable":true,"href":"https:\/\/scubadirectvietnam.com\/index.php?rest_route=%2Fwp%2Fv2%2Fproduct_brand&post=7534"},{"taxonomy":"product_cat","embeddable":true,"href":"https:\/\/scubadirectvietnam.com\/index.php?rest_route=%2Fwp%2Fv2%2Fproduct_cat&post=7534"},{"taxonomy":"product_tag","embeddable":true,"href":"https:\/\/scubadirectvietnam.com\/index.php?rest_route=%2Fwp%2Fv2%2Fproduct_tag&post=7534"}],"curies":[{"name":"wp","href":"https:\/\/api.w.org\/{rel}","templated":true}]}}