{"id":58774,"date":"2025-11-15T15:44:24","date_gmt":"2025-11-15T09:44:24","guid":{"rendered":"https:\/\/scubadirectvietnam.com\/?post_type=product&#038;p=58774"},"modified":"2026-02-28T19:08:45","modified_gmt":"2026-02-28T13:08:45","slug":"gang-tay-lan-high-stretch-5mm-2","status":"publish","type":"product","link":"https:\/\/scubadirectvietnam.com\/?product=gang-tay-lan-high-stretch-5mm-2","title":{"rendered":"G\u0102NG TAY L\u1eb6N HIGH STRETCH 5mm"},"content":{"rendered":"","protected":false},"excerpt":{"rendered":"<p>G\u0103ng tay 5 ng\u00f3n l\u00e0m t\u1eeb ch\u1ea5t li\u1ec7u neoprene m\u1ec1m, co gi\u00e3n cao, m\u1ed9t l\u1edbp l\u00f3t. M\u1eb7t trong \u0111\u01b0\u1ee3c ph\u1ee7 metallite gi\u00fap d\u1ec5 d\u00e0ng \u0111eo v\u00e0o. H\u00ecnh d\u1ea1ng \u0111\u01b0\u1ee3c \u0111\u1ecbnh h\u00ecnh tr\u01b0\u1edbc gi\u00fap gi\u1eef nguy\u00ean t\u01b0 th\u1ebf t\u1ef1 nhi\u00ean c\u1ee7a b\u00e0n tay, v\u1edbi c\u00e1c ng\u00f3n tay h\u01a1i cong. To\u00e0n b\u1ed9 b\u1ec1 m\u1eb7t \u0111\u01b0\u1ee3c ph\u1ee7 l\u1edbp ch\u1ed1ng tr\u01b0\u1ee3t \u0111\u1ec3 c\u00f3 \u0111\u1ed9 b\u00e1m ch\u1eafc ch\u1eafn trong m\u1ecdi t\u00ecnh hu\u1ed1ng<\/p>\n","protected":false},"featured_media":58560,"comment_status":"open","ping_status":"closed","template":"","meta":[],"product_brand":[],"product_cat":[115],"product_tag":[],"class_list":{"0":"post-58774","1":"product","2":"type-product","3":"status-publish","4":"has-post-thumbnail","6":"product_cat-gang-tay-tat-lan","7":"description-off","9":"first","10":"instock","11":"taxable","12":"shipping-taxable","13":"purchasable","14":"product-type-simple"},"yoast_head":"<!-- This site is optimized with the Yoast SEO plugin v27.4 - https:\/\/yoast.com\/product\/yoast-seo-wordpress\/ -->\n<title>G\u0102NG TAY L\u1eb6N HIGH STRETCH 5mm - Scuba Direct Vietnam<\/title>\n<meta name=\"robots\" content=\"index, follow, max-snippet:-1, max-image-preview:large, max-video-preview:-1\" \/>\n<link rel=\"canonical\" href=\"https:\/\/scubadirectvietnam.com\/?product=gang-tay-lan-high-stretch-5mm-2\" \/>\n<meta property=\"og:locale\" content=\"en_US\" \/>\n<meta property=\"og:type\" content=\"article\" \/>\n<meta property=\"og:title\" content=\"G\u0102NG TAY L\u1eb6N HIGH STRETCH 5mm - Scuba Direct Vietnam\" \/>\n<meta property=\"og:description\" content=\"G\u0103ng tay 5 ng\u00f3n l\u00e0m t\u1eeb ch\u1ea5t li\u1ec7u neoprene m\u1ec1m, co gi\u00e3n cao, m\u1ed9t l\u1edbp l\u00f3t. M\u1eb7t trong \u0111\u01b0\u1ee3c ph\u1ee7 metallite gi\u00fap d\u1ec5 d\u00e0ng \u0111eo v\u00e0o. H\u00ecnh d\u1ea1ng \u0111\u01b0\u1ee3c \u0111\u1ecbnh h\u00ecnh tr\u01b0\u1edbc gi\u00fap gi\u1eef nguy\u00ean t\u01b0 th\u1ebf t\u1ef1 nhi\u00ean c\u1ee7a b\u00e0n tay, v\u1edbi c\u00e1c ng\u00f3n tay h\u01a1i cong. To\u00e0n b\u1ed9 b\u1ec1 m\u1eb7t \u0111\u01b0\u1ee3c ph\u1ee7 l\u1edbp ch\u1ed1ng tr\u01b0\u1ee3t \u0111\u1ec3 c\u00f3 \u0111\u1ed9 b\u00e1m ch\u1eafc ch\u1eafn trong m\u1ecdi t\u00ecnh hu\u1ed1ng\" \/>\n<meta property=\"og:url\" content=\"https:\/\/scubadirectvietnam.com\/?product=gang-tay-lan-high-stretch-5mm-2\" \/>\n<meta property=\"og:site_name\" content=\"Scuba Direct Vietnam\" \/>\n<meta property=\"article:publisher\" content=\"https:\/\/www.facebook.com\/scubadirectvn\" \/>\n<meta property=\"article:modified_time\" content=\"2026-02-28T13:08:45+00:00\" \/>\n<meta property=\"og:image\" content=\"https:\/\/scubadirectvietnam.com\/wp-content\/uploads\/2025\/05\/High_Stretch_Gloves_Lx475700-SDV-900-1.jpg\" \/>\n\t<meta property=\"og:image:width\" content=\"900\" \/>\n\t<meta property=\"og:image:height\" content=\"900\" \/>\n\t<meta property=\"og:image:type\" content=\"image\/jpeg\" \/>\n<meta name=\"twitter:card\" content=\"summary_large_image\" \/>\n<meta name=\"twitter:label1\" content=\"Est. reading time\" \/>\n\t<meta name=\"twitter:data1\" content=\"1 minute\" \/>\n<script type=\"application\/ld+json\" class=\"yoast-schema-graph\">{\"@context\":\"https:\\\/\\\/schema.org\",\"@graph\":[{\"@type\":\"WebPage\",\"@id\":\"https:\\\/\\\/scubadirectvietnam.com\\\/?product=gang-tay-lan-high-stretch-5mm-2\",\"url\":\"https:\\\/\\\/scubadirectvietnam.com\\\/?product=gang-tay-lan-high-stretch-5mm-2\",\"name\":\"G\u0102NG TAY L\u1eb6N HIGH STRETCH 5mm - Scuba Direct Vietnam\",\"isPartOf\":{\"@id\":\"https:\\\/\\\/scubadirectvietnam.com\\\/#website\"},\"primaryImageOfPage\":{\"@id\":\"https:\\\/\\\/scubadirectvietnam.com\\\/?product=gang-tay-lan-high-stretch-5mm-2#primaryimage\"},\"image\":{\"@id\":\"https:\\\/\\\/scubadirectvietnam.com\\\/?product=gang-tay-lan-high-stretch-5mm-2#primaryimage\"},\"thumbnailUrl\":\"https:\\\/\\\/scubadirectvietnam.com\\\/wp-content\\\/uploads\\\/2025\\\/05\\\/High_Stretch_Gloves_Lx475700-SDV-900-1.jpg\",\"datePublished\":\"2025-11-15T09:44:24+00:00\",\"dateModified\":\"2026-02-28T13:08:45+00:00\",\"breadcrumb\":{\"@id\":\"https:\\\/\\\/scubadirectvietnam.com\\\/?product=gang-tay-lan-high-stretch-5mm-2#breadcrumb\"},\"inLanguage\":\"en-US\",\"potentialAction\":[{\"@type\":\"ReadAction\",\"target\":[\"https:\\\/\\\/scubadirectvietnam.com\\\/?product=gang-tay-lan-high-stretch-5mm-2\"]}]},{\"@type\":\"ImageObject\",\"inLanguage\":\"en-US\",\"@id\":\"https:\\\/\\\/scubadirectvietnam.com\\\/?product=gang-tay-lan-high-stretch-5mm-2#primaryimage\",\"url\":\"https:\\\/\\\/scubadirectvietnam.com\\\/wp-content\\\/uploads\\\/2025\\\/05\\\/High_Stretch_Gloves_Lx475700-SDV-900-1.jpg\",\"contentUrl\":\"https:\\\/\\\/scubadirectvietnam.com\\\/wp-content\\\/uploads\\\/2025\\\/05\\\/High_Stretch_Gloves_Lx475700-SDV-900-1.jpg\",\"width\":900,\"height\":900},{\"@type\":\"BreadcrumbList\",\"@id\":\"https:\\\/\\\/scubadirectvietnam.com\\\/?product=gang-tay-lan-high-stretch-5mm-2#breadcrumb\",\"itemListElement\":[{\"@type\":\"ListItem\",\"position\":1,\"name\":\"Home\",\"item\":\"https:\\\/\\\/scubadirectvietnam.com\\\/\"},{\"@type\":\"ListItem\",\"position\":2,\"name\":\"SCUBA DIRECT VIETNAM ONLINE SHOP\",\"item\":\"https:\\\/\\\/scubadirectvietnam.com\\\/?page_id=54530\"},{\"@type\":\"ListItem\",\"position\":3,\"name\":\"G\u0102NG TAY L\u1eb6N HIGH STRETCH 5mm\"}]},{\"@type\":\"WebSite\",\"@id\":\"https:\\\/\\\/scubadirectvietnam.com\\\/#website\",\"url\":\"https:\\\/\\\/scubadirectvietnam.com\\\/\",\"name\":\"Scuba Direct Vietnam\",\"description\":\"\",\"publisher\":{\"@id\":\"https:\\\/\\\/scubadirectvietnam.com\\\/#organization\"},\"potentialAction\":[{\"@type\":\"SearchAction\",\"target\":{\"@type\":\"EntryPoint\",\"urlTemplate\":\"https:\\\/\\\/scubadirectvietnam.com\\\/?s={search_term_string}\"},\"query-input\":{\"@type\":\"PropertyValueSpecification\",\"valueRequired\":true,\"valueName\":\"search_term_string\"}}],\"inLanguage\":\"en-US\"},{\"@type\":\"Organization\",\"@id\":\"https:\\\/\\\/scubadirectvietnam.com\\\/#organization\",\"name\":\"Scuba Direct Vietnam Cressi Online\",\"url\":\"https:\\\/\\\/scubadirectvietnam.com\\\/\",\"logo\":{\"@type\":\"ImageObject\",\"inLanguage\":\"en-US\",\"@id\":\"https:\\\/\\\/scubadirectvietnam.com\\\/#\\\/schema\\\/logo\\\/image\\\/\",\"url\":\"https:\\\/\\\/scubadirectvietnam.com\\\/wp-content\\\/uploads\\\/2023\\\/11\\\/Scuba-Direct-Vietnam-Scuba-Gear_logo.png\",\"contentUrl\":\"https:\\\/\\\/scubadirectvietnam.com\\\/wp-content\\\/uploads\\\/2023\\\/11\\\/Scuba-Direct-Vietnam-Scuba-Gear_logo.png\",\"width\":300,\"height\":90,\"caption\":\"Scuba Direct Vietnam Cressi Online\"},\"image\":{\"@id\":\"https:\\\/\\\/scubadirectvietnam.com\\\/#\\\/schema\\\/logo\\\/image\\\/\"},\"sameAs\":[\"https:\\\/\\\/www.facebook.com\\\/scubadirectvn\"]}]}<\/script>\n<!-- \/ Yoast SEO plugin. -->","yoast_head_json":{"title":"G\u0102NG TAY L\u1eb6N HIGH STRETCH 5mm - Scuba Direct Vietnam","robots":{"index":"index","follow":"follow","max-snippet":"max-snippet:-1","max-image-preview":"max-image-preview:large","max-video-preview":"max-video-preview:-1"},"canonical":"https:\/\/scubadirectvietnam.com\/?product=gang-tay-lan-high-stretch-5mm-2","og_locale":"en_US","og_type":"article","og_title":"G\u0102NG TAY L\u1eb6N HIGH STRETCH 5mm - Scuba Direct Vietnam","og_description":"G\u0103ng tay 5 ng\u00f3n l\u00e0m t\u1eeb ch\u1ea5t li\u1ec7u neoprene m\u1ec1m, co gi\u00e3n cao, m\u1ed9t l\u1edbp l\u00f3t. M\u1eb7t trong \u0111\u01b0\u1ee3c ph\u1ee7 metallite gi\u00fap d\u1ec5 d\u00e0ng \u0111eo v\u00e0o. H\u00ecnh d\u1ea1ng \u0111\u01b0\u1ee3c \u0111\u1ecbnh h\u00ecnh tr\u01b0\u1edbc gi\u00fap gi\u1eef nguy\u00ean t\u01b0 th\u1ebf t\u1ef1 nhi\u00ean c\u1ee7a b\u00e0n tay, v\u1edbi c\u00e1c ng\u00f3n tay h\u01a1i cong. To\u00e0n b\u1ed9 b\u1ec1 m\u1eb7t \u0111\u01b0\u1ee3c ph\u1ee7 l\u1edbp ch\u1ed1ng tr\u01b0\u1ee3t \u0111\u1ec3 c\u00f3 \u0111\u1ed9 b\u00e1m ch\u1eafc ch\u1eafn trong m\u1ecdi t\u00ecnh hu\u1ed1ng","og_url":"https:\/\/scubadirectvietnam.com\/?product=gang-tay-lan-high-stretch-5mm-2","og_site_name":"Scuba Direct Vietnam","article_publisher":"https:\/\/www.facebook.com\/scubadirectvn","article_modified_time":"2026-02-28T13:08:45+00:00","og_image":[{"width":900,"height":900,"url":"https:\/\/scubadirectvietnam.com\/wp-content\/uploads\/2025\/05\/High_Stretch_Gloves_Lx475700-SDV-900-1.jpg","type":"image\/jpeg"}],"twitter_card":"summary_large_image","twitter_misc":{"Est. reading time":"1 minute"},"schema":{"@context":"https:\/\/schema.org","@graph":[{"@type":"WebPage","@id":"https:\/\/scubadirectvietnam.com\/?product=gang-tay-lan-high-stretch-5mm-2","url":"https:\/\/scubadirectvietnam.com\/?product=gang-tay-lan-high-stretch-5mm-2","name":"G\u0102NG TAY L\u1eb6N HIGH STRETCH 5mm - Scuba Direct Vietnam","isPartOf":{"@id":"https:\/\/scubadirectvietnam.com\/#website"},"primaryImageOfPage":{"@id":"https:\/\/scubadirectvietnam.com\/?product=gang-tay-lan-high-stretch-5mm-2#primaryimage"},"image":{"@id":"https:\/\/scubadirectvietnam.com\/?product=gang-tay-lan-high-stretch-5mm-2#primaryimage"},"thumbnailUrl":"https:\/\/scubadirectvietnam.com\/wp-content\/uploads\/2025\/05\/High_Stretch_Gloves_Lx475700-SDV-900-1.jpg","datePublished":"2025-11-15T09:44:24+00:00","dateModified":"2026-02-28T13:08:45+00:00","breadcrumb":{"@id":"https:\/\/scubadirectvietnam.com\/?product=gang-tay-lan-high-stretch-5mm-2#breadcrumb"},"inLanguage":"en-US","potentialAction":[{"@type":"ReadAction","target":["https:\/\/scubadirectvietnam.com\/?product=gang-tay-lan-high-stretch-5mm-2"]}]},{"@type":"ImageObject","inLanguage":"en-US","@id":"https:\/\/scubadirectvietnam.com\/?product=gang-tay-lan-high-stretch-5mm-2#primaryimage","url":"https:\/\/scubadirectvietnam.com\/wp-content\/uploads\/2025\/05\/High_Stretch_Gloves_Lx475700-SDV-900-1.jpg","contentUrl":"https:\/\/scubadirectvietnam.com\/wp-content\/uploads\/2025\/05\/High_Stretch_Gloves_Lx475700-SDV-900-1.jpg","width":900,"height":900},{"@type":"BreadcrumbList","@id":"https:\/\/scubadirectvietnam.com\/?product=gang-tay-lan-high-stretch-5mm-2#breadcrumb","itemListElement":[{"@type":"ListItem","position":1,"name":"Home","item":"https:\/\/scubadirectvietnam.com\/"},{"@type":"ListItem","position":2,"name":"SCUBA DIRECT VIETNAM ONLINE SHOP","item":"https:\/\/scubadirectvietnam.com\/?page_id=54530"},{"@type":"ListItem","position":3,"name":"G\u0102NG TAY L\u1eb6N HIGH STRETCH 5mm"}]},{"@type":"WebSite","@id":"https:\/\/scubadirectvietnam.com\/#website","url":"https:\/\/scubadirectvietnam.com\/","name":"Scuba Direct Vietnam","description":"","publisher":{"@id":"https:\/\/scubadirectvietnam.com\/#organization"},"potentialAction":[{"@type":"SearchAction","target":{"@type":"EntryPoint","urlTemplate":"https:\/\/scubadirectvietnam.com\/?s={search_term_string}"},"query-input":{"@type":"PropertyValueSpecification","valueRequired":true,"valueName":"search_term_string"}}],"inLanguage":"en-US"},{"@type":"Organization","@id":"https:\/\/scubadirectvietnam.com\/#organization","name":"Scuba Direct Vietnam Cressi Online","url":"https:\/\/scubadirectvietnam.com\/","logo":{"@type":"ImageObject","inLanguage":"en-US","@id":"https:\/\/scubadirectvietnam.com\/#\/schema\/logo\/image\/","url":"https:\/\/scubadirectvietnam.com\/wp-content\/uploads\/2023\/11\/Scuba-Direct-Vietnam-Scuba-Gear_logo.png","contentUrl":"https:\/\/scubadirectvietnam.com\/wp-content\/uploads\/2023\/11\/Scuba-Direct-Vietnam-Scuba-Gear_logo.png","width":300,"height":90,"caption":"Scuba Direct Vietnam Cressi Online"},"image":{"@id":"https:\/\/scubadirectvietnam.com\/#\/schema\/logo\/image\/"},"sameAs":["https:\/\/www.facebook.com\/scubadirectvn"]}]}},"_links":{"self":[{"href":"https:\/\/scubadirectvietnam.com\/index.php?rest_route=\/wp\/v2\/product\/58774","targetHints":{"allow":["GET"]}}],"collection":[{"href":"https:\/\/scubadirectvietnam.com\/index.php?rest_route=\/wp\/v2\/product"}],"about":[{"href":"https:\/\/scubadirectvietnam.com\/index.php?rest_route=\/wp\/v2\/types\/product"}],"replies":[{"embeddable":true,"href":"https:\/\/scubadirectvietnam.com\/index.php?rest_route=%2Fwp%2Fv2%2Fcomments&post=58774"}],"version-history":[{"count":1,"href":"https:\/\/scubadirectvietnam.com\/index.php?rest_route=\/wp\/v2\/product\/58774\/revisions"}],"predecessor-version":[{"id":58775,"href":"https:\/\/scubadirectvietnam.com\/index.php?rest_route=\/wp\/v2\/product\/58774\/revisions\/58775"}],"wp:featuredmedia":[{"embeddable":true,"href":"https:\/\/scubadirectvietnam.com\/index.php?rest_route=\/wp\/v2\/media\/58560"}],"wp:attachment":[{"href":"https:\/\/scubadirectvietnam.com\/index.php?rest_route=%2Fwp%2Fv2%2Fmedia&parent=58774"}],"wp:term":[{"taxonomy":"product_brand","embeddable":true,"href":"https:\/\/scubadirectvietnam.com\/index.php?rest_route=%2Fwp%2Fv2%2Fproduct_brand&post=58774"},{"taxonomy":"product_cat","embeddable":true,"href":"https:\/\/scubadirectvietnam.com\/index.php?rest_route=%2Fwp%2Fv2%2Fproduct_cat&post=58774"},{"taxonomy":"product_tag","embeddable":true,"href":"https:\/\/scubadirectvietnam.com\/index.php?rest_route=%2Fwp%2Fv2%2Fproduct_tag&post=58774"}],"curies":[{"name":"wp","href":"https:\/\/api.w.org\/{rel}","templated":true}]}}