{"id":58655,"date":"2025-08-08T15:52:40","date_gmt":"2025-08-08T09:52:40","guid":{"rendered":"https:\/\/scubadirectvietnam.com\/?post_type=product&#038;p=58655"},"modified":"2025-08-08T15:52:40","modified_gmt":"2025-08-08T09:52:40","slug":"that-lung-lan-marsigliese-pro-black-135cm","status":"publish","type":"product","link":"https:\/\/scubadirectvietnam.com\/?product=that-lung-lan-marsigliese-pro-black-135cm","title":{"rendered":"TH\u1eaeT L\u01afNG L\u1eb6N MARSIGLIESE PRO BLACK 135cm"},"content":{"rendered":"<p>D\u00e2y \u0111eo cao su d\u00e0y 3,6mm v\u00e0 d\u00e0i 130cm, c\u00f3 b\u1ec1 m\u1eb7t l\u01b0\u1edbi ch\u1ed1ng tr\u01b0\u1ee3t gi\u00fap b\u00e1m ch\u1eafc h\u01a1n. Kh\u00f3a \u0111\u01b0\u1ee3c l\u00e0m b\u1eb1ng th\u00e9p kh\u00f4ng g\u1ec9 v\u00e0 c\u00f3 h\u1ec7 th\u1ed1ng th\u00e1o l\u1eafp nhanh gi\u00fap d\u1ec5 d\u00e0ng \u0111i\u1ec1u ch\u1ec9nh. Kho\u1ea3ng c\u00e1ch c\u00e1c l\u1ed7, c\u00e1ch nhau 5cm, cho ph\u00e9p \u0111i\u1ec1u ch\u1ec9nh d\u00e2y \u0111eo ch\u00ednh x\u00e1c \u0111\u1ec3 v\u1eeba v\u1eb7n v\u1edbi c\u01a1 th\u1ec3.<\/p>\n","protected":false},"excerpt":{"rendered":"<p>&#8211; \u0110ai t\u1ea1 Marseille \u0111\u00e0n h\u1ed3i<br \/>\n&#8211; 135 cm<br \/>\n&#8211; Kh\u00f3a th\u00e9p kh\u00f4ng g\u1ec9<br \/>\n&#8211; L\u1ed7 gia c\u1ed1 v\u00e0 d\u1ec5 d\u00e0ng l\u1eafp t\u1ea1<br \/>\n&#8211; \u0110\u1ed9 d\u00e0y kh\u00e1c nhau<br \/>\n&#8211; Cao su t\u1ef1 nhi\u00ean<\/p>\n","protected":false},"featured_media":58656,"comment_status":"open","ping_status":"closed","template":"","meta":[],"product_brand":[],"product_cat":[51],"product_tag":[],"class_list":{"0":"post-58655","1":"product","2":"type-product","3":"status-publish","4":"has-post-thumbnail","6":"product_cat-that-lung-chi-lan","7":"description-off","9":"first","10":"instock","11":"taxable","12":"shipping-taxable","13":"purchasable","14":"product-type-simple"},"yoast_head":"<!-- This site is optimized with the Yoast SEO plugin v27.4 - https:\/\/yoast.com\/product\/yoast-seo-wordpress\/ -->\n<title>TH\u1eaeT L\u01afNG L\u1eb6N MARSIGLIESE PRO BLACK 135cm - Scuba Direct Vietnam<\/title>\n<meta name=\"description\" content=\"D\u00e2y \u0111eo cao su d\u00e0y 3,6mm v\u00e0 d\u00e0i 130cm, c\u00f3 b\u1ec1 m\u1eb7t l\u01b0\u1edbi ch\u1ed1ng tr\u01b0\u1ee3t gi\u00fap b\u00e1m ch\u1eafc h\u01a1n. Kh\u00f3a \u0111\u01b0\u1ee3c l\u00e0m b\u1eb1ng th\u00e9p kh\u00f4ng g\u1ec9 th\u00e1o l\u1eafp nhanh d\u1ec5 d\u00e0ng \u0111i\u1ec1u ch\u1ec9nh.\" \/>\n<meta name=\"robots\" content=\"index, follow, max-snippet:-1, max-image-preview:large, max-video-preview:-1\" \/>\n<link rel=\"canonical\" href=\"https:\/\/scubadirectvietnam.com\/?product=that-lung-lan-marsigliese-pro-black-135cm\" \/>\n<meta property=\"og:locale\" content=\"en_US\" \/>\n<meta property=\"og:type\" content=\"article\" \/>\n<meta property=\"og:title\" content=\"TH\u1eaeT L\u01afNG L\u1eb6N MARSIGLIESE PRO BLACK 135cm - Scuba Direct Vietnam\" \/>\n<meta property=\"og:description\" content=\"D\u00e2y \u0111eo cao su d\u00e0y 3,6mm v\u00e0 d\u00e0i 130cm, c\u00f3 b\u1ec1 m\u1eb7t l\u01b0\u1edbi ch\u1ed1ng tr\u01b0\u1ee3t gi\u00fap b\u00e1m ch\u1eafc h\u01a1n. Kh\u00f3a \u0111\u01b0\u1ee3c l\u00e0m b\u1eb1ng th\u00e9p kh\u00f4ng g\u1ec9 th\u00e1o l\u1eafp nhanh d\u1ec5 d\u00e0ng \u0111i\u1ec1u ch\u1ec9nh.\" \/>\n<meta property=\"og:url\" content=\"https:\/\/scubadirectvietnam.com\/?product=that-lung-lan-marsigliese-pro-black-135cm\" \/>\n<meta property=\"og:site_name\" content=\"Scuba Direct Vietnam\" \/>\n<meta property=\"article:publisher\" content=\"https:\/\/www.facebook.com\/scubadirectvn\" \/>\n<meta property=\"og:image\" content=\"https:\/\/scubadirectvietnam.com\/wp-content\/uploads\/2025\/08\/MARSIGLIESE-PRO-900.jpg\" \/>\n\t<meta property=\"og:image:width\" content=\"900\" \/>\n\t<meta property=\"og:image:height\" content=\"900\" \/>\n\t<meta property=\"og:image:type\" content=\"image\/jpeg\" \/>\n<meta name=\"twitter:card\" content=\"summary_large_image\" \/>\n<meta name=\"twitter:label1\" content=\"Est. reading time\" \/>\n\t<meta name=\"twitter:data1\" content=\"1 minute\" \/>\n<script type=\"application\/ld+json\" class=\"yoast-schema-graph\">{\"@context\":\"https:\\\/\\\/schema.org\",\"@graph\":[{\"@type\":\"WebPage\",\"@id\":\"https:\\\/\\\/scubadirectvietnam.com\\\/?product=that-lung-lan-marsigliese-pro-black-135cm\",\"url\":\"https:\\\/\\\/scubadirectvietnam.com\\\/?product=that-lung-lan-marsigliese-pro-black-135cm\",\"name\":\"TH\u1eaeT L\u01afNG L\u1eb6N MARSIGLIESE PRO BLACK 135cm - Scuba Direct Vietnam\",\"isPartOf\":{\"@id\":\"https:\\\/\\\/scubadirectvietnam.com\\\/#website\"},\"primaryImageOfPage\":{\"@id\":\"https:\\\/\\\/scubadirectvietnam.com\\\/?product=that-lung-lan-marsigliese-pro-black-135cm#primaryimage\"},\"image\":{\"@id\":\"https:\\\/\\\/scubadirectvietnam.com\\\/?product=that-lung-lan-marsigliese-pro-black-135cm#primaryimage\"},\"thumbnailUrl\":\"https:\\\/\\\/scubadirectvietnam.com\\\/wp-content\\\/uploads\\\/2025\\\/08\\\/MARSIGLIESE-PRO-900.jpg\",\"datePublished\":\"2025-08-08T09:52:40+00:00\",\"description\":\"D\u00e2y \u0111eo cao su d\u00e0y 3,6mm v\u00e0 d\u00e0i 130cm, c\u00f3 b\u1ec1 m\u1eb7t l\u01b0\u1edbi ch\u1ed1ng tr\u01b0\u1ee3t gi\u00fap b\u00e1m ch\u1eafc h\u01a1n. Kh\u00f3a \u0111\u01b0\u1ee3c l\u00e0m b\u1eb1ng th\u00e9p kh\u00f4ng g\u1ec9 th\u00e1o l\u1eafp nhanh d\u1ec5 d\u00e0ng \u0111i\u1ec1u ch\u1ec9nh.\",\"breadcrumb\":{\"@id\":\"https:\\\/\\\/scubadirectvietnam.com\\\/?product=that-lung-lan-marsigliese-pro-black-135cm#breadcrumb\"},\"inLanguage\":\"en-US\",\"potentialAction\":[{\"@type\":\"ReadAction\",\"target\":[\"https:\\\/\\\/scubadirectvietnam.com\\\/?product=that-lung-lan-marsigliese-pro-black-135cm\"]}]},{\"@type\":\"ImageObject\",\"inLanguage\":\"en-US\",\"@id\":\"https:\\\/\\\/scubadirectvietnam.com\\\/?product=that-lung-lan-marsigliese-pro-black-135cm#primaryimage\",\"url\":\"https:\\\/\\\/scubadirectvietnam.com\\\/wp-content\\\/uploads\\\/2025\\\/08\\\/MARSIGLIESE-PRO-900.jpg\",\"contentUrl\":\"https:\\\/\\\/scubadirectvietnam.com\\\/wp-content\\\/uploads\\\/2025\\\/08\\\/MARSIGLIESE-PRO-900.jpg\",\"width\":900,\"height\":900},{\"@type\":\"BreadcrumbList\",\"@id\":\"https:\\\/\\\/scubadirectvietnam.com\\\/?product=that-lung-lan-marsigliese-pro-black-135cm#breadcrumb\",\"itemListElement\":[{\"@type\":\"ListItem\",\"position\":1,\"name\":\"Home\",\"item\":\"https:\\\/\\\/scubadirectvietnam.com\\\/\"},{\"@type\":\"ListItem\",\"position\":2,\"name\":\"SCUBA DIRECT VIETNAM ONLINE SHOP\",\"item\":\"https:\\\/\\\/scubadirectvietnam.com\\\/?page_id=54530\"},{\"@type\":\"ListItem\",\"position\":3,\"name\":\"TH\u1eaeT L\u01afNG L\u1eb6N MARSIGLIESE PRO BLACK 135cm\"}]},{\"@type\":\"WebSite\",\"@id\":\"https:\\\/\\\/scubadirectvietnam.com\\\/#website\",\"url\":\"https:\\\/\\\/scubadirectvietnam.com\\\/\",\"name\":\"Scuba Direct Vietnam\",\"description\":\"\",\"publisher\":{\"@id\":\"https:\\\/\\\/scubadirectvietnam.com\\\/#organization\"},\"potentialAction\":[{\"@type\":\"SearchAction\",\"target\":{\"@type\":\"EntryPoint\",\"urlTemplate\":\"https:\\\/\\\/scubadirectvietnam.com\\\/?s={search_term_string}\"},\"query-input\":{\"@type\":\"PropertyValueSpecification\",\"valueRequired\":true,\"valueName\":\"search_term_string\"}}],\"inLanguage\":\"en-US\"},{\"@type\":\"Organization\",\"@id\":\"https:\\\/\\\/scubadirectvietnam.com\\\/#organization\",\"name\":\"Scuba Direct Vietnam Cressi Online\",\"url\":\"https:\\\/\\\/scubadirectvietnam.com\\\/\",\"logo\":{\"@type\":\"ImageObject\",\"inLanguage\":\"en-US\",\"@id\":\"https:\\\/\\\/scubadirectvietnam.com\\\/#\\\/schema\\\/logo\\\/image\\\/\",\"url\":\"https:\\\/\\\/scubadirectvietnam.com\\\/wp-content\\\/uploads\\\/2023\\\/11\\\/Scuba-Direct-Vietnam-Scuba-Gear_logo.png\",\"contentUrl\":\"https:\\\/\\\/scubadirectvietnam.com\\\/wp-content\\\/uploads\\\/2023\\\/11\\\/Scuba-Direct-Vietnam-Scuba-Gear_logo.png\",\"width\":300,\"height\":90,\"caption\":\"Scuba Direct Vietnam Cressi Online\"},\"image\":{\"@id\":\"https:\\\/\\\/scubadirectvietnam.com\\\/#\\\/schema\\\/logo\\\/image\\\/\"},\"sameAs\":[\"https:\\\/\\\/www.facebook.com\\\/scubadirectvn\"]}]}<\/script>\n<!-- \/ Yoast SEO plugin. -->","yoast_head_json":{"title":"TH\u1eaeT L\u01afNG L\u1eb6N MARSIGLIESE PRO BLACK 135cm - Scuba Direct Vietnam","description":"D\u00e2y \u0111eo cao su d\u00e0y 3,6mm v\u00e0 d\u00e0i 130cm, c\u00f3 b\u1ec1 m\u1eb7t l\u01b0\u1edbi ch\u1ed1ng tr\u01b0\u1ee3t gi\u00fap b\u00e1m ch\u1eafc h\u01a1n. Kh\u00f3a \u0111\u01b0\u1ee3c l\u00e0m b\u1eb1ng th\u00e9p kh\u00f4ng g\u1ec9 th\u00e1o l\u1eafp nhanh d\u1ec5 d\u00e0ng \u0111i\u1ec1u ch\u1ec9nh.","robots":{"index":"index","follow":"follow","max-snippet":"max-snippet:-1","max-image-preview":"max-image-preview:large","max-video-preview":"max-video-preview:-1"},"canonical":"https:\/\/scubadirectvietnam.com\/?product=that-lung-lan-marsigliese-pro-black-135cm","og_locale":"en_US","og_type":"article","og_title":"TH\u1eaeT L\u01afNG L\u1eb6N MARSIGLIESE PRO BLACK 135cm - Scuba Direct Vietnam","og_description":"D\u00e2y \u0111eo cao su d\u00e0y 3,6mm v\u00e0 d\u00e0i 130cm, c\u00f3 b\u1ec1 m\u1eb7t l\u01b0\u1edbi ch\u1ed1ng tr\u01b0\u1ee3t gi\u00fap b\u00e1m ch\u1eafc h\u01a1n. Kh\u00f3a \u0111\u01b0\u1ee3c l\u00e0m b\u1eb1ng th\u00e9p kh\u00f4ng g\u1ec9 th\u00e1o l\u1eafp nhanh d\u1ec5 d\u00e0ng \u0111i\u1ec1u ch\u1ec9nh.","og_url":"https:\/\/scubadirectvietnam.com\/?product=that-lung-lan-marsigliese-pro-black-135cm","og_site_name":"Scuba Direct Vietnam","article_publisher":"https:\/\/www.facebook.com\/scubadirectvn","og_image":[{"width":900,"height":900,"url":"https:\/\/scubadirectvietnam.com\/wp-content\/uploads\/2025\/08\/MARSIGLIESE-PRO-900.jpg","type":"image\/jpeg"}],"twitter_card":"summary_large_image","twitter_misc":{"Est. reading time":"1 minute"},"schema":{"@context":"https:\/\/schema.org","@graph":[{"@type":"WebPage","@id":"https:\/\/scubadirectvietnam.com\/?product=that-lung-lan-marsigliese-pro-black-135cm","url":"https:\/\/scubadirectvietnam.com\/?product=that-lung-lan-marsigliese-pro-black-135cm","name":"TH\u1eaeT L\u01afNG L\u1eb6N MARSIGLIESE PRO BLACK 135cm - Scuba Direct Vietnam","isPartOf":{"@id":"https:\/\/scubadirectvietnam.com\/#website"},"primaryImageOfPage":{"@id":"https:\/\/scubadirectvietnam.com\/?product=that-lung-lan-marsigliese-pro-black-135cm#primaryimage"},"image":{"@id":"https:\/\/scubadirectvietnam.com\/?product=that-lung-lan-marsigliese-pro-black-135cm#primaryimage"},"thumbnailUrl":"https:\/\/scubadirectvietnam.com\/wp-content\/uploads\/2025\/08\/MARSIGLIESE-PRO-900.jpg","datePublished":"2025-08-08T09:52:40+00:00","description":"D\u00e2y \u0111eo cao su d\u00e0y 3,6mm v\u00e0 d\u00e0i 130cm, c\u00f3 b\u1ec1 m\u1eb7t l\u01b0\u1edbi ch\u1ed1ng tr\u01b0\u1ee3t gi\u00fap b\u00e1m ch\u1eafc h\u01a1n. Kh\u00f3a \u0111\u01b0\u1ee3c l\u00e0m b\u1eb1ng th\u00e9p kh\u00f4ng g\u1ec9 th\u00e1o l\u1eafp nhanh d\u1ec5 d\u00e0ng \u0111i\u1ec1u ch\u1ec9nh.","breadcrumb":{"@id":"https:\/\/scubadirectvietnam.com\/?product=that-lung-lan-marsigliese-pro-black-135cm#breadcrumb"},"inLanguage":"en-US","potentialAction":[{"@type":"ReadAction","target":["https:\/\/scubadirectvietnam.com\/?product=that-lung-lan-marsigliese-pro-black-135cm"]}]},{"@type":"ImageObject","inLanguage":"en-US","@id":"https:\/\/scubadirectvietnam.com\/?product=that-lung-lan-marsigliese-pro-black-135cm#primaryimage","url":"https:\/\/scubadirectvietnam.com\/wp-content\/uploads\/2025\/08\/MARSIGLIESE-PRO-900.jpg","contentUrl":"https:\/\/scubadirectvietnam.com\/wp-content\/uploads\/2025\/08\/MARSIGLIESE-PRO-900.jpg","width":900,"height":900},{"@type":"BreadcrumbList","@id":"https:\/\/scubadirectvietnam.com\/?product=that-lung-lan-marsigliese-pro-black-135cm#breadcrumb","itemListElement":[{"@type":"ListItem","position":1,"name":"Home","item":"https:\/\/scubadirectvietnam.com\/"},{"@type":"ListItem","position":2,"name":"SCUBA DIRECT VIETNAM ONLINE SHOP","item":"https:\/\/scubadirectvietnam.com\/?page_id=54530"},{"@type":"ListItem","position":3,"name":"TH\u1eaeT L\u01afNG L\u1eb6N MARSIGLIESE PRO BLACK 135cm"}]},{"@type":"WebSite","@id":"https:\/\/scubadirectvietnam.com\/#website","url":"https:\/\/scubadirectvietnam.com\/","name":"Scuba Direct Vietnam","description":"","publisher":{"@id":"https:\/\/scubadirectvietnam.com\/#organization"},"potentialAction":[{"@type":"SearchAction","target":{"@type":"EntryPoint","urlTemplate":"https:\/\/scubadirectvietnam.com\/?s={search_term_string}"},"query-input":{"@type":"PropertyValueSpecification","valueRequired":true,"valueName":"search_term_string"}}],"inLanguage":"en-US"},{"@type":"Organization","@id":"https:\/\/scubadirectvietnam.com\/#organization","name":"Scuba Direct Vietnam Cressi Online","url":"https:\/\/scubadirectvietnam.com\/","logo":{"@type":"ImageObject","inLanguage":"en-US","@id":"https:\/\/scubadirectvietnam.com\/#\/schema\/logo\/image\/","url":"https:\/\/scubadirectvietnam.com\/wp-content\/uploads\/2023\/11\/Scuba-Direct-Vietnam-Scuba-Gear_logo.png","contentUrl":"https:\/\/scubadirectvietnam.com\/wp-content\/uploads\/2023\/11\/Scuba-Direct-Vietnam-Scuba-Gear_logo.png","width":300,"height":90,"caption":"Scuba Direct Vietnam Cressi Online"},"image":{"@id":"https:\/\/scubadirectvietnam.com\/#\/schema\/logo\/image\/"},"sameAs":["https:\/\/www.facebook.com\/scubadirectvn"]}]}},"_links":{"self":[{"href":"https:\/\/scubadirectvietnam.com\/index.php?rest_route=\/wp\/v2\/product\/58655","targetHints":{"allow":["GET"]}}],"collection":[{"href":"https:\/\/scubadirectvietnam.com\/index.php?rest_route=\/wp\/v2\/product"}],"about":[{"href":"https:\/\/scubadirectvietnam.com\/index.php?rest_route=\/wp\/v2\/types\/product"}],"replies":[{"embeddable":true,"href":"https:\/\/scubadirectvietnam.com\/index.php?rest_route=%2Fwp%2Fv2%2Fcomments&post=58655"}],"version-history":[{"count":1,"href":"https:\/\/scubadirectvietnam.com\/index.php?rest_route=\/wp\/v2\/product\/58655\/revisions"}],"predecessor-version":[{"id":58657,"href":"https:\/\/scubadirectvietnam.com\/index.php?rest_route=\/wp\/v2\/product\/58655\/revisions\/58657"}],"wp:featuredmedia":[{"embeddable":true,"href":"https:\/\/scubadirectvietnam.com\/index.php?rest_route=\/wp\/v2\/media\/58656"}],"wp:attachment":[{"href":"https:\/\/scubadirectvietnam.com\/index.php?rest_route=%2Fwp%2Fv2%2Fmedia&parent=58655"}],"wp:term":[{"taxonomy":"product_brand","embeddable":true,"href":"https:\/\/scubadirectvietnam.com\/index.php?rest_route=%2Fwp%2Fv2%2Fproduct_brand&post=58655"},{"taxonomy":"product_cat","embeddable":true,"href":"https:\/\/scubadirectvietnam.com\/index.php?rest_route=%2Fwp%2Fv2%2Fproduct_cat&post=58655"},{"taxonomy":"product_tag","embeddable":true,"href":"https:\/\/scubadirectvietnam.com\/index.php?rest_route=%2Fwp%2Fv2%2Fproduct_tag&post=58655"}],"curies":[{"name":"wp","href":"https:\/\/api.w.org\/{rel}","templated":true}]}}