{"id":58270,"date":"2024-10-05T09:48:36","date_gmt":"2024-10-05T03:48:36","guid":{"rendered":"https:\/\/scubadirectvietnam.com\/?post_type=product&#038;p=58270"},"modified":"2025-04-15T15:09:01","modified_gmt":"2025-04-15T09:09:01","slug":"that-lung-vai-cressi-belt-2","status":"publish","type":"product","link":"https:\/\/scubadirectvietnam.com\/?product=that-lung-vai-cressi-belt-2","title":{"rendered":"TH\u1eaeT L\u01afNG V\u1ea2I CRESSI BELT"},"content":{"rendered":"<p>TH\u1eaeT L\u01afNG V\u1ea2I CRESSI BELT<\/p>\n<p>D\u00e2y \u0111ai nylon d\u1ec7t ch\u1eafc ch\u1eafn v\u1edbi kh\u00f3a b\u1eb1ng th\u00e9p kh\u00f4ng g\u1ec9.<\/p>\n<p>Kh\u00f3a th\u00e9p kh\u00f4ng g\u1ec9 \u0111\u00f3ng m\u1edf nhanh nhanh nh\u1eb1m \u0111\u1ea3m b\u1ea3o thao t\u00e1c kh\u1ea9n c\u1ea5p theo b\u1ea3n n\u0103ng v\u00e0 nhanh ch\u00f3ng.<\/p>\n<p>Ch\u1ed1t kh\u00f3a \u0111\u01b0\u1ee3c t\u00e1n \u1edf c\u1ea3 hai \u0111\u1ea7u.<\/p>\n","protected":false},"excerpt":{"rendered":"<ul>\n<li>\u0110ai \u0111\u00e8o ch\u00ec truy\u1ec1n th\u1ed1ng<\/li>\n<li>K\u00edch th\u01b0\u1edbc b\u1ec1 ngang: 2&#8243; (5 cm)<\/li>\n<li>\u0110ai \u0111\u00f3ng m\u1edf nhanh<\/li>\n<li>D\u00f9ng cho Snorkeling ho\u1eb7c L\u1eb7n linh ho\u1ea1t h\u01a1n<\/li>\n<li>Kh\u00f3a ch\u1ed1ng \u0103n m\u00f2n ki\u1ec3u kh\u00f3a &#8220;Kh\u00f3a b\u1eb1ng th\u00e9p kh\u00f4ng g\u1ec9 ho\u1eb7c Kh\u00f3a b\u1eb1ng nh\u1ef1a c\u1ee9ng&#8221;<\/li>\n<\/ul>\n","protected":false},"featured_media":7527,"comment_status":"closed","ping_status":"closed","template":"","meta":[],"product_brand":[],"product_cat":[51],"product_tag":[474,334,351,476,468,475],"class_list":{"0":"post-58270","1":"product","2":"type-product","3":"status-publish","4":"has-post-thumbnail","6":"product_cat-that-lung-chi-lan","7":"product_tag-belt","8":"product_tag-cressi","9":"product_tag-dai-chi","10":"product_tag-lead","11":"product_tag-that-lung","12":"product_tag-weight","13":"description-off","15":"first","16":"instock","17":"taxable","18":"shipping-taxable","19":"purchasable","20":"product-type-simple"},"yoast_head":"<!-- This site is optimized with the Yoast SEO plugin v27.4 - https:\/\/yoast.com\/product\/yoast-seo-wordpress\/ -->\n<title>TH\u1eaeT L\u01afNG V\u1ea2I CRESSI BELT - Scuba Direct Vietnam<\/title>\n<meta name=\"description\" content=\"TH\u1eaeT L\u01afNG V\u1ea2I CRESSI BELTD\u00e2y \u0111ai nylon d\u1ec7t ch\u1eafc ch\u1eafn v\u1edbi kh\u00f3a b\u1eb1ng th\u00e9p kh\u00f4ng g\u1ec9.Kh\u00f3a th\u00e9p kh\u00f4ng g\u1ec9 \u0111\u00f3ng m\u1edf nhanh nhanh nh\u1eb1m \u0111\u1ea3m b\u1ea3o thao t\u00e1c kh\u1ea9n c\u1ea5p theo\" \/>\n<meta name=\"robots\" content=\"index, follow, max-snippet:-1, max-image-preview:large, max-video-preview:-1\" \/>\n<link rel=\"canonical\" href=\"https:\/\/scubadirectvietnam.com\/?product=that-lung-vai-cressi-belt-2\" \/>\n<meta property=\"og:locale\" content=\"en_US\" \/>\n<meta property=\"og:type\" content=\"article\" \/>\n<meta property=\"og:title\" content=\"TH\u1eaeT L\u01afNG V\u1ea2I CRESSI BELT - Scuba Direct Vietnam\" \/>\n<meta property=\"og:description\" content=\"TH\u1eaeT L\u01afNG V\u1ea2I CRESSI BELTD\u00e2y \u0111ai nylon d\u1ec7t ch\u1eafc ch\u1eafn v\u1edbi kh\u00f3a b\u1eb1ng th\u00e9p kh\u00f4ng g\u1ec9.Kh\u00f3a th\u00e9p kh\u00f4ng g\u1ec9 \u0111\u00f3ng m\u1edf nhanh nhanh nh\u1eb1m \u0111\u1ea3m b\u1ea3o thao t\u00e1c kh\u1ea9n c\u1ea5p theo\" \/>\n<meta property=\"og:url\" content=\"https:\/\/scubadirectvietnam.com\/?product=that-lung-vai-cressi-belt-2\" \/>\n<meta property=\"og:site_name\" content=\"Scuba Direct Vietnam\" \/>\n<meta property=\"article:publisher\" content=\"https:\/\/www.facebook.com\/scubadirectvn\" \/>\n<meta property=\"article:modified_time\" content=\"2025-04-15T09:09:01+00:00\" \/>\n<meta property=\"og:image\" content=\"https:\/\/scubadirectvietnam.com\/wp-content\/uploads\/2023\/11\/weightbelt-800-4-scuba-direct-vietnam.jpg\" \/>\n\t<meta property=\"og:image:width\" content=\"800\" \/>\n\t<meta property=\"og:image:height\" content=\"800\" \/>\n\t<meta property=\"og:image:type\" content=\"image\/jpeg\" \/>\n<meta name=\"twitter:card\" content=\"summary_large_image\" \/>\n<meta name=\"twitter:label1\" content=\"Est. reading time\" \/>\n\t<meta name=\"twitter:data1\" content=\"1 minute\" \/>\n<script type=\"application\/ld+json\" class=\"yoast-schema-graph\">{\"@context\":\"https:\\\/\\\/schema.org\",\"@graph\":[{\"@type\":\"WebPage\",\"@id\":\"https:\\\/\\\/scubadirectvietnam.com\\\/?product=that-lung-vai-cressi-belt-2\",\"url\":\"https:\\\/\\\/scubadirectvietnam.com\\\/?product=that-lung-vai-cressi-belt-2\",\"name\":\"TH\u1eaeT L\u01afNG V\u1ea2I CRESSI BELT - Scuba Direct Vietnam\",\"isPartOf\":{\"@id\":\"https:\\\/\\\/scubadirectvietnam.com\\\/#website\"},\"primaryImageOfPage\":{\"@id\":\"https:\\\/\\\/scubadirectvietnam.com\\\/?product=that-lung-vai-cressi-belt-2#primaryimage\"},\"image\":{\"@id\":\"https:\\\/\\\/scubadirectvietnam.com\\\/?product=that-lung-vai-cressi-belt-2#primaryimage\"},\"thumbnailUrl\":\"https:\\\/\\\/scubadirectvietnam.com\\\/wp-content\\\/uploads\\\/2023\\\/11\\\/weightbelt-800-4-scuba-direct-vietnam.jpg\",\"datePublished\":\"2024-10-05T03:48:36+00:00\",\"dateModified\":\"2025-04-15T09:09:01+00:00\",\"description\":\"TH\u1eaeT L\u01afNG V\u1ea2I CRESSI BELTD\u00e2y \u0111ai nylon d\u1ec7t ch\u1eafc ch\u1eafn v\u1edbi kh\u00f3a b\u1eb1ng th\u00e9p kh\u00f4ng g\u1ec9.Kh\u00f3a th\u00e9p kh\u00f4ng g\u1ec9 \u0111\u00f3ng m\u1edf nhanh nhanh nh\u1eb1m \u0111\u1ea3m b\u1ea3o thao t\u00e1c kh\u1ea9n c\u1ea5p theo\",\"breadcrumb\":{\"@id\":\"https:\\\/\\\/scubadirectvietnam.com\\\/?product=that-lung-vai-cressi-belt-2#breadcrumb\"},\"inLanguage\":\"en-US\",\"potentialAction\":[{\"@type\":\"ReadAction\",\"target\":[\"https:\\\/\\\/scubadirectvietnam.com\\\/?product=that-lung-vai-cressi-belt-2\"]}]},{\"@type\":\"ImageObject\",\"inLanguage\":\"en-US\",\"@id\":\"https:\\\/\\\/scubadirectvietnam.com\\\/?product=that-lung-vai-cressi-belt-2#primaryimage\",\"url\":\"https:\\\/\\\/scubadirectvietnam.com\\\/wp-content\\\/uploads\\\/2023\\\/11\\\/weightbelt-800-4-scuba-direct-vietnam.jpg\",\"contentUrl\":\"https:\\\/\\\/scubadirectvietnam.com\\\/wp-content\\\/uploads\\\/2023\\\/11\\\/weightbelt-800-4-scuba-direct-vietnam.jpg\",\"width\":800,\"height\":800},{\"@type\":\"BreadcrumbList\",\"@id\":\"https:\\\/\\\/scubadirectvietnam.com\\\/?product=that-lung-vai-cressi-belt-2#breadcrumb\",\"itemListElement\":[{\"@type\":\"ListItem\",\"position\":1,\"name\":\"Home\",\"item\":\"https:\\\/\\\/scubadirectvietnam.com\\\/\"},{\"@type\":\"ListItem\",\"position\":2,\"name\":\"SCUBA DIRECT VIETNAM ONLINE SHOP\",\"item\":\"https:\\\/\\\/scubadirectvietnam.com\\\/?page_id=54530\"},{\"@type\":\"ListItem\",\"position\":3,\"name\":\"TH\u1eaeT L\u01afNG V\u1ea2I CRESSI BELT\"}]},{\"@type\":\"WebSite\",\"@id\":\"https:\\\/\\\/scubadirectvietnam.com\\\/#website\",\"url\":\"https:\\\/\\\/scubadirectvietnam.com\\\/\",\"name\":\"Scuba Direct Vietnam\",\"description\":\"\",\"publisher\":{\"@id\":\"https:\\\/\\\/scubadirectvietnam.com\\\/#organization\"},\"potentialAction\":[{\"@type\":\"SearchAction\",\"target\":{\"@type\":\"EntryPoint\",\"urlTemplate\":\"https:\\\/\\\/scubadirectvietnam.com\\\/?s={search_term_string}\"},\"query-input\":{\"@type\":\"PropertyValueSpecification\",\"valueRequired\":true,\"valueName\":\"search_term_string\"}}],\"inLanguage\":\"en-US\"},{\"@type\":\"Organization\",\"@id\":\"https:\\\/\\\/scubadirectvietnam.com\\\/#organization\",\"name\":\"Scuba Direct Vietnam Cressi Online\",\"url\":\"https:\\\/\\\/scubadirectvietnam.com\\\/\",\"logo\":{\"@type\":\"ImageObject\",\"inLanguage\":\"en-US\",\"@id\":\"https:\\\/\\\/scubadirectvietnam.com\\\/#\\\/schema\\\/logo\\\/image\\\/\",\"url\":\"https:\\\/\\\/scubadirectvietnam.com\\\/wp-content\\\/uploads\\\/2023\\\/11\\\/Scuba-Direct-Vietnam-Scuba-Gear_logo.png\",\"contentUrl\":\"https:\\\/\\\/scubadirectvietnam.com\\\/wp-content\\\/uploads\\\/2023\\\/11\\\/Scuba-Direct-Vietnam-Scuba-Gear_logo.png\",\"width\":300,\"height\":90,\"caption\":\"Scuba Direct Vietnam Cressi Online\"},\"image\":{\"@id\":\"https:\\\/\\\/scubadirectvietnam.com\\\/#\\\/schema\\\/logo\\\/image\\\/\"},\"sameAs\":[\"https:\\\/\\\/www.facebook.com\\\/scubadirectvn\"]}]}<\/script>\n<!-- \/ Yoast SEO plugin. -->","yoast_head_json":{"title":"TH\u1eaeT L\u01afNG V\u1ea2I CRESSI BELT - Scuba Direct Vietnam","description":"TH\u1eaeT L\u01afNG V\u1ea2I CRESSI BELTD\u00e2y \u0111ai nylon d\u1ec7t ch\u1eafc ch\u1eafn v\u1edbi kh\u00f3a b\u1eb1ng th\u00e9p kh\u00f4ng g\u1ec9.Kh\u00f3a th\u00e9p kh\u00f4ng g\u1ec9 \u0111\u00f3ng m\u1edf nhanh nhanh nh\u1eb1m \u0111\u1ea3m b\u1ea3o thao t\u00e1c kh\u1ea9n c\u1ea5p theo","robots":{"index":"index","follow":"follow","max-snippet":"max-snippet:-1","max-image-preview":"max-image-preview:large","max-video-preview":"max-video-preview:-1"},"canonical":"https:\/\/scubadirectvietnam.com\/?product=that-lung-vai-cressi-belt-2","og_locale":"en_US","og_type":"article","og_title":"TH\u1eaeT L\u01afNG V\u1ea2I CRESSI BELT - Scuba Direct Vietnam","og_description":"TH\u1eaeT L\u01afNG V\u1ea2I CRESSI BELTD\u00e2y \u0111ai nylon d\u1ec7t ch\u1eafc ch\u1eafn v\u1edbi kh\u00f3a b\u1eb1ng th\u00e9p kh\u00f4ng g\u1ec9.Kh\u00f3a th\u00e9p kh\u00f4ng g\u1ec9 \u0111\u00f3ng m\u1edf nhanh nhanh nh\u1eb1m \u0111\u1ea3m b\u1ea3o thao t\u00e1c kh\u1ea9n c\u1ea5p theo","og_url":"https:\/\/scubadirectvietnam.com\/?product=that-lung-vai-cressi-belt-2","og_site_name":"Scuba Direct Vietnam","article_publisher":"https:\/\/www.facebook.com\/scubadirectvn","article_modified_time":"2025-04-15T09:09:01+00:00","og_image":[{"width":800,"height":800,"url":"https:\/\/scubadirectvietnam.com\/wp-content\/uploads\/2023\/11\/weightbelt-800-4-scuba-direct-vietnam.jpg","type":"image\/jpeg"}],"twitter_card":"summary_large_image","twitter_misc":{"Est. reading time":"1 minute"},"schema":{"@context":"https:\/\/schema.org","@graph":[{"@type":"WebPage","@id":"https:\/\/scubadirectvietnam.com\/?product=that-lung-vai-cressi-belt-2","url":"https:\/\/scubadirectvietnam.com\/?product=that-lung-vai-cressi-belt-2","name":"TH\u1eaeT L\u01afNG V\u1ea2I CRESSI BELT - Scuba Direct Vietnam","isPartOf":{"@id":"https:\/\/scubadirectvietnam.com\/#website"},"primaryImageOfPage":{"@id":"https:\/\/scubadirectvietnam.com\/?product=that-lung-vai-cressi-belt-2#primaryimage"},"image":{"@id":"https:\/\/scubadirectvietnam.com\/?product=that-lung-vai-cressi-belt-2#primaryimage"},"thumbnailUrl":"https:\/\/scubadirectvietnam.com\/wp-content\/uploads\/2023\/11\/weightbelt-800-4-scuba-direct-vietnam.jpg","datePublished":"2024-10-05T03:48:36+00:00","dateModified":"2025-04-15T09:09:01+00:00","description":"TH\u1eaeT L\u01afNG V\u1ea2I CRESSI BELTD\u00e2y \u0111ai nylon d\u1ec7t ch\u1eafc ch\u1eafn v\u1edbi kh\u00f3a b\u1eb1ng th\u00e9p kh\u00f4ng g\u1ec9.Kh\u00f3a th\u00e9p kh\u00f4ng g\u1ec9 \u0111\u00f3ng m\u1edf nhanh nhanh nh\u1eb1m \u0111\u1ea3m b\u1ea3o thao t\u00e1c kh\u1ea9n c\u1ea5p theo","breadcrumb":{"@id":"https:\/\/scubadirectvietnam.com\/?product=that-lung-vai-cressi-belt-2#breadcrumb"},"inLanguage":"en-US","potentialAction":[{"@type":"ReadAction","target":["https:\/\/scubadirectvietnam.com\/?product=that-lung-vai-cressi-belt-2"]}]},{"@type":"ImageObject","inLanguage":"en-US","@id":"https:\/\/scubadirectvietnam.com\/?product=that-lung-vai-cressi-belt-2#primaryimage","url":"https:\/\/scubadirectvietnam.com\/wp-content\/uploads\/2023\/11\/weightbelt-800-4-scuba-direct-vietnam.jpg","contentUrl":"https:\/\/scubadirectvietnam.com\/wp-content\/uploads\/2023\/11\/weightbelt-800-4-scuba-direct-vietnam.jpg","width":800,"height":800},{"@type":"BreadcrumbList","@id":"https:\/\/scubadirectvietnam.com\/?product=that-lung-vai-cressi-belt-2#breadcrumb","itemListElement":[{"@type":"ListItem","position":1,"name":"Home","item":"https:\/\/scubadirectvietnam.com\/"},{"@type":"ListItem","position":2,"name":"SCUBA DIRECT VIETNAM ONLINE SHOP","item":"https:\/\/scubadirectvietnam.com\/?page_id=54530"},{"@type":"ListItem","position":3,"name":"TH\u1eaeT L\u01afNG V\u1ea2I CRESSI BELT"}]},{"@type":"WebSite","@id":"https:\/\/scubadirectvietnam.com\/#website","url":"https:\/\/scubadirectvietnam.com\/","name":"Scuba Direct Vietnam","description":"","publisher":{"@id":"https:\/\/scubadirectvietnam.com\/#organization"},"potentialAction":[{"@type":"SearchAction","target":{"@type":"EntryPoint","urlTemplate":"https:\/\/scubadirectvietnam.com\/?s={search_term_string}"},"query-input":{"@type":"PropertyValueSpecification","valueRequired":true,"valueName":"search_term_string"}}],"inLanguage":"en-US"},{"@type":"Organization","@id":"https:\/\/scubadirectvietnam.com\/#organization","name":"Scuba Direct Vietnam Cressi Online","url":"https:\/\/scubadirectvietnam.com\/","logo":{"@type":"ImageObject","inLanguage":"en-US","@id":"https:\/\/scubadirectvietnam.com\/#\/schema\/logo\/image\/","url":"https:\/\/scubadirectvietnam.com\/wp-content\/uploads\/2023\/11\/Scuba-Direct-Vietnam-Scuba-Gear_logo.png","contentUrl":"https:\/\/scubadirectvietnam.com\/wp-content\/uploads\/2023\/11\/Scuba-Direct-Vietnam-Scuba-Gear_logo.png","width":300,"height":90,"caption":"Scuba Direct Vietnam Cressi Online"},"image":{"@id":"https:\/\/scubadirectvietnam.com\/#\/schema\/logo\/image\/"},"sameAs":["https:\/\/www.facebook.com\/scubadirectvn"]}]}},"_links":{"self":[{"href":"https:\/\/scubadirectvietnam.com\/index.php?rest_route=\/wp\/v2\/product\/58270","targetHints":{"allow":["GET"]}}],"collection":[{"href":"https:\/\/scubadirectvietnam.com\/index.php?rest_route=\/wp\/v2\/product"}],"about":[{"href":"https:\/\/scubadirectvietnam.com\/index.php?rest_route=\/wp\/v2\/types\/product"}],"replies":[{"embeddable":true,"href":"https:\/\/scubadirectvietnam.com\/index.php?rest_route=%2Fwp%2Fv2%2Fcomments&post=58270"}],"version-history":[{"count":1,"href":"https:\/\/scubadirectvietnam.com\/index.php?rest_route=\/wp\/v2\/product\/58270\/revisions"}],"predecessor-version":[{"id":58271,"href":"https:\/\/scubadirectvietnam.com\/index.php?rest_route=\/wp\/v2\/product\/58270\/revisions\/58271"}],"wp:featuredmedia":[{"embeddable":true,"href":"https:\/\/scubadirectvietnam.com\/index.php?rest_route=\/wp\/v2\/media\/7527"}],"wp:attachment":[{"href":"https:\/\/scubadirectvietnam.com\/index.php?rest_route=%2Fwp%2Fv2%2Fmedia&parent=58270"}],"wp:term":[{"taxonomy":"product_brand","embeddable":true,"href":"https:\/\/scubadirectvietnam.com\/index.php?rest_route=%2Fwp%2Fv2%2Fproduct_brand&post=58270"},{"taxonomy":"product_cat","embeddable":true,"href":"https:\/\/scubadirectvietnam.com\/index.php?rest_route=%2Fwp%2Fv2%2Fproduct_cat&post=58270"},{"taxonomy":"product_tag","embeddable":true,"href":"https:\/\/scubadirectvietnam.com\/index.php?rest_route=%2Fwp%2Fv2%2Fproduct_tag&post=58270"}],"curies":[{"name":"wp","href":"https:\/\/api.w.org\/{rel}","templated":true}]}}