{"id":58265,"date":"2024-10-04T09:26:49","date_gmt":"2024-10-04T03:26:49","guid":{"rendered":"https:\/\/scubadirectvietnam.com\/?post_type=product&#038;p=58265"},"modified":"2024-10-11T15:08:21","modified_gmt":"2024-10-11T09:08:21","slug":"bo-chan-nhai-maui-va-kinh-ong-tho-perla","status":"publish","type":"product","link":"https:\/\/scubadirectvietnam.com\/?product=bo-chan-nhai-maui-va-kinh-ong-tho-perla","title":{"rendered":"B\u1ed8 CH\u00c2N NH\u00c1I MAUI v\u00e0 K\u00cdNH \u1ed0NG TH\u1ede PERLA"},"content":{"rendered":"<p>Tr\u1ecdng l\u01b0\u1ee3ng v\u00e0 k\u00edch th\u01b0\u1edbc c\u1ee7a n\u00f3 gi\u00fap d\u1ec5 d\u00e0ng c\u1ea5t gi\u1eef, nh\u01b0ng kh\u00f4ng \u1ea3nh h\u01b0\u1edfng \u0111\u1ebfn hi\u1ec7u su\u1ea5t.<br \/>\nC\u00f4ng ngh\u1ec7 v\u1eadt li\u1ec7u k\u00e9p \u0111\u01b0\u1ee3c s\u1eed d\u1ee5ng cho l\u01b0\u1ee1i c\u00f3 ngh\u0129a l\u00e0 n\u00f3 v\u1ec1 c\u01a1 b\u1ea3n bao g\u1ed3m hai c\u00e1nh b\u00ean c\u1ee9ng h\u01b0\u1edbng d\u00f2ng n\u01b0\u1edbc \u0111\u1ebfn ph\u1ea7n trung t\u00e2m, n\u01a1i l\u1edbp ph\u1ee7 c\u1ee7a v\u1eadt li\u1ec7u m\u1ec1m h\u01a1n v\u00e0 \u0111\u00e0n h\u1ed3i h\u01a1n l\u00e0m cho n\u00f3 linh ho\u1ea1t h\u01a1n.<br \/>\nK\u00ednh Perla \u0111\u01b0\u1ee3c thi\u1ebft k\u1ebf v\u1edbi hai \u1ed1ng k\u00ednh r\u1eddi, gi\u00fap t\u1ed1i \u01b0u t\u1ea7m nh\u00ecn d\u01b0\u1edbi n\u01b0\u1edbc v\u00e0 mang l\u1ea1i c\u1ea3m gi\u00e1c tho\u1ea3i m\u00e1i cho ng\u01b0\u1eddi \u0111eo.<\/p>\n","protected":false},"excerpt":{"rendered":"<p>&#8211; \u0110\u1eb7c \u0111i\u1ec3m ch\u00ednh c\u1ee7a v\u00e2y Maui l\u00e0 nh\u1eb9 v\u00e0 d\u1ec5 s\u1eed d\u1ee5ng, ngay c\u1ea3 \u0111\u1ed1i v\u1edbi nh\u1eefng ng\u01b0\u1eddi l\u1eb7n nghi\u1ec7p d\u01b0, l\u1eb7n gi\u1ea3i tr\u00ed.<br \/>\n&#8211; B\u1ed9 k\u00ednh Perla c\u00f3 thi\u1ebft k\u1ebf nh\u1ecf g\u1ecdn, gi\u00fap gi\u1ea3m s\u1ee9c c\u1ea3n khi di chuy\u1ec3n trong n\u01b0\u1edbc v\u00e0 mang l\u1ea1i s\u1ef1 tho\u1ea3i m\u00e1i khi \u0111eo trong th\u1eddi gian d\u00e0i.<\/p>\n","protected":false},"featured_media":58326,"comment_status":"open","ping_status":"closed","template":"","meta":[],"product_brand":[],"product_cat":[532],"product_tag":[],"class_list":{"0":"post-58265","1":"product","2":"type-product","3":"status-publish","4":"has-post-thumbnail","6":"product_cat-trung-tam-lan","7":"description-off","9":"first","10":"instock","11":"taxable","12":"shipping-taxable","13":"product-type-simple"},"yoast_head":"<!-- This site is optimized with the Yoast SEO plugin v27.4 - https:\/\/yoast.com\/product\/yoast-seo-wordpress\/ -->\n<title>B\u1ed8 CH\u00c2N NH\u00c1I MAUI v\u00e0 K\u00cdNH \u1ed0NG TH\u1ede PERLA - Scuba Direct Vietnam<\/title>\n<meta name=\"description\" content=\"\u0110\u1eb7c \u0111i\u1ec3m ch\u00ednh c\u1ee7a Maui l\u00e0 nh\u1eb9 v\u00e0 d\u1ec5 s\u1eed d\u1ee5ng, ngay c\u1ea3 \u0111\u1ed1i v\u1edbi nh\u1eefng ng\u01b0\u1eddi l\u1eb7n nghi\u1ec7p d\u01b0, l\u1eb7n gi\u1ea3i tr\u00ed. B\u1ed9 k\u00ednh Perla c\u00f3 thi\u1ebft k\u1ebf nh\u1ecf g\u1ecdn.\" \/>\n<meta name=\"robots\" content=\"index, follow, max-snippet:-1, max-image-preview:large, max-video-preview:-1\" \/>\n<link rel=\"canonical\" href=\"https:\/\/scubadirectvietnam.com\/?product=bo-chan-nhai-maui-va-kinh-ong-tho-perla\" \/>\n<meta property=\"og:locale\" content=\"en_US\" \/>\n<meta property=\"og:type\" content=\"article\" \/>\n<meta property=\"og:title\" content=\"B\u1ed8 CH\u00c2N NH\u00c1I MAUI v\u00e0 K\u00cdNH \u1ed0NG TH\u1ede PERLA - Scuba Direct Vietnam\" \/>\n<meta property=\"og:description\" content=\"\u0110\u1eb7c \u0111i\u1ec3m ch\u00ednh c\u1ee7a Maui l\u00e0 nh\u1eb9 v\u00e0 d\u1ec5 s\u1eed d\u1ee5ng, ngay c\u1ea3 \u0111\u1ed1i v\u1edbi nh\u1eefng ng\u01b0\u1eddi l\u1eb7n nghi\u1ec7p d\u01b0, l\u1eb7n gi\u1ea3i tr\u00ed. B\u1ed9 k\u00ednh Perla c\u00f3 thi\u1ebft k\u1ebf nh\u1ecf g\u1ecdn.\" \/>\n<meta property=\"og:url\" content=\"https:\/\/scubadirectvietnam.com\/?product=bo-chan-nhai-maui-va-kinh-ong-tho-perla\" \/>\n<meta property=\"og:site_name\" content=\"Scuba Direct Vietnam\" \/>\n<meta property=\"article:publisher\" content=\"https:\/\/www.facebook.com\/scubadirectvn\" \/>\n<meta property=\"article:modified_time\" content=\"2024-10-11T09:08:21+00:00\" \/>\n<meta property=\"og:image\" content=\"https:\/\/scubadirectvietnam.com\/wp-content\/uploads\/2024\/10\/Perla-Maui.jpg\" \/>\n\t<meta property=\"og:image:width\" content=\"900\" \/>\n\t<meta property=\"og:image:height\" content=\"900\" \/>\n\t<meta property=\"og:image:type\" content=\"image\/jpeg\" \/>\n<meta name=\"twitter:card\" content=\"summary_large_image\" \/>\n<meta name=\"twitter:label1\" content=\"Est. reading time\" \/>\n\t<meta name=\"twitter:data1\" content=\"1 minute\" \/>\n<script type=\"application\/ld+json\" class=\"yoast-schema-graph\">{\"@context\":\"https:\\\/\\\/schema.org\",\"@graph\":[{\"@type\":\"WebPage\",\"@id\":\"https:\\\/\\\/scubadirectvietnam.com\\\/?product=bo-chan-nhai-maui-va-kinh-ong-tho-perla\",\"url\":\"https:\\\/\\\/scubadirectvietnam.com\\\/?product=bo-chan-nhai-maui-va-kinh-ong-tho-perla\",\"name\":\"B\u1ed8 CH\u00c2N NH\u00c1I MAUI v\u00e0 K\u00cdNH \u1ed0NG TH\u1ede PERLA - Scuba Direct Vietnam\",\"isPartOf\":{\"@id\":\"https:\\\/\\\/scubadirectvietnam.com\\\/#website\"},\"primaryImageOfPage\":{\"@id\":\"https:\\\/\\\/scubadirectvietnam.com\\\/?product=bo-chan-nhai-maui-va-kinh-ong-tho-perla#primaryimage\"},\"image\":{\"@id\":\"https:\\\/\\\/scubadirectvietnam.com\\\/?product=bo-chan-nhai-maui-va-kinh-ong-tho-perla#primaryimage\"},\"thumbnailUrl\":\"https:\\\/\\\/scubadirectvietnam.com\\\/wp-content\\\/uploads\\\/2024\\\/10\\\/Perla-Maui.jpg\",\"datePublished\":\"2024-10-04T03:26:49+00:00\",\"dateModified\":\"2024-10-11T09:08:21+00:00\",\"description\":\"\u0110\u1eb7c \u0111i\u1ec3m ch\u00ednh c\u1ee7a Maui l\u00e0 nh\u1eb9 v\u00e0 d\u1ec5 s\u1eed d\u1ee5ng, ngay c\u1ea3 \u0111\u1ed1i v\u1edbi nh\u1eefng ng\u01b0\u1eddi l\u1eb7n nghi\u1ec7p d\u01b0, l\u1eb7n gi\u1ea3i tr\u00ed. B\u1ed9 k\u00ednh Perla c\u00f3 thi\u1ebft k\u1ebf nh\u1ecf g\u1ecdn.\",\"breadcrumb\":{\"@id\":\"https:\\\/\\\/scubadirectvietnam.com\\\/?product=bo-chan-nhai-maui-va-kinh-ong-tho-perla#breadcrumb\"},\"inLanguage\":\"en-US\",\"potentialAction\":[{\"@type\":\"ReadAction\",\"target\":[\"https:\\\/\\\/scubadirectvietnam.com\\\/?product=bo-chan-nhai-maui-va-kinh-ong-tho-perla\"]}]},{\"@type\":\"ImageObject\",\"inLanguage\":\"en-US\",\"@id\":\"https:\\\/\\\/scubadirectvietnam.com\\\/?product=bo-chan-nhai-maui-va-kinh-ong-tho-perla#primaryimage\",\"url\":\"https:\\\/\\\/scubadirectvietnam.com\\\/wp-content\\\/uploads\\\/2024\\\/10\\\/Perla-Maui.jpg\",\"contentUrl\":\"https:\\\/\\\/scubadirectvietnam.com\\\/wp-content\\\/uploads\\\/2024\\\/10\\\/Perla-Maui.jpg\",\"width\":900,\"height\":900},{\"@type\":\"BreadcrumbList\",\"@id\":\"https:\\\/\\\/scubadirectvietnam.com\\\/?product=bo-chan-nhai-maui-va-kinh-ong-tho-perla#breadcrumb\",\"itemListElement\":[{\"@type\":\"ListItem\",\"position\":1,\"name\":\"Home\",\"item\":\"https:\\\/\\\/scubadirectvietnam.com\\\/\"},{\"@type\":\"ListItem\",\"position\":2,\"name\":\"SCUBA DIRECT VIETNAM ONLINE SHOP\",\"item\":\"https:\\\/\\\/scubadirectvietnam.com\\\/?page_id=54530\"},{\"@type\":\"ListItem\",\"position\":3,\"name\":\"B\u1ed8 CH\u00c2N NH\u00c1I MAUI v\u00e0 K\u00cdNH \u1ed0NG TH\u1ede PERLA\"}]},{\"@type\":\"WebSite\",\"@id\":\"https:\\\/\\\/scubadirectvietnam.com\\\/#website\",\"url\":\"https:\\\/\\\/scubadirectvietnam.com\\\/\",\"name\":\"Scuba Direct Vietnam\",\"description\":\"\",\"publisher\":{\"@id\":\"https:\\\/\\\/scubadirectvietnam.com\\\/#organization\"},\"potentialAction\":[{\"@type\":\"SearchAction\",\"target\":{\"@type\":\"EntryPoint\",\"urlTemplate\":\"https:\\\/\\\/scubadirectvietnam.com\\\/?s={search_term_string}\"},\"query-input\":{\"@type\":\"PropertyValueSpecification\",\"valueRequired\":true,\"valueName\":\"search_term_string\"}}],\"inLanguage\":\"en-US\"},{\"@type\":\"Organization\",\"@id\":\"https:\\\/\\\/scubadirectvietnam.com\\\/#organization\",\"name\":\"Scuba Direct Vietnam Cressi Online\",\"url\":\"https:\\\/\\\/scubadirectvietnam.com\\\/\",\"logo\":{\"@type\":\"ImageObject\",\"inLanguage\":\"en-US\",\"@id\":\"https:\\\/\\\/scubadirectvietnam.com\\\/#\\\/schema\\\/logo\\\/image\\\/\",\"url\":\"https:\\\/\\\/scubadirectvietnam.com\\\/wp-content\\\/uploads\\\/2023\\\/11\\\/Scuba-Direct-Vietnam-Scuba-Gear_logo.png\",\"contentUrl\":\"https:\\\/\\\/scubadirectvietnam.com\\\/wp-content\\\/uploads\\\/2023\\\/11\\\/Scuba-Direct-Vietnam-Scuba-Gear_logo.png\",\"width\":300,\"height\":90,\"caption\":\"Scuba Direct Vietnam Cressi Online\"},\"image\":{\"@id\":\"https:\\\/\\\/scubadirectvietnam.com\\\/#\\\/schema\\\/logo\\\/image\\\/\"},\"sameAs\":[\"https:\\\/\\\/www.facebook.com\\\/scubadirectvn\"]}]}<\/script>\n<!-- \/ Yoast SEO plugin. -->","yoast_head_json":{"title":"B\u1ed8 CH\u00c2N NH\u00c1I MAUI v\u00e0 K\u00cdNH \u1ed0NG TH\u1ede PERLA - Scuba Direct Vietnam","description":"\u0110\u1eb7c \u0111i\u1ec3m ch\u00ednh c\u1ee7a Maui l\u00e0 nh\u1eb9 v\u00e0 d\u1ec5 s\u1eed d\u1ee5ng, ngay c\u1ea3 \u0111\u1ed1i v\u1edbi nh\u1eefng ng\u01b0\u1eddi l\u1eb7n nghi\u1ec7p d\u01b0, l\u1eb7n gi\u1ea3i tr\u00ed. B\u1ed9 k\u00ednh Perla c\u00f3 thi\u1ebft k\u1ebf nh\u1ecf g\u1ecdn.","robots":{"index":"index","follow":"follow","max-snippet":"max-snippet:-1","max-image-preview":"max-image-preview:large","max-video-preview":"max-video-preview:-1"},"canonical":"https:\/\/scubadirectvietnam.com\/?product=bo-chan-nhai-maui-va-kinh-ong-tho-perla","og_locale":"en_US","og_type":"article","og_title":"B\u1ed8 CH\u00c2N NH\u00c1I MAUI v\u00e0 K\u00cdNH \u1ed0NG TH\u1ede PERLA - Scuba Direct Vietnam","og_description":"\u0110\u1eb7c \u0111i\u1ec3m ch\u00ednh c\u1ee7a Maui l\u00e0 nh\u1eb9 v\u00e0 d\u1ec5 s\u1eed d\u1ee5ng, ngay c\u1ea3 \u0111\u1ed1i v\u1edbi nh\u1eefng ng\u01b0\u1eddi l\u1eb7n nghi\u1ec7p d\u01b0, l\u1eb7n gi\u1ea3i tr\u00ed. B\u1ed9 k\u00ednh Perla c\u00f3 thi\u1ebft k\u1ebf nh\u1ecf g\u1ecdn.","og_url":"https:\/\/scubadirectvietnam.com\/?product=bo-chan-nhai-maui-va-kinh-ong-tho-perla","og_site_name":"Scuba Direct Vietnam","article_publisher":"https:\/\/www.facebook.com\/scubadirectvn","article_modified_time":"2024-10-11T09:08:21+00:00","og_image":[{"width":900,"height":900,"url":"https:\/\/scubadirectvietnam.com\/wp-content\/uploads\/2024\/10\/Perla-Maui.jpg","type":"image\/jpeg"}],"twitter_card":"summary_large_image","twitter_misc":{"Est. reading time":"1 minute"},"schema":{"@context":"https:\/\/schema.org","@graph":[{"@type":"WebPage","@id":"https:\/\/scubadirectvietnam.com\/?product=bo-chan-nhai-maui-va-kinh-ong-tho-perla","url":"https:\/\/scubadirectvietnam.com\/?product=bo-chan-nhai-maui-va-kinh-ong-tho-perla","name":"B\u1ed8 CH\u00c2N NH\u00c1I MAUI v\u00e0 K\u00cdNH \u1ed0NG TH\u1ede PERLA - Scuba Direct Vietnam","isPartOf":{"@id":"https:\/\/scubadirectvietnam.com\/#website"},"primaryImageOfPage":{"@id":"https:\/\/scubadirectvietnam.com\/?product=bo-chan-nhai-maui-va-kinh-ong-tho-perla#primaryimage"},"image":{"@id":"https:\/\/scubadirectvietnam.com\/?product=bo-chan-nhai-maui-va-kinh-ong-tho-perla#primaryimage"},"thumbnailUrl":"https:\/\/scubadirectvietnam.com\/wp-content\/uploads\/2024\/10\/Perla-Maui.jpg","datePublished":"2024-10-04T03:26:49+00:00","dateModified":"2024-10-11T09:08:21+00:00","description":"\u0110\u1eb7c \u0111i\u1ec3m ch\u00ednh c\u1ee7a Maui l\u00e0 nh\u1eb9 v\u00e0 d\u1ec5 s\u1eed d\u1ee5ng, ngay c\u1ea3 \u0111\u1ed1i v\u1edbi nh\u1eefng ng\u01b0\u1eddi l\u1eb7n nghi\u1ec7p d\u01b0, l\u1eb7n gi\u1ea3i tr\u00ed. B\u1ed9 k\u00ednh Perla c\u00f3 thi\u1ebft k\u1ebf nh\u1ecf g\u1ecdn.","breadcrumb":{"@id":"https:\/\/scubadirectvietnam.com\/?product=bo-chan-nhai-maui-va-kinh-ong-tho-perla#breadcrumb"},"inLanguage":"en-US","potentialAction":[{"@type":"ReadAction","target":["https:\/\/scubadirectvietnam.com\/?product=bo-chan-nhai-maui-va-kinh-ong-tho-perla"]}]},{"@type":"ImageObject","inLanguage":"en-US","@id":"https:\/\/scubadirectvietnam.com\/?product=bo-chan-nhai-maui-va-kinh-ong-tho-perla#primaryimage","url":"https:\/\/scubadirectvietnam.com\/wp-content\/uploads\/2024\/10\/Perla-Maui.jpg","contentUrl":"https:\/\/scubadirectvietnam.com\/wp-content\/uploads\/2024\/10\/Perla-Maui.jpg","width":900,"height":900},{"@type":"BreadcrumbList","@id":"https:\/\/scubadirectvietnam.com\/?product=bo-chan-nhai-maui-va-kinh-ong-tho-perla#breadcrumb","itemListElement":[{"@type":"ListItem","position":1,"name":"Home","item":"https:\/\/scubadirectvietnam.com\/"},{"@type":"ListItem","position":2,"name":"SCUBA DIRECT VIETNAM ONLINE SHOP","item":"https:\/\/scubadirectvietnam.com\/?page_id=54530"},{"@type":"ListItem","position":3,"name":"B\u1ed8 CH\u00c2N NH\u00c1I MAUI v\u00e0 K\u00cdNH \u1ed0NG TH\u1ede PERLA"}]},{"@type":"WebSite","@id":"https:\/\/scubadirectvietnam.com\/#website","url":"https:\/\/scubadirectvietnam.com\/","name":"Scuba Direct Vietnam","description":"","publisher":{"@id":"https:\/\/scubadirectvietnam.com\/#organization"},"potentialAction":[{"@type":"SearchAction","target":{"@type":"EntryPoint","urlTemplate":"https:\/\/scubadirectvietnam.com\/?s={search_term_string}"},"query-input":{"@type":"PropertyValueSpecification","valueRequired":true,"valueName":"search_term_string"}}],"inLanguage":"en-US"},{"@type":"Organization","@id":"https:\/\/scubadirectvietnam.com\/#organization","name":"Scuba Direct Vietnam Cressi Online","url":"https:\/\/scubadirectvietnam.com\/","logo":{"@type":"ImageObject","inLanguage":"en-US","@id":"https:\/\/scubadirectvietnam.com\/#\/schema\/logo\/image\/","url":"https:\/\/scubadirectvietnam.com\/wp-content\/uploads\/2023\/11\/Scuba-Direct-Vietnam-Scuba-Gear_logo.png","contentUrl":"https:\/\/scubadirectvietnam.com\/wp-content\/uploads\/2023\/11\/Scuba-Direct-Vietnam-Scuba-Gear_logo.png","width":300,"height":90,"caption":"Scuba Direct Vietnam Cressi Online"},"image":{"@id":"https:\/\/scubadirectvietnam.com\/#\/schema\/logo\/image\/"},"sameAs":["https:\/\/www.facebook.com\/scubadirectvn"]}]}},"_links":{"self":[{"href":"https:\/\/scubadirectvietnam.com\/index.php?rest_route=\/wp\/v2\/product\/58265","targetHints":{"allow":["GET"]}}],"collection":[{"href":"https:\/\/scubadirectvietnam.com\/index.php?rest_route=\/wp\/v2\/product"}],"about":[{"href":"https:\/\/scubadirectvietnam.com\/index.php?rest_route=\/wp\/v2\/types\/product"}],"replies":[{"embeddable":true,"href":"https:\/\/scubadirectvietnam.com\/index.php?rest_route=%2Fwp%2Fv2%2Fcomments&post=58265"}],"version-history":[{"count":2,"href":"https:\/\/scubadirectvietnam.com\/index.php?rest_route=\/wp\/v2\/product\/58265\/revisions"}],"predecessor-version":[{"id":58328,"href":"https:\/\/scubadirectvietnam.com\/index.php?rest_route=\/wp\/v2\/product\/58265\/revisions\/58328"}],"wp:featuredmedia":[{"embeddable":true,"href":"https:\/\/scubadirectvietnam.com\/index.php?rest_route=\/wp\/v2\/media\/58326"}],"wp:attachment":[{"href":"https:\/\/scubadirectvietnam.com\/index.php?rest_route=%2Fwp%2Fv2%2Fmedia&parent=58265"}],"wp:term":[{"taxonomy":"product_brand","embeddable":true,"href":"https:\/\/scubadirectvietnam.com\/index.php?rest_route=%2Fwp%2Fv2%2Fproduct_brand&post=58265"},{"taxonomy":"product_cat","embeddable":true,"href":"https:\/\/scubadirectvietnam.com\/index.php?rest_route=%2Fwp%2Fv2%2Fproduct_cat&post=58265"},{"taxonomy":"product_tag","embeddable":true,"href":"https:\/\/scubadirectvietnam.com\/index.php?rest_route=%2Fwp%2Fv2%2Fproduct_tag&post=58265"}],"curies":[{"name":"wp","href":"https:\/\/api.w.org\/{rel}","templated":true}]}}