{"id":58264,"date":"2024-10-04T09:26:48","date_gmt":"2024-10-04T03:26:48","guid":{"rendered":"https:\/\/scubadirectvietnam.com\/?post_type=product&#038;p=58264"},"modified":"2024-10-11T15:07:15","modified_gmt":"2024-10-11T09:07:15","slug":"bo-chan-nhai-palau-va-kinh-ong-tho-perla","status":"publish","type":"product","link":"https:\/\/scubadirectvietnam.com\/?product=bo-chan-nhai-palau-va-kinh-ong-tho-perla","title":{"rendered":"B\u1ed8 CH\u00c2N NH\u00c1I PALAU v\u00e0 K\u00cdNH \u1ed0NG TH\u1ede PERLA"},"content":{"rendered":"<p>Ch\u00e2n nh\u00e1i Palau c\u1ee7a Cressi l\u00e0 m\u1ed9t d\u00f2ng s\u1ea3n ph\u1ea9m \u0111\u01b0\u1ee3c thi\u1ebft k\u1ebf d\u00e0nh cho vi\u1ec7c l\u1eb7n, snorkeling (l\u1eb7n v\u1edbi \u1ed1ng th\u1edf), v\u00e0 c\u00e1c ho\u1ea1t \u0111\u1ed9ng d\u01b0\u1edbi n\u01b0\u1edbc kh\u00e1c. \u0110\u00e2y l\u00e0 m\u1ed9t trong nh\u1eefng s\u1ea3n ph\u1ea9m \u0111\u01b0\u1ee3c \u01b0a chu\u1ed9ng c\u1ee7a Cressi v\u00ec t\u00ednh linh ho\u1ea1t v\u00e0 ti\u1ec7n d\u1ee5ng<br \/>\nCh\u00e2n nh\u00e1i Palau c\u00f3 thi\u1ebft k\u1ebf m\u1edf \u1edf ph\u1ea7n g\u00f3t, cho ph\u00e9p ng\u01b0\u1eddi s\u1eed d\u1ee5ng d\u1ec5 d\u00e0ng \u0111i\u1ec1u ch\u1ec9nh d\u00e2y \u0111eo \u0111\u1ec3 ph\u00f9 h\u1ee3p v\u1edbi nhi\u1ec1u k\u00edch c\u1ee1 ch\u00e2n kh\u00e1c nhau. \u0110i\u1ec1u n\u00e0y c\u0169ng l\u00e0m cho n\u00f3 ti\u1ec7n d\u1ee5ng khi s\u1eed d\u1ee5ng v\u1edbi v\u1edb l\u1eb7n.<br \/>\nK\u00ednh Perla \u0111\u01b0\u1ee3c thi\u1ebft k\u1ebf v\u1edbi hai \u1ed1ng k\u00ednh r\u1eddi, gi\u00fap t\u1ed1i \u01b0u t\u1ea7m nh\u00ecn d\u01b0\u1edbi n\u01b0\u1edbc v\u00e0 mang l\u1ea1i c\u1ea3m gi\u00e1c tho\u1ea3i m\u00e1i cho ng\u01b0\u1eddi \u0111eo.<\/p>\n","protected":false},"excerpt":{"rendered":"<p>&#8211; Ch\u00e2n nh\u00e1i Palau Cressi l\u00e0 m\u1ed9t l\u1ef1a ch\u1ecdn tuy\u1ec7t v\u1eddi cho nh\u1eefng ng\u01b0\u1eddi m\u1edbi b\u1eaft \u0111\u1ea7u ho\u1eb7c nh\u1eefng ng\u01b0\u1eddi mu\u1ed1n tr\u1ea3i nghi\u1ec7m tho\u1ea3i m\u00e1i v\u00e0 linh ho\u1ea1t trong c\u00e1c ho\u1ea1t \u0111\u1ed9ng d\u01b0\u1edbi n\u01b0\u1edbc.<br \/>\n&#8211; B\u1ed9 k\u00ednh Perla c\u00f3 thi\u1ebft k\u1ebf nh\u1ecf g\u1ecdn, gi\u00fap gi\u1ea3m s\u1ee9c c\u1ea3n khi di chuy\u1ec3n trong n\u01b0\u1edbc v\u00e0 mang l\u1ea1i s\u1ef1 tho\u1ea3i m\u00e1i khi \u0111eo trong th\u1eddi gian d\u00e0i.<\/p>\n","protected":false},"featured_media":58327,"comment_status":"open","ping_status":"closed","template":"","meta":[],"product_brand":[],"product_cat":[532],"product_tag":[],"class_list":{"0":"post-58264","1":"product","2":"type-product","3":"status-publish","4":"has-post-thumbnail","6":"product_cat-trung-tam-lan","7":"description-off","9":"first","10":"instock","11":"taxable","12":"shipping-taxable","13":"product-type-simple"},"yoast_head":"<!-- This site is optimized with the Yoast SEO plugin v27.4 - https:\/\/yoast.com\/product\/yoast-seo-wordpress\/ -->\n<title>B\u1ed8 CH\u00c2N NH\u00c1I PALAU v\u00e0 K\u00cdNH \u1ed0NG TH\u1ede PERLA - Scuba Direct Vietnam<\/title>\n<meta name=\"description\" content=\"- Ch\u00e2n nh\u00e1i Palau l\u00e0 m\u1ed9t d\u00f2ng s\u1ea3n ph\u1ea9m \u0111\u01b0\u1ee3c thi\u1ebft k\u1ebf d\u00e0nh cho vi\u1ec7c snorkeling (l\u1eb7n v\u1edbi \u1ed1ng th\u1edf), v\u00e0 c\u00e1c ho\u1ea1t \u0111\u1ed9ng d\u01b0\u1edbi n\u01b0\u1edbc kh\u00e1c.\" \/>\n<meta name=\"robots\" content=\"index, follow, max-snippet:-1, max-image-preview:large, max-video-preview:-1\" \/>\n<link rel=\"canonical\" href=\"https:\/\/scubadirectvietnam.com\/?product=bo-chan-nhai-palau-va-kinh-ong-tho-perla\" \/>\n<meta property=\"og:locale\" content=\"en_US\" \/>\n<meta property=\"og:type\" content=\"article\" \/>\n<meta property=\"og:title\" content=\"B\u1ed8 CH\u00c2N NH\u00c1I PALAU v\u00e0 K\u00cdNH \u1ed0NG TH\u1ede PERLA - Scuba Direct Vietnam\" \/>\n<meta property=\"og:description\" content=\"- Ch\u00e2n nh\u00e1i Palau l\u00e0 m\u1ed9t d\u00f2ng s\u1ea3n ph\u1ea9m \u0111\u01b0\u1ee3c thi\u1ebft k\u1ebf d\u00e0nh cho vi\u1ec7c snorkeling (l\u1eb7n v\u1edbi \u1ed1ng th\u1edf), v\u00e0 c\u00e1c ho\u1ea1t \u0111\u1ed9ng d\u01b0\u1edbi n\u01b0\u1edbc kh\u00e1c.\" \/>\n<meta property=\"og:url\" content=\"https:\/\/scubadirectvietnam.com\/?product=bo-chan-nhai-palau-va-kinh-ong-tho-perla\" \/>\n<meta property=\"og:site_name\" content=\"Scuba Direct Vietnam\" \/>\n<meta property=\"article:publisher\" content=\"https:\/\/www.facebook.com\/scubadirectvn\" \/>\n<meta property=\"article:modified_time\" content=\"2024-10-11T09:07:15+00:00\" \/>\n<meta property=\"og:image\" content=\"https:\/\/scubadirectvietnam.com\/wp-content\/uploads\/2024\/10\/Perla-Palau.jpg\" \/>\n\t<meta property=\"og:image:width\" content=\"900\" \/>\n\t<meta property=\"og:image:height\" content=\"900\" \/>\n\t<meta property=\"og:image:type\" content=\"image\/jpeg\" \/>\n<meta name=\"twitter:card\" content=\"summary_large_image\" \/>\n<meta name=\"twitter:label1\" content=\"Est. reading time\" \/>\n\t<meta name=\"twitter:data1\" content=\"1 minute\" \/>\n<script type=\"application\/ld+json\" class=\"yoast-schema-graph\">{\"@context\":\"https:\\\/\\\/schema.org\",\"@graph\":[{\"@type\":\"WebPage\",\"@id\":\"https:\\\/\\\/scubadirectvietnam.com\\\/?product=bo-chan-nhai-palau-va-kinh-ong-tho-perla\",\"url\":\"https:\\\/\\\/scubadirectvietnam.com\\\/?product=bo-chan-nhai-palau-va-kinh-ong-tho-perla\",\"name\":\"B\u1ed8 CH\u00c2N NH\u00c1I PALAU v\u00e0 K\u00cdNH \u1ed0NG TH\u1ede PERLA - Scuba Direct Vietnam\",\"isPartOf\":{\"@id\":\"https:\\\/\\\/scubadirectvietnam.com\\\/#website\"},\"primaryImageOfPage\":{\"@id\":\"https:\\\/\\\/scubadirectvietnam.com\\\/?product=bo-chan-nhai-palau-va-kinh-ong-tho-perla#primaryimage\"},\"image\":{\"@id\":\"https:\\\/\\\/scubadirectvietnam.com\\\/?product=bo-chan-nhai-palau-va-kinh-ong-tho-perla#primaryimage\"},\"thumbnailUrl\":\"https:\\\/\\\/scubadirectvietnam.com\\\/wp-content\\\/uploads\\\/2024\\\/10\\\/Perla-Palau.jpg\",\"datePublished\":\"2024-10-04T03:26:48+00:00\",\"dateModified\":\"2024-10-11T09:07:15+00:00\",\"description\":\"- Ch\u00e2n nh\u00e1i Palau l\u00e0 m\u1ed9t d\u00f2ng s\u1ea3n ph\u1ea9m \u0111\u01b0\u1ee3c thi\u1ebft k\u1ebf d\u00e0nh cho vi\u1ec7c snorkeling (l\u1eb7n v\u1edbi \u1ed1ng th\u1edf), v\u00e0 c\u00e1c ho\u1ea1t \u0111\u1ed9ng d\u01b0\u1edbi n\u01b0\u1edbc kh\u00e1c.\",\"breadcrumb\":{\"@id\":\"https:\\\/\\\/scubadirectvietnam.com\\\/?product=bo-chan-nhai-palau-va-kinh-ong-tho-perla#breadcrumb\"},\"inLanguage\":\"en-US\",\"potentialAction\":[{\"@type\":\"ReadAction\",\"target\":[\"https:\\\/\\\/scubadirectvietnam.com\\\/?product=bo-chan-nhai-palau-va-kinh-ong-tho-perla\"]}]},{\"@type\":\"ImageObject\",\"inLanguage\":\"en-US\",\"@id\":\"https:\\\/\\\/scubadirectvietnam.com\\\/?product=bo-chan-nhai-palau-va-kinh-ong-tho-perla#primaryimage\",\"url\":\"https:\\\/\\\/scubadirectvietnam.com\\\/wp-content\\\/uploads\\\/2024\\\/10\\\/Perla-Palau.jpg\",\"contentUrl\":\"https:\\\/\\\/scubadirectvietnam.com\\\/wp-content\\\/uploads\\\/2024\\\/10\\\/Perla-Palau.jpg\",\"width\":900,\"height\":900},{\"@type\":\"BreadcrumbList\",\"@id\":\"https:\\\/\\\/scubadirectvietnam.com\\\/?product=bo-chan-nhai-palau-va-kinh-ong-tho-perla#breadcrumb\",\"itemListElement\":[{\"@type\":\"ListItem\",\"position\":1,\"name\":\"Home\",\"item\":\"https:\\\/\\\/scubadirectvietnam.com\\\/\"},{\"@type\":\"ListItem\",\"position\":2,\"name\":\"SCUBA DIRECT VIETNAM ONLINE SHOP\",\"item\":\"https:\\\/\\\/scubadirectvietnam.com\\\/?page_id=54530\"},{\"@type\":\"ListItem\",\"position\":3,\"name\":\"B\u1ed8 CH\u00c2N NH\u00c1I PALAU v\u00e0 K\u00cdNH \u1ed0NG TH\u1ede PERLA\"}]},{\"@type\":\"WebSite\",\"@id\":\"https:\\\/\\\/scubadirectvietnam.com\\\/#website\",\"url\":\"https:\\\/\\\/scubadirectvietnam.com\\\/\",\"name\":\"Scuba Direct Vietnam\",\"description\":\"\",\"publisher\":{\"@id\":\"https:\\\/\\\/scubadirectvietnam.com\\\/#organization\"},\"potentialAction\":[{\"@type\":\"SearchAction\",\"target\":{\"@type\":\"EntryPoint\",\"urlTemplate\":\"https:\\\/\\\/scubadirectvietnam.com\\\/?s={search_term_string}\"},\"query-input\":{\"@type\":\"PropertyValueSpecification\",\"valueRequired\":true,\"valueName\":\"search_term_string\"}}],\"inLanguage\":\"en-US\"},{\"@type\":\"Organization\",\"@id\":\"https:\\\/\\\/scubadirectvietnam.com\\\/#organization\",\"name\":\"Scuba Direct Vietnam Cressi Online\",\"url\":\"https:\\\/\\\/scubadirectvietnam.com\\\/\",\"logo\":{\"@type\":\"ImageObject\",\"inLanguage\":\"en-US\",\"@id\":\"https:\\\/\\\/scubadirectvietnam.com\\\/#\\\/schema\\\/logo\\\/image\\\/\",\"url\":\"https:\\\/\\\/scubadirectvietnam.com\\\/wp-content\\\/uploads\\\/2023\\\/11\\\/Scuba-Direct-Vietnam-Scuba-Gear_logo.png\",\"contentUrl\":\"https:\\\/\\\/scubadirectvietnam.com\\\/wp-content\\\/uploads\\\/2023\\\/11\\\/Scuba-Direct-Vietnam-Scuba-Gear_logo.png\",\"width\":300,\"height\":90,\"caption\":\"Scuba Direct Vietnam Cressi Online\"},\"image\":{\"@id\":\"https:\\\/\\\/scubadirectvietnam.com\\\/#\\\/schema\\\/logo\\\/image\\\/\"},\"sameAs\":[\"https:\\\/\\\/www.facebook.com\\\/scubadirectvn\"]}]}<\/script>\n<!-- \/ Yoast SEO plugin. -->","yoast_head_json":{"title":"B\u1ed8 CH\u00c2N NH\u00c1I PALAU v\u00e0 K\u00cdNH \u1ed0NG TH\u1ede PERLA - Scuba Direct Vietnam","description":"- Ch\u00e2n nh\u00e1i Palau l\u00e0 m\u1ed9t d\u00f2ng s\u1ea3n ph\u1ea9m \u0111\u01b0\u1ee3c thi\u1ebft k\u1ebf d\u00e0nh cho vi\u1ec7c snorkeling (l\u1eb7n v\u1edbi \u1ed1ng th\u1edf), v\u00e0 c\u00e1c ho\u1ea1t \u0111\u1ed9ng d\u01b0\u1edbi n\u01b0\u1edbc kh\u00e1c.","robots":{"index":"index","follow":"follow","max-snippet":"max-snippet:-1","max-image-preview":"max-image-preview:large","max-video-preview":"max-video-preview:-1"},"canonical":"https:\/\/scubadirectvietnam.com\/?product=bo-chan-nhai-palau-va-kinh-ong-tho-perla","og_locale":"en_US","og_type":"article","og_title":"B\u1ed8 CH\u00c2N NH\u00c1I PALAU v\u00e0 K\u00cdNH \u1ed0NG TH\u1ede PERLA - Scuba Direct Vietnam","og_description":"- Ch\u00e2n nh\u00e1i Palau l\u00e0 m\u1ed9t d\u00f2ng s\u1ea3n ph\u1ea9m \u0111\u01b0\u1ee3c thi\u1ebft k\u1ebf d\u00e0nh cho vi\u1ec7c snorkeling (l\u1eb7n v\u1edbi \u1ed1ng th\u1edf), v\u00e0 c\u00e1c ho\u1ea1t \u0111\u1ed9ng d\u01b0\u1edbi n\u01b0\u1edbc kh\u00e1c.","og_url":"https:\/\/scubadirectvietnam.com\/?product=bo-chan-nhai-palau-va-kinh-ong-tho-perla","og_site_name":"Scuba Direct Vietnam","article_publisher":"https:\/\/www.facebook.com\/scubadirectvn","article_modified_time":"2024-10-11T09:07:15+00:00","og_image":[{"width":900,"height":900,"url":"https:\/\/scubadirectvietnam.com\/wp-content\/uploads\/2024\/10\/Perla-Palau.jpg","type":"image\/jpeg"}],"twitter_card":"summary_large_image","twitter_misc":{"Est. reading time":"1 minute"},"schema":{"@context":"https:\/\/schema.org","@graph":[{"@type":"WebPage","@id":"https:\/\/scubadirectvietnam.com\/?product=bo-chan-nhai-palau-va-kinh-ong-tho-perla","url":"https:\/\/scubadirectvietnam.com\/?product=bo-chan-nhai-palau-va-kinh-ong-tho-perla","name":"B\u1ed8 CH\u00c2N NH\u00c1I PALAU v\u00e0 K\u00cdNH \u1ed0NG TH\u1ede PERLA - Scuba Direct Vietnam","isPartOf":{"@id":"https:\/\/scubadirectvietnam.com\/#website"},"primaryImageOfPage":{"@id":"https:\/\/scubadirectvietnam.com\/?product=bo-chan-nhai-palau-va-kinh-ong-tho-perla#primaryimage"},"image":{"@id":"https:\/\/scubadirectvietnam.com\/?product=bo-chan-nhai-palau-va-kinh-ong-tho-perla#primaryimage"},"thumbnailUrl":"https:\/\/scubadirectvietnam.com\/wp-content\/uploads\/2024\/10\/Perla-Palau.jpg","datePublished":"2024-10-04T03:26:48+00:00","dateModified":"2024-10-11T09:07:15+00:00","description":"- Ch\u00e2n nh\u00e1i Palau l\u00e0 m\u1ed9t d\u00f2ng s\u1ea3n ph\u1ea9m \u0111\u01b0\u1ee3c thi\u1ebft k\u1ebf d\u00e0nh cho vi\u1ec7c snorkeling (l\u1eb7n v\u1edbi \u1ed1ng th\u1edf), v\u00e0 c\u00e1c ho\u1ea1t \u0111\u1ed9ng d\u01b0\u1edbi n\u01b0\u1edbc kh\u00e1c.","breadcrumb":{"@id":"https:\/\/scubadirectvietnam.com\/?product=bo-chan-nhai-palau-va-kinh-ong-tho-perla#breadcrumb"},"inLanguage":"en-US","potentialAction":[{"@type":"ReadAction","target":["https:\/\/scubadirectvietnam.com\/?product=bo-chan-nhai-palau-va-kinh-ong-tho-perla"]}]},{"@type":"ImageObject","inLanguage":"en-US","@id":"https:\/\/scubadirectvietnam.com\/?product=bo-chan-nhai-palau-va-kinh-ong-tho-perla#primaryimage","url":"https:\/\/scubadirectvietnam.com\/wp-content\/uploads\/2024\/10\/Perla-Palau.jpg","contentUrl":"https:\/\/scubadirectvietnam.com\/wp-content\/uploads\/2024\/10\/Perla-Palau.jpg","width":900,"height":900},{"@type":"BreadcrumbList","@id":"https:\/\/scubadirectvietnam.com\/?product=bo-chan-nhai-palau-va-kinh-ong-tho-perla#breadcrumb","itemListElement":[{"@type":"ListItem","position":1,"name":"Home","item":"https:\/\/scubadirectvietnam.com\/"},{"@type":"ListItem","position":2,"name":"SCUBA DIRECT VIETNAM ONLINE SHOP","item":"https:\/\/scubadirectvietnam.com\/?page_id=54530"},{"@type":"ListItem","position":3,"name":"B\u1ed8 CH\u00c2N NH\u00c1I PALAU v\u00e0 K\u00cdNH \u1ed0NG TH\u1ede PERLA"}]},{"@type":"WebSite","@id":"https:\/\/scubadirectvietnam.com\/#website","url":"https:\/\/scubadirectvietnam.com\/","name":"Scuba Direct Vietnam","description":"","publisher":{"@id":"https:\/\/scubadirectvietnam.com\/#organization"},"potentialAction":[{"@type":"SearchAction","target":{"@type":"EntryPoint","urlTemplate":"https:\/\/scubadirectvietnam.com\/?s={search_term_string}"},"query-input":{"@type":"PropertyValueSpecification","valueRequired":true,"valueName":"search_term_string"}}],"inLanguage":"en-US"},{"@type":"Organization","@id":"https:\/\/scubadirectvietnam.com\/#organization","name":"Scuba Direct Vietnam Cressi Online","url":"https:\/\/scubadirectvietnam.com\/","logo":{"@type":"ImageObject","inLanguage":"en-US","@id":"https:\/\/scubadirectvietnam.com\/#\/schema\/logo\/image\/","url":"https:\/\/scubadirectvietnam.com\/wp-content\/uploads\/2023\/11\/Scuba-Direct-Vietnam-Scuba-Gear_logo.png","contentUrl":"https:\/\/scubadirectvietnam.com\/wp-content\/uploads\/2023\/11\/Scuba-Direct-Vietnam-Scuba-Gear_logo.png","width":300,"height":90,"caption":"Scuba Direct Vietnam Cressi Online"},"image":{"@id":"https:\/\/scubadirectvietnam.com\/#\/schema\/logo\/image\/"},"sameAs":["https:\/\/www.facebook.com\/scubadirectvn"]}]}},"_links":{"self":[{"href":"https:\/\/scubadirectvietnam.com\/index.php?rest_route=\/wp\/v2\/product\/58264","targetHints":{"allow":["GET"]}}],"collection":[{"href":"https:\/\/scubadirectvietnam.com\/index.php?rest_route=\/wp\/v2\/product"}],"about":[{"href":"https:\/\/scubadirectvietnam.com\/index.php?rest_route=\/wp\/v2\/types\/product"}],"replies":[{"embeddable":true,"href":"https:\/\/scubadirectvietnam.com\/index.php?rest_route=%2Fwp%2Fv2%2Fcomments&post=58264"}],"version-history":[{"count":1,"href":"https:\/\/scubadirectvietnam.com\/index.php?rest_route=\/wp\/v2\/product\/58264\/revisions"}],"predecessor-version":[{"id":58266,"href":"https:\/\/scubadirectvietnam.com\/index.php?rest_route=\/wp\/v2\/product\/58264\/revisions\/58266"}],"wp:featuredmedia":[{"embeddable":true,"href":"https:\/\/scubadirectvietnam.com\/index.php?rest_route=\/wp\/v2\/media\/58327"}],"wp:attachment":[{"href":"https:\/\/scubadirectvietnam.com\/index.php?rest_route=%2Fwp%2Fv2%2Fmedia&parent=58264"}],"wp:term":[{"taxonomy":"product_brand","embeddable":true,"href":"https:\/\/scubadirectvietnam.com\/index.php?rest_route=%2Fwp%2Fv2%2Fproduct_brand&post=58264"},{"taxonomy":"product_cat","embeddable":true,"href":"https:\/\/scubadirectvietnam.com\/index.php?rest_route=%2Fwp%2Fv2%2Fproduct_cat&post=58264"},{"taxonomy":"product_tag","embeddable":true,"href":"https:\/\/scubadirectvietnam.com\/index.php?rest_route=%2Fwp%2Fv2%2Fproduct_tag&post=58264"}],"curies":[{"name":"wp","href":"https:\/\/api.w.org\/{rel}","templated":true}]}}