{"id":58096,"date":"2024-08-16T20:24:11","date_gmt":"2024-08-16T14:24:11","guid":{"rendered":"https:\/\/scubadirectvietnam.com\/?post_type=product&#038;p=58096"},"modified":"2024-08-16T20:24:11","modified_gmt":"2024-08-16T14:24:11","slug":"chan-nhai-gara-modular-impulse-carbon","status":"publish","type":"product","link":"https:\/\/scubadirectvietnam.com\/?product=chan-nhai-gara-modular-impulse-carbon","title":{"rendered":"CH\u00c2N NH\u00c1I GARA MODULAR IMPULSE CARBON"},"content":{"rendered":"<p>L\u01b0\u1ee1i Gara Modular Impulse Carbon<br \/>\nT\u00fai \u0111\u1ef1ng ch\u00e2n b\u1eb1ng cao su nhi\u1ec7t d\u1ebbo, \u0111\u01b0\u1ee3c ch\u1ee9ng nh\u1eadn Full Contact<br \/>\nGiao di\u1ec7n l\u01b0\u1ee1i ti\u00eau chu\u1ea9n v\u1edbi c\u00e1c v\u00edt d\u01b0\u1edbi t\u00fai \u0111\u1ef1ng ch\u00e2n v\u00e0 k\u1eb9p b\u00ean<\/p>\n","protected":false},"excerpt":{"rendered":"<p>Gara Modular Impulse Carbon do Cressi gi\u1edbi thi\u1ec7u khi\u1ebfn \u0111\u00e2y tr\u1edf th\u00e0nh l\u1ef1a ch\u1ecdn ho\u00e0n h\u1ea3o cho l\u1eb7n t\u1ef1 do s\u00e2u v\u00e0 c\u00e2u c\u00e1 b\u1eb1ng lao d\u00e0nh cho th\u1ee3 l\u1eb7n \u1edf m\u1ecdi c\u1ea5p \u0111\u1ed9. Thi\u1ebft k\u1ebf m\u00f4-\u0111un cho ph\u00e9p ng\u01b0\u1eddi d\u00f9ng thay th\u1ebf\/thay \u0111\u1ed5i l\u01b0\u1ee1i cho c\u00e1c m\u1ee5c \u0111\u00edch l\u1eb7n c\u1ee5 th\u1ec3, khi\u1ebfn \u0111\u00e2y tr\u1edf th\u00e0nh ch\u00e2n v\u1ecbt ho\u00e0n h\u1ea3o \u0111\u1ec3 ph\u00e1t tri\u1ec3n, v\u00ec th\u1ee3 l\u1eb7n c\u00f3 th\u1ec3 thay l\u01b0\u1ee1i khi k\u1ef9 n\u0103ng c\u1ee7a h\u1ecd t\u0103ng l\u00ean. B\u1ea5t k\u1ef3 l\u01b0\u1ee1i d\u00e0i s\u1ee3i th\u1ee7y tinh ho\u1eb7c s\u1ee3i carbon ti\u00eau chu\u1ea9n n\u00e0o c\u0169ng c\u00f3 th\u1ec3 thay th\u1ebf trong v\u00e0i ph\u00fat m\u00e0 kh\u00f4ng c\u1ea7n b\u1ea5t k\u1ef3 s\u1eeda \u0111\u1ed5i n\u00e0o \u0111\u1ed1i v\u1edbi c\u1ea3 hai.<br \/>\nT\u00fai \u0111\u1ef1ng ch\u00e2n t\u1ef1 \u0111i\u1ec1u ch\u1ec9nh \u0111\u01b0\u1ee3c ch\u1ebf t\u1ea1o b\u1eb1ng quy tr\u00ecnh gh\u00e9p nhi\u1ec1u h\u1ee3p ch\u1ea5t hi\u1ec7n \u0111\u1ea1i nh\u1ea5t \u0111\u1ec3 t\u1ea1o ra t\u00fai \u0111\u1ef1ng ch\u00e2n c\u00f3 th\u1ec3 mang l\u1ea1i s\u1ef1 tho\u1ea3i m\u00e1i v\u00e0 m\u1ec1m m\u1ea1i quanh b\u00e0n ch\u00e2n khi mong mu\u1ed1n nh\u01b0ng v\u1eabn c\u00f3 h\u1ee3p ch\u1ea5t c\u1ee9ng h\u01a1n d\u01b0\u1edbi t\u00fai \u0111\u1ef1ng ch\u00e2n v\u00e0 v\u00f9ng g\u00f3t ch\u00e2n n\u01a1i truy\u1ec1n l\u1ef1c di\u1ec5n ra. G\u00f3c c\u1ee7a l\u01b0\u1ee1i cung c\u1ea5p hi\u1ec7u qu\u1ea3 t\u1ed1i \u01b0u trong chu k\u1ef3 \u0111\u1ea1p c\u1ea7n \u00edt n\u0103ng l\u01b0\u1ee3ng h\u01a1n \u0111\u1ec3 t\u1ea3i l\u01b0\u1ee1i. V\u00e2y c\u00f3 th\u1ec3 tho\u1ea3i m\u00e1i \u0111eo v\u1edbi ho\u1eb7c kh\u00f4ng c\u00f3 t\u1ea5t neoprene. H\u1ec7 th\u1ed1ng Gara Modular do Cressi gi\u1edbi thi\u1ec7u khi\u1ebfn \u0111\u00e2y tr\u1edf th\u00e0nh l\u1ef1a ch\u1ecdn ho\u00e0n h\u1ea3o cho l\u1eb7n t\u1ef1 do s\u00e2u v\u00e0 c\u00e2u c\u00e1 b\u1eb1ng lao d\u00e0nh cho th\u1ee3 l\u1eb7n \u1edf m\u1ecdi c\u1ea5p \u0111\u1ed9. Thi\u1ebft k\u1ebf d\u1ea1ng m\u00f4-\u0111un cho ph\u00e9p ng\u01b0\u1eddi d\u00f9ng thay th\u1ebf\/thay \u0111\u1ed5i l\u01b0\u1ee1i cho c\u00e1c m\u1ee5c \u0111\u00edch l\u1eb7n c\u1ee5 th\u1ec3, khi\u1ebfn \u0111\u00e2y tr\u1edf th\u00e0nh ch\u00e2n v\u1ecbt ho\u00e0n h\u1ea3o \u0111\u1ec3 ph\u00e1t tri\u1ec3n, v\u00ec th\u1ee3 l\u1eb7n c\u00f3 th\u1ec3 thay l\u01b0\u1ee1i khi k\u1ef9 n\u0103ng c\u1ee7a h\u1ecd t\u0103ng l\u00ean. B\u1ea5t k\u1ef3 l\u01b0\u1ee1i d\u00e0i ti\u00eau chu\u1ea9n n\u00e0o b\u1eb1ng s\u1ee3i th\u1ee7y tinh ho\u1eb7c s\u1ee3i carbon \u0111\u1ec1u c\u00f3 th\u1ec3 thay th\u1ebf trong v\u00e0i ph\u00fat m\u00e0 kh\u00f4ng c\u1ea7n b\u1ea5t k\u1ef3 s\u1eeda \u0111\u1ed5i n\u00e0o \u0111\u1ed1i v\u1edbi c\u1ea3 hai.<br \/>\nT\u00fai \u0111\u1ef1ng ch\u00e2n t\u1ef1 \u0111i\u1ec1u ch\u1ec9nh \u0111\u01b0\u1ee3c ch\u1ebf t\u1ea1o b\u1eb1ng quy tr\u00ecnh gh\u00e9p nhi\u1ec1u h\u1ee3p ch\u1ea5t hi\u1ec7n \u0111\u1ea1i nh\u1ea5t \u0111\u1ec3 t\u1ea1o ra m\u1ed9t t\u00fai \u0111\u1ef1ng ch\u00e2n c\u00f3 th\u1ec3 mang l\u1ea1i s\u1ef1 tho\u1ea3i m\u00e1i v\u00e0 m\u1ec1m m\u1ea1i quanh b\u00e0n ch\u00e2n khi mong mu\u1ed1n nh\u01b0ng v\u1eabn c\u00f3 c\u00e1c h\u1ee3p ch\u1ea5t c\u1ee9ng h\u01a1n d\u01b0\u1edbi t\u00fai \u0111\u1ef1ng ch\u00e2n v\u00e0 v\u00f9ng g\u00f3t ch\u00e2n n\u01a1i truy\u1ec1n l\u1ef1c di\u1ec5n ra. G\u00f3c c\u1ee7a l\u01b0\u1ee1i cung c\u1ea5p hi\u1ec7u qu\u1ea3 t\u1ed1i \u01b0u trong chu k\u1ef3 \u0111\u00e1 \u0111\u00f2i h\u1ecfi \u00edt n\u0103ng l\u01b0\u1ee3ng h\u01a1n \u0111\u1ec3 t\u1ea3i l\u01b0\u1ee1i. V\u00e2y c\u00f3 th\u1ec3 \u0111\u01b0\u1ee3c \u0111eo tho\u1ea3i m\u00e1i v\u1edbi ho\u1eb7c kh\u00f4ng c\u00f3 t\u1ea5t neoprene.<\/p>\n","protected":false},"featured_media":58097,"comment_status":"open","ping_status":"closed","template":"","meta":[],"product_brand":[],"product_cat":[29],"product_tag":[352],"class_list":{"0":"post-58096","1":"product","2":"type-product","3":"status-publish","4":"has-post-thumbnail","6":"product_cat-chan-nhai-freedive","7":"product_tag-chan-nhai","8":"description-off","10":"first","11":"instock","12":"taxable","13":"shipping-taxable","14":"purchasable","15":"product-type-simple"},"yoast_head":"<!-- This site is optimized with the Yoast SEO plugin v27.4 - https:\/\/yoast.com\/product\/yoast-seo-wordpress\/ -->\n<title>CH\u00c2N NH\u00c1I GARA MODULAR IMPULSE CARBON - Scuba Direct Vietnam<\/title>\n<meta name=\"description\" content=\"L\u01b0\u1ee1i Gara Modular Impulse Carbon T\u00fai \u0111\u1ef1ng ch\u00e2n b\u1eb1ng cao su nhi\u1ec7t d\u1ebbo, \u0111\u01b0\u1ee3c ch\u1ee9ng nh\u1eadn Full ContactGiao di\u1ec7n l\u01b0\u1ee1i ti\u00eau chu\u1ea9n v\u1edbi c\u00e1c v\u00edt\" \/>\n<meta name=\"robots\" content=\"index, follow, max-snippet:-1, max-image-preview:large, max-video-preview:-1\" \/>\n<link rel=\"canonical\" href=\"https:\/\/scubadirectvietnam.com\/?product=chan-nhai-gara-modular-impulse-carbon\" \/>\n<meta property=\"og:locale\" content=\"en_US\" \/>\n<meta property=\"og:type\" content=\"article\" \/>\n<meta property=\"og:title\" content=\"CH\u00c2N NH\u00c1I GARA MODULAR IMPULSE CARBON - Scuba Direct Vietnam\" \/>\n<meta property=\"og:description\" content=\"L\u01b0\u1ee1i Gara Modular Impulse Carbon T\u00fai \u0111\u1ef1ng ch\u00e2n b\u1eb1ng cao su nhi\u1ec7t d\u1ebbo, \u0111\u01b0\u1ee3c ch\u1ee9ng nh\u1eadn Full ContactGiao di\u1ec7n l\u01b0\u1ee1i ti\u00eau chu\u1ea9n v\u1edbi c\u00e1c v\u00edt\" \/>\n<meta property=\"og:url\" content=\"https:\/\/scubadirectvietnam.com\/?product=chan-nhai-gara-modular-impulse-carbon\" \/>\n<meta property=\"og:site_name\" content=\"Scuba Direct Vietnam\" \/>\n<meta property=\"article:publisher\" content=\"https:\/\/www.facebook.com\/scubadirectvn\" \/>\n<meta property=\"og:image\" content=\"https:\/\/scubadirectvietnam.com\/wp-content\/uploads\/2024\/08\/SD-CARBON.jpg\" \/>\n\t<meta property=\"og:image:width\" content=\"800\" \/>\n\t<meta property=\"og:image:height\" content=\"834\" \/>\n\t<meta property=\"og:image:type\" content=\"image\/jpeg\" \/>\n<meta name=\"twitter:card\" content=\"summary_large_image\" \/>\n<meta name=\"twitter:label1\" content=\"Est. reading time\" \/>\n\t<meta name=\"twitter:data1\" content=\"1 minute\" \/>\n<script type=\"application\/ld+json\" class=\"yoast-schema-graph\">{\"@context\":\"https:\\\/\\\/schema.org\",\"@graph\":[{\"@type\":\"WebPage\",\"@id\":\"https:\\\/\\\/scubadirectvietnam.com\\\/?product=chan-nhai-gara-modular-impulse-carbon\",\"url\":\"https:\\\/\\\/scubadirectvietnam.com\\\/?product=chan-nhai-gara-modular-impulse-carbon\",\"name\":\"CH\u00c2N NH\u00c1I GARA MODULAR IMPULSE CARBON - Scuba Direct Vietnam\",\"isPartOf\":{\"@id\":\"https:\\\/\\\/scubadirectvietnam.com\\\/#website\"},\"primaryImageOfPage\":{\"@id\":\"https:\\\/\\\/scubadirectvietnam.com\\\/?product=chan-nhai-gara-modular-impulse-carbon#primaryimage\"},\"image\":{\"@id\":\"https:\\\/\\\/scubadirectvietnam.com\\\/?product=chan-nhai-gara-modular-impulse-carbon#primaryimage\"},\"thumbnailUrl\":\"https:\\\/\\\/scubadirectvietnam.com\\\/wp-content\\\/uploads\\\/2024\\\/08\\\/SD-CARBON.jpg\",\"datePublished\":\"2024-08-16T14:24:11+00:00\",\"description\":\"L\u01b0\u1ee1i Gara Modular Impulse Carbon T\u00fai \u0111\u1ef1ng ch\u00e2n b\u1eb1ng cao su nhi\u1ec7t d\u1ebbo, \u0111\u01b0\u1ee3c ch\u1ee9ng nh\u1eadn Full ContactGiao di\u1ec7n l\u01b0\u1ee1i ti\u00eau chu\u1ea9n v\u1edbi c\u00e1c v\u00edt\",\"breadcrumb\":{\"@id\":\"https:\\\/\\\/scubadirectvietnam.com\\\/?product=chan-nhai-gara-modular-impulse-carbon#breadcrumb\"},\"inLanguage\":\"en-US\",\"potentialAction\":[{\"@type\":\"ReadAction\",\"target\":[\"https:\\\/\\\/scubadirectvietnam.com\\\/?product=chan-nhai-gara-modular-impulse-carbon\"]}]},{\"@type\":\"ImageObject\",\"inLanguage\":\"en-US\",\"@id\":\"https:\\\/\\\/scubadirectvietnam.com\\\/?product=chan-nhai-gara-modular-impulse-carbon#primaryimage\",\"url\":\"https:\\\/\\\/scubadirectvietnam.com\\\/wp-content\\\/uploads\\\/2024\\\/08\\\/SD-CARBON.jpg\",\"contentUrl\":\"https:\\\/\\\/scubadirectvietnam.com\\\/wp-content\\\/uploads\\\/2024\\\/08\\\/SD-CARBON.jpg\",\"width\":800,\"height\":834},{\"@type\":\"BreadcrumbList\",\"@id\":\"https:\\\/\\\/scubadirectvietnam.com\\\/?product=chan-nhai-gara-modular-impulse-carbon#breadcrumb\",\"itemListElement\":[{\"@type\":\"ListItem\",\"position\":1,\"name\":\"Home\",\"item\":\"https:\\\/\\\/scubadirectvietnam.com\\\/\"},{\"@type\":\"ListItem\",\"position\":2,\"name\":\"SCUBA DIRECT VIETNAM ONLINE SHOP\",\"item\":\"https:\\\/\\\/scubadirectvietnam.com\\\/?page_id=54530\"},{\"@type\":\"ListItem\",\"position\":3,\"name\":\"CH\u00c2N NH\u00c1I GARA MODULAR IMPULSE CARBON\"}]},{\"@type\":\"WebSite\",\"@id\":\"https:\\\/\\\/scubadirectvietnam.com\\\/#website\",\"url\":\"https:\\\/\\\/scubadirectvietnam.com\\\/\",\"name\":\"Scuba Direct Vietnam\",\"description\":\"\",\"publisher\":{\"@id\":\"https:\\\/\\\/scubadirectvietnam.com\\\/#organization\"},\"potentialAction\":[{\"@type\":\"SearchAction\",\"target\":{\"@type\":\"EntryPoint\",\"urlTemplate\":\"https:\\\/\\\/scubadirectvietnam.com\\\/?s={search_term_string}\"},\"query-input\":{\"@type\":\"PropertyValueSpecification\",\"valueRequired\":true,\"valueName\":\"search_term_string\"}}],\"inLanguage\":\"en-US\"},{\"@type\":\"Organization\",\"@id\":\"https:\\\/\\\/scubadirectvietnam.com\\\/#organization\",\"name\":\"Scuba Direct Vietnam Cressi Online\",\"url\":\"https:\\\/\\\/scubadirectvietnam.com\\\/\",\"logo\":{\"@type\":\"ImageObject\",\"inLanguage\":\"en-US\",\"@id\":\"https:\\\/\\\/scubadirectvietnam.com\\\/#\\\/schema\\\/logo\\\/image\\\/\",\"url\":\"https:\\\/\\\/scubadirectvietnam.com\\\/wp-content\\\/uploads\\\/2023\\\/11\\\/Scuba-Direct-Vietnam-Scuba-Gear_logo.png\",\"contentUrl\":\"https:\\\/\\\/scubadirectvietnam.com\\\/wp-content\\\/uploads\\\/2023\\\/11\\\/Scuba-Direct-Vietnam-Scuba-Gear_logo.png\",\"width\":300,\"height\":90,\"caption\":\"Scuba Direct Vietnam Cressi Online\"},\"image\":{\"@id\":\"https:\\\/\\\/scubadirectvietnam.com\\\/#\\\/schema\\\/logo\\\/image\\\/\"},\"sameAs\":[\"https:\\\/\\\/www.facebook.com\\\/scubadirectvn\"]}]}<\/script>\n<!-- \/ Yoast SEO plugin. -->","yoast_head_json":{"title":"CH\u00c2N NH\u00c1I GARA MODULAR IMPULSE CARBON - Scuba Direct Vietnam","description":"L\u01b0\u1ee1i Gara Modular Impulse Carbon T\u00fai \u0111\u1ef1ng ch\u00e2n b\u1eb1ng cao su nhi\u1ec7t d\u1ebbo, \u0111\u01b0\u1ee3c ch\u1ee9ng nh\u1eadn Full ContactGiao di\u1ec7n l\u01b0\u1ee1i ti\u00eau chu\u1ea9n v\u1edbi c\u00e1c v\u00edt","robots":{"index":"index","follow":"follow","max-snippet":"max-snippet:-1","max-image-preview":"max-image-preview:large","max-video-preview":"max-video-preview:-1"},"canonical":"https:\/\/scubadirectvietnam.com\/?product=chan-nhai-gara-modular-impulse-carbon","og_locale":"en_US","og_type":"article","og_title":"CH\u00c2N NH\u00c1I GARA MODULAR IMPULSE CARBON - Scuba Direct Vietnam","og_description":"L\u01b0\u1ee1i Gara Modular Impulse Carbon T\u00fai \u0111\u1ef1ng ch\u00e2n b\u1eb1ng cao su nhi\u1ec7t d\u1ebbo, \u0111\u01b0\u1ee3c ch\u1ee9ng nh\u1eadn Full ContactGiao di\u1ec7n l\u01b0\u1ee1i ti\u00eau chu\u1ea9n v\u1edbi c\u00e1c v\u00edt","og_url":"https:\/\/scubadirectvietnam.com\/?product=chan-nhai-gara-modular-impulse-carbon","og_site_name":"Scuba Direct Vietnam","article_publisher":"https:\/\/www.facebook.com\/scubadirectvn","og_image":[{"width":800,"height":834,"url":"https:\/\/scubadirectvietnam.com\/wp-content\/uploads\/2024\/08\/SD-CARBON.jpg","type":"image\/jpeg"}],"twitter_card":"summary_large_image","twitter_misc":{"Est. reading time":"1 minute"},"schema":{"@context":"https:\/\/schema.org","@graph":[{"@type":"WebPage","@id":"https:\/\/scubadirectvietnam.com\/?product=chan-nhai-gara-modular-impulse-carbon","url":"https:\/\/scubadirectvietnam.com\/?product=chan-nhai-gara-modular-impulse-carbon","name":"CH\u00c2N NH\u00c1I GARA MODULAR IMPULSE CARBON - Scuba Direct Vietnam","isPartOf":{"@id":"https:\/\/scubadirectvietnam.com\/#website"},"primaryImageOfPage":{"@id":"https:\/\/scubadirectvietnam.com\/?product=chan-nhai-gara-modular-impulse-carbon#primaryimage"},"image":{"@id":"https:\/\/scubadirectvietnam.com\/?product=chan-nhai-gara-modular-impulse-carbon#primaryimage"},"thumbnailUrl":"https:\/\/scubadirectvietnam.com\/wp-content\/uploads\/2024\/08\/SD-CARBON.jpg","datePublished":"2024-08-16T14:24:11+00:00","description":"L\u01b0\u1ee1i Gara Modular Impulse Carbon T\u00fai \u0111\u1ef1ng ch\u00e2n b\u1eb1ng cao su nhi\u1ec7t d\u1ebbo, \u0111\u01b0\u1ee3c ch\u1ee9ng nh\u1eadn Full ContactGiao di\u1ec7n l\u01b0\u1ee1i ti\u00eau chu\u1ea9n v\u1edbi c\u00e1c v\u00edt","breadcrumb":{"@id":"https:\/\/scubadirectvietnam.com\/?product=chan-nhai-gara-modular-impulse-carbon#breadcrumb"},"inLanguage":"en-US","potentialAction":[{"@type":"ReadAction","target":["https:\/\/scubadirectvietnam.com\/?product=chan-nhai-gara-modular-impulse-carbon"]}]},{"@type":"ImageObject","inLanguage":"en-US","@id":"https:\/\/scubadirectvietnam.com\/?product=chan-nhai-gara-modular-impulse-carbon#primaryimage","url":"https:\/\/scubadirectvietnam.com\/wp-content\/uploads\/2024\/08\/SD-CARBON.jpg","contentUrl":"https:\/\/scubadirectvietnam.com\/wp-content\/uploads\/2024\/08\/SD-CARBON.jpg","width":800,"height":834},{"@type":"BreadcrumbList","@id":"https:\/\/scubadirectvietnam.com\/?product=chan-nhai-gara-modular-impulse-carbon#breadcrumb","itemListElement":[{"@type":"ListItem","position":1,"name":"Home","item":"https:\/\/scubadirectvietnam.com\/"},{"@type":"ListItem","position":2,"name":"SCUBA DIRECT VIETNAM ONLINE SHOP","item":"https:\/\/scubadirectvietnam.com\/?page_id=54530"},{"@type":"ListItem","position":3,"name":"CH\u00c2N NH\u00c1I GARA MODULAR IMPULSE CARBON"}]},{"@type":"WebSite","@id":"https:\/\/scubadirectvietnam.com\/#website","url":"https:\/\/scubadirectvietnam.com\/","name":"Scuba Direct Vietnam","description":"","publisher":{"@id":"https:\/\/scubadirectvietnam.com\/#organization"},"potentialAction":[{"@type":"SearchAction","target":{"@type":"EntryPoint","urlTemplate":"https:\/\/scubadirectvietnam.com\/?s={search_term_string}"},"query-input":{"@type":"PropertyValueSpecification","valueRequired":true,"valueName":"search_term_string"}}],"inLanguage":"en-US"},{"@type":"Organization","@id":"https:\/\/scubadirectvietnam.com\/#organization","name":"Scuba Direct Vietnam Cressi Online","url":"https:\/\/scubadirectvietnam.com\/","logo":{"@type":"ImageObject","inLanguage":"en-US","@id":"https:\/\/scubadirectvietnam.com\/#\/schema\/logo\/image\/","url":"https:\/\/scubadirectvietnam.com\/wp-content\/uploads\/2023\/11\/Scuba-Direct-Vietnam-Scuba-Gear_logo.png","contentUrl":"https:\/\/scubadirectvietnam.com\/wp-content\/uploads\/2023\/11\/Scuba-Direct-Vietnam-Scuba-Gear_logo.png","width":300,"height":90,"caption":"Scuba Direct Vietnam Cressi Online"},"image":{"@id":"https:\/\/scubadirectvietnam.com\/#\/schema\/logo\/image\/"},"sameAs":["https:\/\/www.facebook.com\/scubadirectvn"]}]}},"_links":{"self":[{"href":"https:\/\/scubadirectvietnam.com\/index.php?rest_route=\/wp\/v2\/product\/58096","targetHints":{"allow":["GET"]}}],"collection":[{"href":"https:\/\/scubadirectvietnam.com\/index.php?rest_route=\/wp\/v2\/product"}],"about":[{"href":"https:\/\/scubadirectvietnam.com\/index.php?rest_route=\/wp\/v2\/types\/product"}],"replies":[{"embeddable":true,"href":"https:\/\/scubadirectvietnam.com\/index.php?rest_route=%2Fwp%2Fv2%2Fcomments&post=58096"}],"version-history":[{"count":1,"href":"https:\/\/scubadirectvietnam.com\/index.php?rest_route=\/wp\/v2\/product\/58096\/revisions"}],"predecessor-version":[{"id":58098,"href":"https:\/\/scubadirectvietnam.com\/index.php?rest_route=\/wp\/v2\/product\/58096\/revisions\/58098"}],"wp:featuredmedia":[{"embeddable":true,"href":"https:\/\/scubadirectvietnam.com\/index.php?rest_route=\/wp\/v2\/media\/58097"}],"wp:attachment":[{"href":"https:\/\/scubadirectvietnam.com\/index.php?rest_route=%2Fwp%2Fv2%2Fmedia&parent=58096"}],"wp:term":[{"taxonomy":"product_brand","embeddable":true,"href":"https:\/\/scubadirectvietnam.com\/index.php?rest_route=%2Fwp%2Fv2%2Fproduct_brand&post=58096"},{"taxonomy":"product_cat","embeddable":true,"href":"https:\/\/scubadirectvietnam.com\/index.php?rest_route=%2Fwp%2Fv2%2Fproduct_cat&post=58096"},{"taxonomy":"product_tag","embeddable":true,"href":"https:\/\/scubadirectvietnam.com\/index.php?rest_route=%2Fwp%2Fv2%2Fproduct_tag&post=58096"}],"curies":[{"name":"wp","href":"https:\/\/api.w.org\/{rel}","templated":true}]}}