{"id":56886,"date":"2023-12-02T07:07:42","date_gmt":"2023-12-02T07:07:42","guid":{"rendered":"https:\/\/scubadirectvietnam.com\/new\/?post_type=product&#038;p=56886"},"modified":"2023-12-18T13:45:17","modified_gmt":"2023-12-18T07:45:17","slug":"dai-chi-cressi-marseillas-elastic-belt","status":"publish","type":"product","link":"https:\/\/scubadirectvietnam.com\/?product=dai-chi-cressi-marseillas-elastic-belt","title":{"rendered":"\u0110AI CH\u00cc CRESSI MARSEILLAS ELASTIC BELT"},"content":{"rendered":"<p>\u0110ai cao su c\u00f3 kh\u00f3a b\u1eb1ng th\u00e9p kh\u00f4ng g\u1ec9 marseillaise. V\u00ec \u0111\u01b0\u1ee3c l\u00e0m t\u1eeb ch\u1ea5t li\u1ec7u co gi\u00e3n n\u00ean \u0111ai s\u1ebd t\u1ef1 \u0111\u1ed9ng th\u1eaft ch\u1eb7t khi \u0111i xu\u1ed1ng, khi \u0111\u00f3 n\u00f3 th\u01b0\u1eddng l\u1ecfng ra do \u00e1p l\u1ef1c \u1edf b\u1ee5ng v\u00e0 \u0111\u1ed9 d\u00e0y c\u1ee7a b\u1ed9 \u0111\u1ed3 l\u1eb7n gi\u1ea3m. Do \u0111\u00f3, d\u00e2y \u0111ai lu\u00f4n v\u1eeba kh\u00edt v\u1edbi ng\u01b0\u1eddi th\u1ee3 l\u1eb7n trong m\u1ecdi giai \u0111o\u1ea1n l\u1eb7n. Kh\u00f3a b\u1eb1ng th\u00e9p kh\u00f4ng g\u1ec9 marseillaise c\u00f3 m\u1ed9t ch\u1ed1t ki\u1ec3m tra nghi\u00eang v\u1eeba v\u1edbi c\u00e1c l\u1ed7 n\u1eb1m c\u00e1ch \u0111\u1ec1u nhau d\u1ecdc theo d\u00e2y \u0111ai. Tay c\u1ea7m an to\u00e0n v\u00e0 nh\u1ea3 kh\u1ea9n c\u1ea5p nhanh ch\u00f3ng<\/p>\n","protected":false},"excerpt":{"rendered":"<p>\u0110ai cao su c\u00f3 kh\u00f3a b\u1eb1ng th\u00e9p kh\u00f4ng g\u1ec9 marseillaise. V\u00ec \u0111\u01b0\u1ee3c l\u00e0m t\u1eeb ch\u1ea5t li\u1ec7u co gi\u00e3n n\u00ean \u0111ai s\u1ebd t\u1ef1 \u0111\u1ed9ng th\u1eaft ch\u1eb7t khi \u0111i xu\u1ed1ng, khi \u0111\u00f3 n\u00f3 th\u01b0\u1eddng l\u1ecfng ra do \u00e1p l\u1ef1c \u1edf b\u1ee5ng v\u00e0 \u0111\u1ed9 d\u00e0y c\u1ee7a b\u1ed9 \u0111\u1ed3 l\u1eb7n gi\u1ea3m. Do \u0111\u00f3, d\u00e2y \u0111ai lu\u00f4n v\u1eeba kh\u00edt v\u1edbi&hellip;<\/p>\n","protected":false},"featured_media":56926,"comment_status":"closed","ping_status":"closed","template":"","meta":[],"product_brand":[],"product_cat":[51],"product_tag":[350,351],"class_list":{"0":"post-56886","1":"product","2":"type-product","3":"status-publish","4":"has-post-thumbnail","6":"product_cat-that-lung-chi-lan","7":"product_tag-cressi-belt","8":"product_tag-dai-chi","9":"description-off","11":"first","12":"instock","13":"taxable","14":"shipping-taxable","15":"purchasable","16":"product-type-simple"},"yoast_head":"<!-- This site is optimized with the Yoast SEO plugin v27.4 - https:\/\/yoast.com\/product\/yoast-seo-wordpress\/ -->\n<title>\u0110AI CH\u00cc CRESSI MARSEILLAS ELASTIC BELT - Scuba Direct Vietnam<\/title>\n<meta name=\"description\" content=\"\u0110ai cao su c\u00f3 kh\u00f3a b\u1eb1ng th\u00e9p kh\u00f4ng g\u1ec9 marseillaise. V\u00ec \u0111\u01b0\u1ee3c l\u00e0m t\u1eeb ch\u1ea5t li\u1ec7u co gi\u00e3n n\u00ean \u0111ai s\u1ebd t\u1ef1 \u0111\u1ed9ng th\u1eaft ch\u1eb7t khi \u0111i xu\u1ed1ng,\" \/>\n<meta name=\"robots\" content=\"index, follow, max-snippet:-1, max-image-preview:large, max-video-preview:-1\" \/>\n<link rel=\"canonical\" href=\"https:\/\/scubadirectvietnam.com\/?product=dai-chi-cressi-marseillas-elastic-belt\" \/>\n<meta property=\"og:locale\" content=\"en_US\" \/>\n<meta property=\"og:type\" content=\"article\" \/>\n<meta property=\"og:title\" content=\"\u0110AI CH\u00cc CRESSI MARSEILLAS ELASTIC BELT - Scuba Direct Vietnam\" \/>\n<meta property=\"og:description\" content=\"\u0110ai cao su c\u00f3 kh\u00f3a b\u1eb1ng th\u00e9p kh\u00f4ng g\u1ec9 marseillaise. V\u00ec \u0111\u01b0\u1ee3c l\u00e0m t\u1eeb ch\u1ea5t li\u1ec7u co gi\u00e3n n\u00ean \u0111ai s\u1ebd t\u1ef1 \u0111\u1ed9ng th\u1eaft ch\u1eb7t khi \u0111i xu\u1ed1ng,\" \/>\n<meta property=\"og:url\" content=\"https:\/\/scubadirectvietnam.com\/?product=dai-chi-cressi-marseillas-elastic-belt\" \/>\n<meta property=\"og:site_name\" content=\"Scuba Direct Vietnam\" \/>\n<meta property=\"article:publisher\" content=\"https:\/\/www.facebook.com\/scubadirectvn\" \/>\n<meta property=\"article:modified_time\" content=\"2023-12-18T07:45:17+00:00\" \/>\n<meta property=\"og:image\" content=\"https:\/\/scubadirectvietnam.com\/wp-content\/uploads\/2023\/12\/SD-belt-lo.jpg\" \/>\n\t<meta property=\"og:image:width\" content=\"800\" \/>\n\t<meta property=\"og:image:height\" content=\"800\" \/>\n\t<meta property=\"og:image:type\" content=\"image\/jpeg\" \/>\n<meta name=\"twitter:card\" content=\"summary_large_image\" \/>\n<meta name=\"twitter:label1\" content=\"Est. reading time\" \/>\n\t<meta name=\"twitter:data1\" content=\"1 minute\" \/>\n<script type=\"application\/ld+json\" class=\"yoast-schema-graph\">{\"@context\":\"https:\\\/\\\/schema.org\",\"@graph\":[{\"@type\":\"WebPage\",\"@id\":\"https:\\\/\\\/scubadirectvietnam.com\\\/?product=dai-chi-cressi-marseillas-elastic-belt\",\"url\":\"https:\\\/\\\/scubadirectvietnam.com\\\/?product=dai-chi-cressi-marseillas-elastic-belt\",\"name\":\"\u0110AI CH\u00cc CRESSI MARSEILLAS ELASTIC BELT - Scuba Direct Vietnam\",\"isPartOf\":{\"@id\":\"https:\\\/\\\/scubadirectvietnam.com\\\/#website\"},\"primaryImageOfPage\":{\"@id\":\"https:\\\/\\\/scubadirectvietnam.com\\\/?product=dai-chi-cressi-marseillas-elastic-belt#primaryimage\"},\"image\":{\"@id\":\"https:\\\/\\\/scubadirectvietnam.com\\\/?product=dai-chi-cressi-marseillas-elastic-belt#primaryimage\"},\"thumbnailUrl\":\"https:\\\/\\\/scubadirectvietnam.com\\\/wp-content\\\/uploads\\\/2023\\\/12\\\/SD-belt-lo.jpg\",\"datePublished\":\"2023-12-02T07:07:42+00:00\",\"dateModified\":\"2023-12-18T07:45:17+00:00\",\"description\":\"\u0110ai cao su c\u00f3 kh\u00f3a b\u1eb1ng th\u00e9p kh\u00f4ng g\u1ec9 marseillaise. V\u00ec \u0111\u01b0\u1ee3c l\u00e0m t\u1eeb ch\u1ea5t li\u1ec7u co gi\u00e3n n\u00ean \u0111ai s\u1ebd t\u1ef1 \u0111\u1ed9ng th\u1eaft ch\u1eb7t khi \u0111i xu\u1ed1ng,\",\"breadcrumb\":{\"@id\":\"https:\\\/\\\/scubadirectvietnam.com\\\/?product=dai-chi-cressi-marseillas-elastic-belt#breadcrumb\"},\"inLanguage\":\"en-US\",\"potentialAction\":[{\"@type\":\"ReadAction\",\"target\":[\"https:\\\/\\\/scubadirectvietnam.com\\\/?product=dai-chi-cressi-marseillas-elastic-belt\"]}]},{\"@type\":\"ImageObject\",\"inLanguage\":\"en-US\",\"@id\":\"https:\\\/\\\/scubadirectvietnam.com\\\/?product=dai-chi-cressi-marseillas-elastic-belt#primaryimage\",\"url\":\"https:\\\/\\\/scubadirectvietnam.com\\\/wp-content\\\/uploads\\\/2023\\\/12\\\/SD-belt-lo.jpg\",\"contentUrl\":\"https:\\\/\\\/scubadirectvietnam.com\\\/wp-content\\\/uploads\\\/2023\\\/12\\\/SD-belt-lo.jpg\",\"width\":800,\"height\":800},{\"@type\":\"BreadcrumbList\",\"@id\":\"https:\\\/\\\/scubadirectvietnam.com\\\/?product=dai-chi-cressi-marseillas-elastic-belt#breadcrumb\",\"itemListElement\":[{\"@type\":\"ListItem\",\"position\":1,\"name\":\"Home\",\"item\":\"https:\\\/\\\/scubadirectvietnam.com\\\/\"},{\"@type\":\"ListItem\",\"position\":2,\"name\":\"SCUBA DIRECT VIETNAM ONLINE SHOP\",\"item\":\"https:\\\/\\\/scubadirectvietnam.com\\\/?page_id=54530\"},{\"@type\":\"ListItem\",\"position\":3,\"name\":\"\u0110AI CH\u00cc CRESSI MARSEILLAS ELASTIC BELT\"}]},{\"@type\":\"WebSite\",\"@id\":\"https:\\\/\\\/scubadirectvietnam.com\\\/#website\",\"url\":\"https:\\\/\\\/scubadirectvietnam.com\\\/\",\"name\":\"Scuba Direct Vietnam\",\"description\":\"\",\"publisher\":{\"@id\":\"https:\\\/\\\/scubadirectvietnam.com\\\/#organization\"},\"potentialAction\":[{\"@type\":\"SearchAction\",\"target\":{\"@type\":\"EntryPoint\",\"urlTemplate\":\"https:\\\/\\\/scubadirectvietnam.com\\\/?s={search_term_string}\"},\"query-input\":{\"@type\":\"PropertyValueSpecification\",\"valueRequired\":true,\"valueName\":\"search_term_string\"}}],\"inLanguage\":\"en-US\"},{\"@type\":\"Organization\",\"@id\":\"https:\\\/\\\/scubadirectvietnam.com\\\/#organization\",\"name\":\"Scuba Direct Vietnam Cressi Online\",\"url\":\"https:\\\/\\\/scubadirectvietnam.com\\\/\",\"logo\":{\"@type\":\"ImageObject\",\"inLanguage\":\"en-US\",\"@id\":\"https:\\\/\\\/scubadirectvietnam.com\\\/#\\\/schema\\\/logo\\\/image\\\/\",\"url\":\"https:\\\/\\\/scubadirectvietnam.com\\\/wp-content\\\/uploads\\\/2023\\\/11\\\/Scuba-Direct-Vietnam-Scuba-Gear_logo.png\",\"contentUrl\":\"https:\\\/\\\/scubadirectvietnam.com\\\/wp-content\\\/uploads\\\/2023\\\/11\\\/Scuba-Direct-Vietnam-Scuba-Gear_logo.png\",\"width\":300,\"height\":90,\"caption\":\"Scuba Direct Vietnam Cressi Online\"},\"image\":{\"@id\":\"https:\\\/\\\/scubadirectvietnam.com\\\/#\\\/schema\\\/logo\\\/image\\\/\"},\"sameAs\":[\"https:\\\/\\\/www.facebook.com\\\/scubadirectvn\"]}]}<\/script>\n<!-- \/ Yoast SEO plugin. -->","yoast_head_json":{"title":"\u0110AI CH\u00cc CRESSI MARSEILLAS ELASTIC BELT - Scuba Direct Vietnam","description":"\u0110ai cao su c\u00f3 kh\u00f3a b\u1eb1ng th\u00e9p kh\u00f4ng g\u1ec9 marseillaise. V\u00ec \u0111\u01b0\u1ee3c l\u00e0m t\u1eeb ch\u1ea5t li\u1ec7u co gi\u00e3n n\u00ean \u0111ai s\u1ebd t\u1ef1 \u0111\u1ed9ng th\u1eaft ch\u1eb7t khi \u0111i xu\u1ed1ng,","robots":{"index":"index","follow":"follow","max-snippet":"max-snippet:-1","max-image-preview":"max-image-preview:large","max-video-preview":"max-video-preview:-1"},"canonical":"https:\/\/scubadirectvietnam.com\/?product=dai-chi-cressi-marseillas-elastic-belt","og_locale":"en_US","og_type":"article","og_title":"\u0110AI CH\u00cc CRESSI MARSEILLAS ELASTIC BELT - Scuba Direct Vietnam","og_description":"\u0110ai cao su c\u00f3 kh\u00f3a b\u1eb1ng th\u00e9p kh\u00f4ng g\u1ec9 marseillaise. V\u00ec \u0111\u01b0\u1ee3c l\u00e0m t\u1eeb ch\u1ea5t li\u1ec7u co gi\u00e3n n\u00ean \u0111ai s\u1ebd t\u1ef1 \u0111\u1ed9ng th\u1eaft ch\u1eb7t khi \u0111i xu\u1ed1ng,","og_url":"https:\/\/scubadirectvietnam.com\/?product=dai-chi-cressi-marseillas-elastic-belt","og_site_name":"Scuba Direct Vietnam","article_publisher":"https:\/\/www.facebook.com\/scubadirectvn","article_modified_time":"2023-12-18T07:45:17+00:00","og_image":[{"width":800,"height":800,"url":"https:\/\/scubadirectvietnam.com\/wp-content\/uploads\/2023\/12\/SD-belt-lo.jpg","type":"image\/jpeg"}],"twitter_card":"summary_large_image","twitter_misc":{"Est. reading time":"1 minute"},"schema":{"@context":"https:\/\/schema.org","@graph":[{"@type":"WebPage","@id":"https:\/\/scubadirectvietnam.com\/?product=dai-chi-cressi-marseillas-elastic-belt","url":"https:\/\/scubadirectvietnam.com\/?product=dai-chi-cressi-marseillas-elastic-belt","name":"\u0110AI CH\u00cc CRESSI MARSEILLAS ELASTIC BELT - Scuba Direct Vietnam","isPartOf":{"@id":"https:\/\/scubadirectvietnam.com\/#website"},"primaryImageOfPage":{"@id":"https:\/\/scubadirectvietnam.com\/?product=dai-chi-cressi-marseillas-elastic-belt#primaryimage"},"image":{"@id":"https:\/\/scubadirectvietnam.com\/?product=dai-chi-cressi-marseillas-elastic-belt#primaryimage"},"thumbnailUrl":"https:\/\/scubadirectvietnam.com\/wp-content\/uploads\/2023\/12\/SD-belt-lo.jpg","datePublished":"2023-12-02T07:07:42+00:00","dateModified":"2023-12-18T07:45:17+00:00","description":"\u0110ai cao su c\u00f3 kh\u00f3a b\u1eb1ng th\u00e9p kh\u00f4ng g\u1ec9 marseillaise. V\u00ec \u0111\u01b0\u1ee3c l\u00e0m t\u1eeb ch\u1ea5t li\u1ec7u co gi\u00e3n n\u00ean \u0111ai s\u1ebd t\u1ef1 \u0111\u1ed9ng th\u1eaft ch\u1eb7t khi \u0111i xu\u1ed1ng,","breadcrumb":{"@id":"https:\/\/scubadirectvietnam.com\/?product=dai-chi-cressi-marseillas-elastic-belt#breadcrumb"},"inLanguage":"en-US","potentialAction":[{"@type":"ReadAction","target":["https:\/\/scubadirectvietnam.com\/?product=dai-chi-cressi-marseillas-elastic-belt"]}]},{"@type":"ImageObject","inLanguage":"en-US","@id":"https:\/\/scubadirectvietnam.com\/?product=dai-chi-cressi-marseillas-elastic-belt#primaryimage","url":"https:\/\/scubadirectvietnam.com\/wp-content\/uploads\/2023\/12\/SD-belt-lo.jpg","contentUrl":"https:\/\/scubadirectvietnam.com\/wp-content\/uploads\/2023\/12\/SD-belt-lo.jpg","width":800,"height":800},{"@type":"BreadcrumbList","@id":"https:\/\/scubadirectvietnam.com\/?product=dai-chi-cressi-marseillas-elastic-belt#breadcrumb","itemListElement":[{"@type":"ListItem","position":1,"name":"Home","item":"https:\/\/scubadirectvietnam.com\/"},{"@type":"ListItem","position":2,"name":"SCUBA DIRECT VIETNAM ONLINE SHOP","item":"https:\/\/scubadirectvietnam.com\/?page_id=54530"},{"@type":"ListItem","position":3,"name":"\u0110AI CH\u00cc CRESSI MARSEILLAS ELASTIC BELT"}]},{"@type":"WebSite","@id":"https:\/\/scubadirectvietnam.com\/#website","url":"https:\/\/scubadirectvietnam.com\/","name":"Scuba Direct Vietnam","description":"","publisher":{"@id":"https:\/\/scubadirectvietnam.com\/#organization"},"potentialAction":[{"@type":"SearchAction","target":{"@type":"EntryPoint","urlTemplate":"https:\/\/scubadirectvietnam.com\/?s={search_term_string}"},"query-input":{"@type":"PropertyValueSpecification","valueRequired":true,"valueName":"search_term_string"}}],"inLanguage":"en-US"},{"@type":"Organization","@id":"https:\/\/scubadirectvietnam.com\/#organization","name":"Scuba Direct Vietnam Cressi Online","url":"https:\/\/scubadirectvietnam.com\/","logo":{"@type":"ImageObject","inLanguage":"en-US","@id":"https:\/\/scubadirectvietnam.com\/#\/schema\/logo\/image\/","url":"https:\/\/scubadirectvietnam.com\/wp-content\/uploads\/2023\/11\/Scuba-Direct-Vietnam-Scuba-Gear_logo.png","contentUrl":"https:\/\/scubadirectvietnam.com\/wp-content\/uploads\/2023\/11\/Scuba-Direct-Vietnam-Scuba-Gear_logo.png","width":300,"height":90,"caption":"Scuba Direct Vietnam Cressi Online"},"image":{"@id":"https:\/\/scubadirectvietnam.com\/#\/schema\/logo\/image\/"},"sameAs":["https:\/\/www.facebook.com\/scubadirectvn"]}]}},"_links":{"self":[{"href":"https:\/\/scubadirectvietnam.com\/index.php?rest_route=\/wp\/v2\/product\/56886","targetHints":{"allow":["GET"]}}],"collection":[{"href":"https:\/\/scubadirectvietnam.com\/index.php?rest_route=\/wp\/v2\/product"}],"about":[{"href":"https:\/\/scubadirectvietnam.com\/index.php?rest_route=\/wp\/v2\/types\/product"}],"replies":[{"embeddable":true,"href":"https:\/\/scubadirectvietnam.com\/index.php?rest_route=%2Fwp%2Fv2%2Fcomments&post=56886"}],"version-history":[{"count":3,"href":"https:\/\/scubadirectvietnam.com\/index.php?rest_route=\/wp\/v2\/product\/56886\/revisions"}],"predecessor-version":[{"id":57261,"href":"https:\/\/scubadirectvietnam.com\/index.php?rest_route=\/wp\/v2\/product\/56886\/revisions\/57261"}],"wp:featuredmedia":[{"embeddable":true,"href":"https:\/\/scubadirectvietnam.com\/index.php?rest_route=\/wp\/v2\/media\/56926"}],"wp:attachment":[{"href":"https:\/\/scubadirectvietnam.com\/index.php?rest_route=%2Fwp%2Fv2%2Fmedia&parent=56886"}],"wp:term":[{"taxonomy":"product_brand","embeddable":true,"href":"https:\/\/scubadirectvietnam.com\/index.php?rest_route=%2Fwp%2Fv2%2Fproduct_brand&post=56886"},{"taxonomy":"product_cat","embeddable":true,"href":"https:\/\/scubadirectvietnam.com\/index.php?rest_route=%2Fwp%2Fv2%2Fproduct_cat&post=56886"},{"taxonomy":"product_tag","embeddable":true,"href":"https:\/\/scubadirectvietnam.com\/index.php?rest_route=%2Fwp%2Fv2%2Fproduct_tag&post=56886"}],"curies":[{"name":"wp","href":"https:\/\/api.w.org\/{rel}","templated":true}]}}