{"id":56477,"date":"2023-12-02T07:05:43","date_gmt":"2023-12-02T07:05:43","guid":{"rendered":"https:\/\/scubadirectvietnam.com\/new\/?post_type=product&#038;p=56477"},"modified":"2025-05-03T09:33:46","modified_gmt":"2025-05-03T03:33:46","slug":"tat-lan-cressi-socks-sarago-camo-blue-3mm","status":"publish","type":"product","link":"https:\/\/scubadirectvietnam.com\/?product=tat-lan-cressi-socks-sarago-camo-blue-3mm","title":{"rendered":"T\u1ea4T L\u1eb6N CRESSI SOCKS SARAGO CAMO BLUE 3mm"},"content":{"rendered":"<p>Nh\u1eefng \u0111\u00f4i t\u1ea5t c\u00f3 v\u00e2y c\u00f3 d\u00e2y \u0111eo ho\u1eb7c t\u00fai ch\u00e2n n\u00e0y \u0111\u01b0\u1ee3c l\u00e0m b\u1eb1ng ch\u1ea5t li\u1ec7u cao su t\u1ed5ng h\u1ee3p nylon c\u00f3 \u0111\u1ed9 \u0111\u00e0n h\u1ed3i cao, m\u1ec1m m\u1ea1i 3 mm.<\/p>\n<p>Ch\u00fang ng\u0103n ng\u1eeba s\u1ef1 m\u1ea5t nhi\u1ec7t v\u00e0 gi\u1eef \u1ea5m cho \u0111\u00f4i ch\u00e2n.<\/p>\n<p>Da cao su t\u1ed5ng h\u1ee3p m\u1ecbn \u1edf m\u1eaft c\u00e1 ch\u00e2n cho ph\u00e9p b\u00e1m d\u00ednh t\u1ed1i \u0111a gi\u1eefa t\u1ea5t v\u00e0 ch\u00e2n c\u1ee7a b\u1ed9 \u0111\u1ed3 l\u1eb7n, gi\u00fap gi\u1ea3m l\u01b0\u1ee3ng n\u01b0\u1edbc \u0111i qua.<\/p>\n<p>\u0110\u1ebf ho\u00e0n to\u00e0n ch\u1ed1ng tr\u01b0\u1ee3t.<\/p>\n<p>Vi\u1ec7c x\u00e2y d\u1ef1ng \u0111\u01b0\u1eddng may m\u00f9 gi\u00fap c\u1ea3i thi\u1ec7n h\u01a1n n\u1eefa s\u1ef1 tho\u1ea3i m\u00e1i v\u00e0 t\u00ednh th\u1ea9m m\u1ef9.<\/p>\n","protected":false},"excerpt":{"rendered":"<p>Nh\u1eefng \u0111\u00f4i t\u1ea5t c\u00f3 v\u00e2y c\u00f3 d\u00e2y \u0111eo ho\u1eb7c t\u00fai ch\u00e2n n\u00e0y \u0111\u01b0\u1ee3c l\u00e0m b\u1eb1ng ch\u1ea5t li\u1ec7u cao su t\u1ed5ng h\u1ee3p nylon c\u00f3 \u0111\u1ed9 \u0111\u00e0n h\u1ed3i cao, m\u1ec1m m\u1ea1i 3 mm. Ch\u00fang ng\u0103n ng\u1eeba s\u1ef1 m\u1ea5t nhi\u1ec7t v\u00e0 gi\u1eef \u1ea5m cho \u0111\u00f4i ch\u00e2n. Da cao su t\u1ed5ng h\u1ee3p m\u1ecbn \u1edf m\u1eaft c\u00e1 ch\u00e2n cho ph\u00e9p&hellip;<\/p>\n","protected":false},"featured_media":56547,"comment_status":"closed","ping_status":"closed","template":"","meta":[],"product_brand":[],"product_cat":[115],"product_tag":[334,358,354],"class_list":{"0":"post-56477","1":"product","2":"type-product","3":"status-publish","4":"has-post-thumbnail","6":"product_cat-gang-tay-tat-lan","7":"product_tag-cressi","8":"product_tag-socks","9":"product_tag-tat-lan","10":"description-off","12":"first","13":"instock","14":"sale","15":"taxable","16":"shipping-taxable","17":"purchasable","18":"product-type-variable"},"yoast_head":"<!-- This site is optimized with the Yoast SEO plugin v27.4 - https:\/\/yoast.com\/product\/yoast-seo-wordpress\/ -->\n<title>T\u1ea4T L\u1eb6N CRESSI SOCKS SARAGO CAMO BLUE 3mm - Scuba Direct Vietnam<\/title>\n<meta name=\"description\" content=\"Nh\u1eefng \u0111\u00f4i t\u1ea5t c\u00f3 v\u00e2y c\u00f3 d\u00e2y \u0111eo ho\u1eb7c t\u00fai ch\u00e2n n\u00e0y \u0111\u01b0\u1ee3c l\u00e0m b\u1eb1ng ch\u1ea5t li\u1ec7u cao su t\u1ed5ng h\u1ee3p nylon c\u00f3 \u0111\u1ed9 \u0111\u00e0n h\u1ed3i cao, m\u1ec1m m\u1ea1i 3 mm. Vi\u1ec7c x\u00e2y d\u1ef1ng \u0111\u01b0\u1eddng may m\u00f9\" \/>\n<meta name=\"robots\" content=\"index, follow, max-snippet:-1, max-image-preview:large, max-video-preview:-1\" \/>\n<link rel=\"canonical\" href=\"https:\/\/scubadirectvietnam.com\/?product=tat-lan-cressi-socks-sarago-camo-blue-3mm\" \/>\n<meta property=\"og:locale\" content=\"en_US\" \/>\n<meta property=\"og:type\" content=\"article\" \/>\n<meta property=\"og:title\" content=\"T\u1ea4T L\u1eb6N CRESSI SOCKS SARAGO CAMO BLUE 3mm - Scuba Direct Vietnam\" \/>\n<meta property=\"og:description\" content=\"Nh\u1eefng \u0111\u00f4i t\u1ea5t c\u00f3 v\u00e2y c\u00f3 d\u00e2y \u0111eo ho\u1eb7c t\u00fai ch\u00e2n n\u00e0y \u0111\u01b0\u1ee3c l\u00e0m b\u1eb1ng ch\u1ea5t li\u1ec7u cao su t\u1ed5ng h\u1ee3p nylon c\u00f3 \u0111\u1ed9 \u0111\u00e0n h\u1ed3i cao, m\u1ec1m m\u1ea1i 3 mm. Vi\u1ec7c x\u00e2y d\u1ef1ng \u0111\u01b0\u1eddng may m\u00f9\" \/>\n<meta property=\"og:url\" content=\"https:\/\/scubadirectvietnam.com\/?product=tat-lan-cressi-socks-sarago-camo-blue-3mm\" \/>\n<meta property=\"og:site_name\" content=\"Scuba Direct Vietnam\" \/>\n<meta property=\"article:publisher\" content=\"https:\/\/www.facebook.com\/scubadirectvn\" \/>\n<meta property=\"article:modified_time\" content=\"2025-05-03T03:33:46+00:00\" \/>\n<meta property=\"og:image\" content=\"https:\/\/scubadirectvietnam.com\/wp-content\/uploads\/2023\/12\/1597_sarago-cressi-camo-blue-socks_th1n_z.jpg\" \/>\n\t<meta property=\"og:image:width\" content=\"1500\" \/>\n\t<meta property=\"og:image:height\" content=\"1049\" \/>\n\t<meta property=\"og:image:type\" content=\"image\/jpeg\" \/>\n<meta name=\"twitter:card\" content=\"summary_large_image\" \/>\n<meta name=\"twitter:label1\" content=\"Est. reading time\" \/>\n\t<meta name=\"twitter:data1\" content=\"1 minute\" \/>\n<script type=\"application\/ld+json\" class=\"yoast-schema-graph\">{\"@context\":\"https:\\\/\\\/schema.org\",\"@graph\":[{\"@type\":\"WebPage\",\"@id\":\"https:\\\/\\\/scubadirectvietnam.com\\\/?product=tat-lan-cressi-socks-sarago-camo-blue-3mm\",\"url\":\"https:\\\/\\\/scubadirectvietnam.com\\\/?product=tat-lan-cressi-socks-sarago-camo-blue-3mm\",\"name\":\"T\u1ea4T L\u1eb6N CRESSI SOCKS SARAGO CAMO BLUE 3mm - Scuba Direct Vietnam\",\"isPartOf\":{\"@id\":\"https:\\\/\\\/scubadirectvietnam.com\\\/#website\"},\"primaryImageOfPage\":{\"@id\":\"https:\\\/\\\/scubadirectvietnam.com\\\/?product=tat-lan-cressi-socks-sarago-camo-blue-3mm#primaryimage\"},\"image\":{\"@id\":\"https:\\\/\\\/scubadirectvietnam.com\\\/?product=tat-lan-cressi-socks-sarago-camo-blue-3mm#primaryimage\"},\"thumbnailUrl\":\"https:\\\/\\\/scubadirectvietnam.com\\\/wp-content\\\/uploads\\\/2023\\\/12\\\/1597_sarago-cressi-camo-blue-socks_th1n_z.jpg\",\"datePublished\":\"2023-12-02T07:05:43+00:00\",\"dateModified\":\"2025-05-03T03:33:46+00:00\",\"description\":\"Nh\u1eefng \u0111\u00f4i t\u1ea5t c\u00f3 v\u00e2y c\u00f3 d\u00e2y \u0111eo ho\u1eb7c t\u00fai ch\u00e2n n\u00e0y \u0111\u01b0\u1ee3c l\u00e0m b\u1eb1ng ch\u1ea5t li\u1ec7u cao su t\u1ed5ng h\u1ee3p nylon c\u00f3 \u0111\u1ed9 \u0111\u00e0n h\u1ed3i cao, m\u1ec1m m\u1ea1i 3 mm. Vi\u1ec7c x\u00e2y d\u1ef1ng \u0111\u01b0\u1eddng may m\u00f9\",\"breadcrumb\":{\"@id\":\"https:\\\/\\\/scubadirectvietnam.com\\\/?product=tat-lan-cressi-socks-sarago-camo-blue-3mm#breadcrumb\"},\"inLanguage\":\"en-US\",\"potentialAction\":[{\"@type\":\"ReadAction\",\"target\":[\"https:\\\/\\\/scubadirectvietnam.com\\\/?product=tat-lan-cressi-socks-sarago-camo-blue-3mm\"]}]},{\"@type\":\"ImageObject\",\"inLanguage\":\"en-US\",\"@id\":\"https:\\\/\\\/scubadirectvietnam.com\\\/?product=tat-lan-cressi-socks-sarago-camo-blue-3mm#primaryimage\",\"url\":\"https:\\\/\\\/scubadirectvietnam.com\\\/wp-content\\\/uploads\\\/2023\\\/12\\\/1597_sarago-cressi-camo-blue-socks_th1n_z.jpg\",\"contentUrl\":\"https:\\\/\\\/scubadirectvietnam.com\\\/wp-content\\\/uploads\\\/2023\\\/12\\\/1597_sarago-cressi-camo-blue-socks_th1n_z.jpg\",\"width\":1500,\"height\":1049},{\"@type\":\"BreadcrumbList\",\"@id\":\"https:\\\/\\\/scubadirectvietnam.com\\\/?product=tat-lan-cressi-socks-sarago-camo-blue-3mm#breadcrumb\",\"itemListElement\":[{\"@type\":\"ListItem\",\"position\":1,\"name\":\"Home\",\"item\":\"https:\\\/\\\/scubadirectvietnam.com\\\/\"},{\"@type\":\"ListItem\",\"position\":2,\"name\":\"SCUBA DIRECT VIETNAM ONLINE SHOP\",\"item\":\"https:\\\/\\\/scubadirectvietnam.com\\\/?page_id=54530\"},{\"@type\":\"ListItem\",\"position\":3,\"name\":\"T\u1ea4T L\u1eb6N CRESSI SOCKS SARAGO CAMO BLUE 3mm\"}]},{\"@type\":\"WebSite\",\"@id\":\"https:\\\/\\\/scubadirectvietnam.com\\\/#website\",\"url\":\"https:\\\/\\\/scubadirectvietnam.com\\\/\",\"name\":\"Scuba Direct Vietnam\",\"description\":\"\",\"publisher\":{\"@id\":\"https:\\\/\\\/scubadirectvietnam.com\\\/#organization\"},\"potentialAction\":[{\"@type\":\"SearchAction\",\"target\":{\"@type\":\"EntryPoint\",\"urlTemplate\":\"https:\\\/\\\/scubadirectvietnam.com\\\/?s={search_term_string}\"},\"query-input\":{\"@type\":\"PropertyValueSpecification\",\"valueRequired\":true,\"valueName\":\"search_term_string\"}}],\"inLanguage\":\"en-US\"},{\"@type\":\"Organization\",\"@id\":\"https:\\\/\\\/scubadirectvietnam.com\\\/#organization\",\"name\":\"Scuba Direct Vietnam Cressi Online\",\"url\":\"https:\\\/\\\/scubadirectvietnam.com\\\/\",\"logo\":{\"@type\":\"ImageObject\",\"inLanguage\":\"en-US\",\"@id\":\"https:\\\/\\\/scubadirectvietnam.com\\\/#\\\/schema\\\/logo\\\/image\\\/\",\"url\":\"https:\\\/\\\/scubadirectvietnam.com\\\/wp-content\\\/uploads\\\/2023\\\/11\\\/Scuba-Direct-Vietnam-Scuba-Gear_logo.png\",\"contentUrl\":\"https:\\\/\\\/scubadirectvietnam.com\\\/wp-content\\\/uploads\\\/2023\\\/11\\\/Scuba-Direct-Vietnam-Scuba-Gear_logo.png\",\"width\":300,\"height\":90,\"caption\":\"Scuba Direct Vietnam Cressi Online\"},\"image\":{\"@id\":\"https:\\\/\\\/scubadirectvietnam.com\\\/#\\\/schema\\\/logo\\\/image\\\/\"},\"sameAs\":[\"https:\\\/\\\/www.facebook.com\\\/scubadirectvn\"]}]}<\/script>\n<!-- \/ Yoast SEO plugin. -->","yoast_head_json":{"title":"T\u1ea4T L\u1eb6N CRESSI SOCKS SARAGO CAMO BLUE 3mm - Scuba Direct Vietnam","description":"Nh\u1eefng \u0111\u00f4i t\u1ea5t c\u00f3 v\u00e2y c\u00f3 d\u00e2y \u0111eo ho\u1eb7c t\u00fai ch\u00e2n n\u00e0y \u0111\u01b0\u1ee3c l\u00e0m b\u1eb1ng ch\u1ea5t li\u1ec7u cao su t\u1ed5ng h\u1ee3p nylon c\u00f3 \u0111\u1ed9 \u0111\u00e0n h\u1ed3i cao, m\u1ec1m m\u1ea1i 3 mm. Vi\u1ec7c x\u00e2y d\u1ef1ng \u0111\u01b0\u1eddng may m\u00f9","robots":{"index":"index","follow":"follow","max-snippet":"max-snippet:-1","max-image-preview":"max-image-preview:large","max-video-preview":"max-video-preview:-1"},"canonical":"https:\/\/scubadirectvietnam.com\/?product=tat-lan-cressi-socks-sarago-camo-blue-3mm","og_locale":"en_US","og_type":"article","og_title":"T\u1ea4T L\u1eb6N CRESSI SOCKS SARAGO CAMO BLUE 3mm - Scuba Direct Vietnam","og_description":"Nh\u1eefng \u0111\u00f4i t\u1ea5t c\u00f3 v\u00e2y c\u00f3 d\u00e2y \u0111eo ho\u1eb7c t\u00fai ch\u00e2n n\u00e0y \u0111\u01b0\u1ee3c l\u00e0m b\u1eb1ng ch\u1ea5t li\u1ec7u cao su t\u1ed5ng h\u1ee3p nylon c\u00f3 \u0111\u1ed9 \u0111\u00e0n h\u1ed3i cao, m\u1ec1m m\u1ea1i 3 mm. Vi\u1ec7c x\u00e2y d\u1ef1ng \u0111\u01b0\u1eddng may m\u00f9","og_url":"https:\/\/scubadirectvietnam.com\/?product=tat-lan-cressi-socks-sarago-camo-blue-3mm","og_site_name":"Scuba Direct Vietnam","article_publisher":"https:\/\/www.facebook.com\/scubadirectvn","article_modified_time":"2025-05-03T03:33:46+00:00","og_image":[{"width":1500,"height":1049,"url":"https:\/\/scubadirectvietnam.com\/wp-content\/uploads\/2023\/12\/1597_sarago-cressi-camo-blue-socks_th1n_z.jpg","type":"image\/jpeg"}],"twitter_card":"summary_large_image","twitter_misc":{"Est. reading time":"1 minute"},"schema":{"@context":"https:\/\/schema.org","@graph":[{"@type":"WebPage","@id":"https:\/\/scubadirectvietnam.com\/?product=tat-lan-cressi-socks-sarago-camo-blue-3mm","url":"https:\/\/scubadirectvietnam.com\/?product=tat-lan-cressi-socks-sarago-camo-blue-3mm","name":"T\u1ea4T L\u1eb6N CRESSI SOCKS SARAGO CAMO BLUE 3mm - Scuba Direct Vietnam","isPartOf":{"@id":"https:\/\/scubadirectvietnam.com\/#website"},"primaryImageOfPage":{"@id":"https:\/\/scubadirectvietnam.com\/?product=tat-lan-cressi-socks-sarago-camo-blue-3mm#primaryimage"},"image":{"@id":"https:\/\/scubadirectvietnam.com\/?product=tat-lan-cressi-socks-sarago-camo-blue-3mm#primaryimage"},"thumbnailUrl":"https:\/\/scubadirectvietnam.com\/wp-content\/uploads\/2023\/12\/1597_sarago-cressi-camo-blue-socks_th1n_z.jpg","datePublished":"2023-12-02T07:05:43+00:00","dateModified":"2025-05-03T03:33:46+00:00","description":"Nh\u1eefng \u0111\u00f4i t\u1ea5t c\u00f3 v\u00e2y c\u00f3 d\u00e2y \u0111eo ho\u1eb7c t\u00fai ch\u00e2n n\u00e0y \u0111\u01b0\u1ee3c l\u00e0m b\u1eb1ng ch\u1ea5t li\u1ec7u cao su t\u1ed5ng h\u1ee3p nylon c\u00f3 \u0111\u1ed9 \u0111\u00e0n h\u1ed3i cao, m\u1ec1m m\u1ea1i 3 mm. Vi\u1ec7c x\u00e2y d\u1ef1ng \u0111\u01b0\u1eddng may m\u00f9","breadcrumb":{"@id":"https:\/\/scubadirectvietnam.com\/?product=tat-lan-cressi-socks-sarago-camo-blue-3mm#breadcrumb"},"inLanguage":"en-US","potentialAction":[{"@type":"ReadAction","target":["https:\/\/scubadirectvietnam.com\/?product=tat-lan-cressi-socks-sarago-camo-blue-3mm"]}]},{"@type":"ImageObject","inLanguage":"en-US","@id":"https:\/\/scubadirectvietnam.com\/?product=tat-lan-cressi-socks-sarago-camo-blue-3mm#primaryimage","url":"https:\/\/scubadirectvietnam.com\/wp-content\/uploads\/2023\/12\/1597_sarago-cressi-camo-blue-socks_th1n_z.jpg","contentUrl":"https:\/\/scubadirectvietnam.com\/wp-content\/uploads\/2023\/12\/1597_sarago-cressi-camo-blue-socks_th1n_z.jpg","width":1500,"height":1049},{"@type":"BreadcrumbList","@id":"https:\/\/scubadirectvietnam.com\/?product=tat-lan-cressi-socks-sarago-camo-blue-3mm#breadcrumb","itemListElement":[{"@type":"ListItem","position":1,"name":"Home","item":"https:\/\/scubadirectvietnam.com\/"},{"@type":"ListItem","position":2,"name":"SCUBA DIRECT VIETNAM ONLINE SHOP","item":"https:\/\/scubadirectvietnam.com\/?page_id=54530"},{"@type":"ListItem","position":3,"name":"T\u1ea4T L\u1eb6N CRESSI SOCKS SARAGO CAMO BLUE 3mm"}]},{"@type":"WebSite","@id":"https:\/\/scubadirectvietnam.com\/#website","url":"https:\/\/scubadirectvietnam.com\/","name":"Scuba Direct Vietnam","description":"","publisher":{"@id":"https:\/\/scubadirectvietnam.com\/#organization"},"potentialAction":[{"@type":"SearchAction","target":{"@type":"EntryPoint","urlTemplate":"https:\/\/scubadirectvietnam.com\/?s={search_term_string}"},"query-input":{"@type":"PropertyValueSpecification","valueRequired":true,"valueName":"search_term_string"}}],"inLanguage":"en-US"},{"@type":"Organization","@id":"https:\/\/scubadirectvietnam.com\/#organization","name":"Scuba Direct Vietnam Cressi Online","url":"https:\/\/scubadirectvietnam.com\/","logo":{"@type":"ImageObject","inLanguage":"en-US","@id":"https:\/\/scubadirectvietnam.com\/#\/schema\/logo\/image\/","url":"https:\/\/scubadirectvietnam.com\/wp-content\/uploads\/2023\/11\/Scuba-Direct-Vietnam-Scuba-Gear_logo.png","contentUrl":"https:\/\/scubadirectvietnam.com\/wp-content\/uploads\/2023\/11\/Scuba-Direct-Vietnam-Scuba-Gear_logo.png","width":300,"height":90,"caption":"Scuba Direct Vietnam Cressi Online"},"image":{"@id":"https:\/\/scubadirectvietnam.com\/#\/schema\/logo\/image\/"},"sameAs":["https:\/\/www.facebook.com\/scubadirectvn"]}]}},"_links":{"self":[{"href":"https:\/\/scubadirectvietnam.com\/index.php?rest_route=\/wp\/v2\/product\/56477","targetHints":{"allow":["GET"]}}],"collection":[{"href":"https:\/\/scubadirectvietnam.com\/index.php?rest_route=\/wp\/v2\/product"}],"about":[{"href":"https:\/\/scubadirectvietnam.com\/index.php?rest_route=\/wp\/v2\/types\/product"}],"replies":[{"embeddable":true,"href":"https:\/\/scubadirectvietnam.com\/index.php?rest_route=%2Fwp%2Fv2%2Fcomments&post=56477"}],"version-history":[{"count":3,"href":"https:\/\/scubadirectvietnam.com\/index.php?rest_route=\/wp\/v2\/product\/56477\/revisions"}],"predecessor-version":[{"id":57271,"href":"https:\/\/scubadirectvietnam.com\/index.php?rest_route=\/wp\/v2\/product\/56477\/revisions\/57271"}],"wp:featuredmedia":[{"embeddable":true,"href":"https:\/\/scubadirectvietnam.com\/index.php?rest_route=\/wp\/v2\/media\/56547"}],"wp:attachment":[{"href":"https:\/\/scubadirectvietnam.com\/index.php?rest_route=%2Fwp%2Fv2%2Fmedia&parent=56477"}],"wp:term":[{"taxonomy":"product_brand","embeddable":true,"href":"https:\/\/scubadirectvietnam.com\/index.php?rest_route=%2Fwp%2Fv2%2Fproduct_brand&post=56477"},{"taxonomy":"product_cat","embeddable":true,"href":"https:\/\/scubadirectvietnam.com\/index.php?rest_route=%2Fwp%2Fv2%2Fproduct_cat&post=56477"},{"taxonomy":"product_tag","embeddable":true,"href":"https:\/\/scubadirectvietnam.com\/index.php?rest_route=%2Fwp%2Fv2%2Fproduct_tag&post=56477"}],"curies":[{"name":"wp","href":"https:\/\/api.w.org\/{rel}","templated":true}]}}