{"id":56466,"date":"2023-12-02T07:05:43","date_gmt":"2023-12-02T07:05:43","guid":{"rendered":"https:\/\/scubadirectvietnam.com\/new\/?post_type=product&#038;p=56466"},"modified":"2023-12-18T13:45:27","modified_gmt":"2023-12-18T07:45:27","slug":"gang-tay-lan-cressi-gloves-defender-2mm","status":"publish","type":"product","link":"https:\/\/scubadirectvietnam.com\/?product=gang-tay-lan-cressi-gloves-defender-2mm","title":{"rendered":"G\u0102NG TAY L\u1eb6N CRESSI GLOVES DEFENDER 2mm"},"content":{"rendered":"<p>Nh\u1eefng chi\u1ebfc g\u0103ng tay n\u00e0y \u0111\u01b0\u1ee3c l\u00e0m t\u1eeb HPPE, Poly Ethylene Hi\u1ec7u su\u1ea5t cao, m\u1ed9t v\u1eadt li\u1ec7u cung c\u1ea5p kh\u1ea3 n\u0103ng b\u1ea3o v\u1ec7 b\u00e0n tay kh\u1ecfi nh\u1eefng v\u1ebft c\u1eaft v\u00e0 m\u00e0i m\u00f2n.<\/p>\n<p>Ph\u1ea7n gia c\u1ed1 ng\u00f3n tay \u0111\u01b0\u1ee3c l\u00e0m t\u1eeb l\u1edbp ph\u1ee7 cao su, ho\u1ea1t \u0111\u1ed9ng nh\u01b0 m\u1ed9t l\u1edbp ho\u00e0n thi\u1ec7n ch\u1ed1ng tr\u01b0\u1ee3t v\u00e0 t\u1ea1o \u0111i\u1ec1u ki\u1ec7n c\u1ea7m n\u1eafm ch\u1eafc ch\u1eafn trong m\u1ecdi t\u00ecnh hu\u1ed1ng.<\/p>\n<p>T\u00ednh linh ho\u1ea1t, nh\u1eb9 v\u00e0 tho\u1ea3i m\u00e1i l\u00e0 t\u1ed1i \u01b0u.<\/p>\n","protected":false},"excerpt":{"rendered":"<p>Nh\u1eefng chi\u1ebfc g\u0103ng tay n\u00e0y \u0111\u01b0\u1ee3c l\u00e0m t\u1eeb HPPE, Poly Ethylene Hi\u1ec7u su\u1ea5t cao, m\u1ed9t v\u1eadt li\u1ec7u cung c\u1ea5p kh\u1ea3 n\u0103ng b\u1ea3o v\u1ec7 b\u00e0n tay kh\u1ecfi nh\u1eefng v\u1ebft c\u1eaft v\u00e0 m\u00e0i m\u00f2n. Ph\u1ea7n gia c\u1ed1 ng\u00f3n tay \u0111\u01b0\u1ee3c l\u00e0m t\u1eeb l\u1edbp ph\u1ee7 cao su, ho\u1ea1t \u0111\u1ed9ng nh\u01b0 m\u1ed9t l\u1edbp ho\u00e0n thi\u1ec7n ch\u1ed1ng tr\u01b0\u1ee3t v\u00e0 t\u1ea1o&hellip;<\/p>\n","protected":false},"featured_media":56500,"comment_status":"closed","ping_status":"closed","template":"","meta":[],"product_brand":[],"product_cat":[115],"product_tag":[357,356],"class_list":{"0":"post-56466","1":"product","2":"type-product","3":"status-publish","4":"has-post-thumbnail","6":"product_cat-gang-tay-tat-lan","7":"product_tag-cressi-gloves","8":"product_tag-gang-tay-lan","9":"description-off","11":"first","12":"instock","13":"taxable","14":"shipping-taxable","15":"purchasable","16":"product-type-variable"},"yoast_head":"<!-- This site is optimized with the Yoast SEO plugin v27.4 - https:\/\/yoast.com\/product\/yoast-seo-wordpress\/ -->\n<title>G\u0102NG TAY L\u1eb6N CRESSI GLOVES DEFENDER 2mm - Scuba Direct Vietnam<\/title>\n<meta name=\"description\" content=\"Nh\u1eefng chi\u1ebfc g\u0103ng tay n\u00e0y \u0111\u01b0\u1ee3c l\u00e0m t\u1eeb HPPE, Poly Ethylene Hi\u1ec7u su\u1ea5t cao, m\u1ed9t v\u1eadt li\u1ec7u cung c\u1ea5p kh\u1ea3 n\u0103ng b\u1ea3o v\u1ec7 b\u00e0n tay kh\u1ecfi nh\u1eefng v\u1ebft c\u1eaft v\u00e0 m\u00e0i m\u00f2n.\" \/>\n<meta name=\"robots\" content=\"index, follow, max-snippet:-1, max-image-preview:large, max-video-preview:-1\" \/>\n<link rel=\"canonical\" href=\"https:\/\/scubadirectvietnam.com\/?product=gang-tay-lan-cressi-gloves-defender-2mm\" \/>\n<meta property=\"og:locale\" content=\"en_US\" \/>\n<meta property=\"og:type\" content=\"article\" \/>\n<meta property=\"og:title\" content=\"G\u0102NG TAY L\u1eb6N CRESSI GLOVES DEFENDER 2mm - Scuba Direct Vietnam\" \/>\n<meta property=\"og:description\" content=\"Nh\u1eefng chi\u1ebfc g\u0103ng tay n\u00e0y \u0111\u01b0\u1ee3c l\u00e0m t\u1eeb HPPE, Poly Ethylene Hi\u1ec7u su\u1ea5t cao, m\u1ed9t v\u1eadt li\u1ec7u cung c\u1ea5p kh\u1ea3 n\u0103ng b\u1ea3o v\u1ec7 b\u00e0n tay kh\u1ecfi nh\u1eefng v\u1ebft c\u1eaft v\u00e0 m\u00e0i m\u00f2n.\" \/>\n<meta property=\"og:url\" content=\"https:\/\/scubadirectvietnam.com\/?product=gang-tay-lan-cressi-gloves-defender-2mm\" \/>\n<meta property=\"og:site_name\" content=\"Scuba Direct Vietnam\" \/>\n<meta property=\"article:publisher\" content=\"https:\/\/www.facebook.com\/scubadirectvn\" \/>\n<meta property=\"article:modified_time\" content=\"2023-12-18T07:45:27+00:00\" \/>\n<meta property=\"og:image\" content=\"https:\/\/scubadirectvietnam.com\/wp-content\/uploads\/2023\/12\/1396_cressi-defender-high-stretch-g_bs9i_z.jpg\" \/>\n\t<meta property=\"og:image:width\" content=\"1100\" \/>\n\t<meta property=\"og:image:height\" content=\"1072\" \/>\n\t<meta property=\"og:image:type\" content=\"image\/jpeg\" \/>\n<meta name=\"twitter:card\" content=\"summary_large_image\" \/>\n<meta name=\"twitter:label1\" content=\"Est. reading time\" \/>\n\t<meta name=\"twitter:data1\" content=\"1 minute\" \/>\n<script type=\"application\/ld+json\" class=\"yoast-schema-graph\">{\"@context\":\"https:\\\/\\\/schema.org\",\"@graph\":[{\"@type\":\"WebPage\",\"@id\":\"https:\\\/\\\/scubadirectvietnam.com\\\/?product=gang-tay-lan-cressi-gloves-defender-2mm\",\"url\":\"https:\\\/\\\/scubadirectvietnam.com\\\/?product=gang-tay-lan-cressi-gloves-defender-2mm\",\"name\":\"G\u0102NG TAY L\u1eb6N CRESSI GLOVES DEFENDER 2mm - Scuba Direct Vietnam\",\"isPartOf\":{\"@id\":\"https:\\\/\\\/scubadirectvietnam.com\\\/#website\"},\"primaryImageOfPage\":{\"@id\":\"https:\\\/\\\/scubadirectvietnam.com\\\/?product=gang-tay-lan-cressi-gloves-defender-2mm#primaryimage\"},\"image\":{\"@id\":\"https:\\\/\\\/scubadirectvietnam.com\\\/?product=gang-tay-lan-cressi-gloves-defender-2mm#primaryimage\"},\"thumbnailUrl\":\"https:\\\/\\\/scubadirectvietnam.com\\\/wp-content\\\/uploads\\\/2023\\\/12\\\/1396_cressi-defender-high-stretch-g_bs9i_z.jpg\",\"datePublished\":\"2023-12-02T07:05:43+00:00\",\"dateModified\":\"2023-12-18T07:45:27+00:00\",\"description\":\"Nh\u1eefng chi\u1ebfc g\u0103ng tay n\u00e0y \u0111\u01b0\u1ee3c l\u00e0m t\u1eeb HPPE, Poly Ethylene Hi\u1ec7u su\u1ea5t cao, m\u1ed9t v\u1eadt li\u1ec7u cung c\u1ea5p kh\u1ea3 n\u0103ng b\u1ea3o v\u1ec7 b\u00e0n tay kh\u1ecfi nh\u1eefng v\u1ebft c\u1eaft v\u00e0 m\u00e0i m\u00f2n.\",\"breadcrumb\":{\"@id\":\"https:\\\/\\\/scubadirectvietnam.com\\\/?product=gang-tay-lan-cressi-gloves-defender-2mm#breadcrumb\"},\"inLanguage\":\"en-US\",\"potentialAction\":[{\"@type\":\"ReadAction\",\"target\":[\"https:\\\/\\\/scubadirectvietnam.com\\\/?product=gang-tay-lan-cressi-gloves-defender-2mm\"]}]},{\"@type\":\"ImageObject\",\"inLanguage\":\"en-US\",\"@id\":\"https:\\\/\\\/scubadirectvietnam.com\\\/?product=gang-tay-lan-cressi-gloves-defender-2mm#primaryimage\",\"url\":\"https:\\\/\\\/scubadirectvietnam.com\\\/wp-content\\\/uploads\\\/2023\\\/12\\\/1396_cressi-defender-high-stretch-g_bs9i_z.jpg\",\"contentUrl\":\"https:\\\/\\\/scubadirectvietnam.com\\\/wp-content\\\/uploads\\\/2023\\\/12\\\/1396_cressi-defender-high-stretch-g_bs9i_z.jpg\",\"width\":1100,\"height\":1072},{\"@type\":\"BreadcrumbList\",\"@id\":\"https:\\\/\\\/scubadirectvietnam.com\\\/?product=gang-tay-lan-cressi-gloves-defender-2mm#breadcrumb\",\"itemListElement\":[{\"@type\":\"ListItem\",\"position\":1,\"name\":\"Home\",\"item\":\"https:\\\/\\\/scubadirectvietnam.com\\\/\"},{\"@type\":\"ListItem\",\"position\":2,\"name\":\"SCUBA DIRECT VIETNAM ONLINE SHOP\",\"item\":\"https:\\\/\\\/scubadirectvietnam.com\\\/?page_id=54530\"},{\"@type\":\"ListItem\",\"position\":3,\"name\":\"G\u0102NG TAY L\u1eb6N CRESSI GLOVES DEFENDER 2mm\"}]},{\"@type\":\"WebSite\",\"@id\":\"https:\\\/\\\/scubadirectvietnam.com\\\/#website\",\"url\":\"https:\\\/\\\/scubadirectvietnam.com\\\/\",\"name\":\"Scuba Direct Vietnam\",\"description\":\"\",\"publisher\":{\"@id\":\"https:\\\/\\\/scubadirectvietnam.com\\\/#organization\"},\"potentialAction\":[{\"@type\":\"SearchAction\",\"target\":{\"@type\":\"EntryPoint\",\"urlTemplate\":\"https:\\\/\\\/scubadirectvietnam.com\\\/?s={search_term_string}\"},\"query-input\":{\"@type\":\"PropertyValueSpecification\",\"valueRequired\":true,\"valueName\":\"search_term_string\"}}],\"inLanguage\":\"en-US\"},{\"@type\":\"Organization\",\"@id\":\"https:\\\/\\\/scubadirectvietnam.com\\\/#organization\",\"name\":\"Scuba Direct Vietnam Cressi Online\",\"url\":\"https:\\\/\\\/scubadirectvietnam.com\\\/\",\"logo\":{\"@type\":\"ImageObject\",\"inLanguage\":\"en-US\",\"@id\":\"https:\\\/\\\/scubadirectvietnam.com\\\/#\\\/schema\\\/logo\\\/image\\\/\",\"url\":\"https:\\\/\\\/scubadirectvietnam.com\\\/wp-content\\\/uploads\\\/2023\\\/11\\\/Scuba-Direct-Vietnam-Scuba-Gear_logo.png\",\"contentUrl\":\"https:\\\/\\\/scubadirectvietnam.com\\\/wp-content\\\/uploads\\\/2023\\\/11\\\/Scuba-Direct-Vietnam-Scuba-Gear_logo.png\",\"width\":300,\"height\":90,\"caption\":\"Scuba Direct Vietnam Cressi Online\"},\"image\":{\"@id\":\"https:\\\/\\\/scubadirectvietnam.com\\\/#\\\/schema\\\/logo\\\/image\\\/\"},\"sameAs\":[\"https:\\\/\\\/www.facebook.com\\\/scubadirectvn\"]}]}<\/script>\n<!-- \/ Yoast SEO plugin. -->","yoast_head_json":{"title":"G\u0102NG TAY L\u1eb6N CRESSI GLOVES DEFENDER 2mm - Scuba Direct Vietnam","description":"Nh\u1eefng chi\u1ebfc g\u0103ng tay n\u00e0y \u0111\u01b0\u1ee3c l\u00e0m t\u1eeb HPPE, Poly Ethylene Hi\u1ec7u su\u1ea5t cao, m\u1ed9t v\u1eadt li\u1ec7u cung c\u1ea5p kh\u1ea3 n\u0103ng b\u1ea3o v\u1ec7 b\u00e0n tay kh\u1ecfi nh\u1eefng v\u1ebft c\u1eaft v\u00e0 m\u00e0i m\u00f2n.","robots":{"index":"index","follow":"follow","max-snippet":"max-snippet:-1","max-image-preview":"max-image-preview:large","max-video-preview":"max-video-preview:-1"},"canonical":"https:\/\/scubadirectvietnam.com\/?product=gang-tay-lan-cressi-gloves-defender-2mm","og_locale":"en_US","og_type":"article","og_title":"G\u0102NG TAY L\u1eb6N CRESSI GLOVES DEFENDER 2mm - Scuba Direct Vietnam","og_description":"Nh\u1eefng chi\u1ebfc g\u0103ng tay n\u00e0y \u0111\u01b0\u1ee3c l\u00e0m t\u1eeb HPPE, Poly Ethylene Hi\u1ec7u su\u1ea5t cao, m\u1ed9t v\u1eadt li\u1ec7u cung c\u1ea5p kh\u1ea3 n\u0103ng b\u1ea3o v\u1ec7 b\u00e0n tay kh\u1ecfi nh\u1eefng v\u1ebft c\u1eaft v\u00e0 m\u00e0i m\u00f2n.","og_url":"https:\/\/scubadirectvietnam.com\/?product=gang-tay-lan-cressi-gloves-defender-2mm","og_site_name":"Scuba Direct Vietnam","article_publisher":"https:\/\/www.facebook.com\/scubadirectvn","article_modified_time":"2023-12-18T07:45:27+00:00","og_image":[{"width":1100,"height":1072,"url":"https:\/\/scubadirectvietnam.com\/wp-content\/uploads\/2023\/12\/1396_cressi-defender-high-stretch-g_bs9i_z.jpg","type":"image\/jpeg"}],"twitter_card":"summary_large_image","twitter_misc":{"Est. reading time":"1 minute"},"schema":{"@context":"https:\/\/schema.org","@graph":[{"@type":"WebPage","@id":"https:\/\/scubadirectvietnam.com\/?product=gang-tay-lan-cressi-gloves-defender-2mm","url":"https:\/\/scubadirectvietnam.com\/?product=gang-tay-lan-cressi-gloves-defender-2mm","name":"G\u0102NG TAY L\u1eb6N CRESSI GLOVES DEFENDER 2mm - Scuba Direct Vietnam","isPartOf":{"@id":"https:\/\/scubadirectvietnam.com\/#website"},"primaryImageOfPage":{"@id":"https:\/\/scubadirectvietnam.com\/?product=gang-tay-lan-cressi-gloves-defender-2mm#primaryimage"},"image":{"@id":"https:\/\/scubadirectvietnam.com\/?product=gang-tay-lan-cressi-gloves-defender-2mm#primaryimage"},"thumbnailUrl":"https:\/\/scubadirectvietnam.com\/wp-content\/uploads\/2023\/12\/1396_cressi-defender-high-stretch-g_bs9i_z.jpg","datePublished":"2023-12-02T07:05:43+00:00","dateModified":"2023-12-18T07:45:27+00:00","description":"Nh\u1eefng chi\u1ebfc g\u0103ng tay n\u00e0y \u0111\u01b0\u1ee3c l\u00e0m t\u1eeb HPPE, Poly Ethylene Hi\u1ec7u su\u1ea5t cao, m\u1ed9t v\u1eadt li\u1ec7u cung c\u1ea5p kh\u1ea3 n\u0103ng b\u1ea3o v\u1ec7 b\u00e0n tay kh\u1ecfi nh\u1eefng v\u1ebft c\u1eaft v\u00e0 m\u00e0i m\u00f2n.","breadcrumb":{"@id":"https:\/\/scubadirectvietnam.com\/?product=gang-tay-lan-cressi-gloves-defender-2mm#breadcrumb"},"inLanguage":"en-US","potentialAction":[{"@type":"ReadAction","target":["https:\/\/scubadirectvietnam.com\/?product=gang-tay-lan-cressi-gloves-defender-2mm"]}]},{"@type":"ImageObject","inLanguage":"en-US","@id":"https:\/\/scubadirectvietnam.com\/?product=gang-tay-lan-cressi-gloves-defender-2mm#primaryimage","url":"https:\/\/scubadirectvietnam.com\/wp-content\/uploads\/2023\/12\/1396_cressi-defender-high-stretch-g_bs9i_z.jpg","contentUrl":"https:\/\/scubadirectvietnam.com\/wp-content\/uploads\/2023\/12\/1396_cressi-defender-high-stretch-g_bs9i_z.jpg","width":1100,"height":1072},{"@type":"BreadcrumbList","@id":"https:\/\/scubadirectvietnam.com\/?product=gang-tay-lan-cressi-gloves-defender-2mm#breadcrumb","itemListElement":[{"@type":"ListItem","position":1,"name":"Home","item":"https:\/\/scubadirectvietnam.com\/"},{"@type":"ListItem","position":2,"name":"SCUBA DIRECT VIETNAM ONLINE SHOP","item":"https:\/\/scubadirectvietnam.com\/?page_id=54530"},{"@type":"ListItem","position":3,"name":"G\u0102NG TAY L\u1eb6N CRESSI GLOVES DEFENDER 2mm"}]},{"@type":"WebSite","@id":"https:\/\/scubadirectvietnam.com\/#website","url":"https:\/\/scubadirectvietnam.com\/","name":"Scuba Direct Vietnam","description":"","publisher":{"@id":"https:\/\/scubadirectvietnam.com\/#organization"},"potentialAction":[{"@type":"SearchAction","target":{"@type":"EntryPoint","urlTemplate":"https:\/\/scubadirectvietnam.com\/?s={search_term_string}"},"query-input":{"@type":"PropertyValueSpecification","valueRequired":true,"valueName":"search_term_string"}}],"inLanguage":"en-US"},{"@type":"Organization","@id":"https:\/\/scubadirectvietnam.com\/#organization","name":"Scuba Direct Vietnam Cressi Online","url":"https:\/\/scubadirectvietnam.com\/","logo":{"@type":"ImageObject","inLanguage":"en-US","@id":"https:\/\/scubadirectvietnam.com\/#\/schema\/logo\/image\/","url":"https:\/\/scubadirectvietnam.com\/wp-content\/uploads\/2023\/11\/Scuba-Direct-Vietnam-Scuba-Gear_logo.png","contentUrl":"https:\/\/scubadirectvietnam.com\/wp-content\/uploads\/2023\/11\/Scuba-Direct-Vietnam-Scuba-Gear_logo.png","width":300,"height":90,"caption":"Scuba Direct Vietnam Cressi Online"},"image":{"@id":"https:\/\/scubadirectvietnam.com\/#\/schema\/logo\/image\/"},"sameAs":["https:\/\/www.facebook.com\/scubadirectvn"]}]}},"_links":{"self":[{"href":"https:\/\/scubadirectvietnam.com\/index.php?rest_route=\/wp\/v2\/product\/56466","targetHints":{"allow":["GET"]}}],"collection":[{"href":"https:\/\/scubadirectvietnam.com\/index.php?rest_route=\/wp\/v2\/product"}],"about":[{"href":"https:\/\/scubadirectvietnam.com\/index.php?rest_route=\/wp\/v2\/types\/product"}],"replies":[{"embeddable":true,"href":"https:\/\/scubadirectvietnam.com\/index.php?rest_route=%2Fwp%2Fv2%2Fcomments&post=56466"}],"version-history":[{"count":3,"href":"https:\/\/scubadirectvietnam.com\/index.php?rest_route=\/wp\/v2\/product\/56466\/revisions"}],"predecessor-version":[{"id":57268,"href":"https:\/\/scubadirectvietnam.com\/index.php?rest_route=\/wp\/v2\/product\/56466\/revisions\/57268"}],"wp:featuredmedia":[{"embeddable":true,"href":"https:\/\/scubadirectvietnam.com\/index.php?rest_route=\/wp\/v2\/media\/56500"}],"wp:attachment":[{"href":"https:\/\/scubadirectvietnam.com\/index.php?rest_route=%2Fwp%2Fv2%2Fmedia&parent=56466"}],"wp:term":[{"taxonomy":"product_brand","embeddable":true,"href":"https:\/\/scubadirectvietnam.com\/index.php?rest_route=%2Fwp%2Fv2%2Fproduct_brand&post=56466"},{"taxonomy":"product_cat","embeddable":true,"href":"https:\/\/scubadirectvietnam.com\/index.php?rest_route=%2Fwp%2Fv2%2Fproduct_cat&post=56466"},{"taxonomy":"product_tag","embeddable":true,"href":"https:\/\/scubadirectvietnam.com\/index.php?rest_route=%2Fwp%2Fv2%2Fproduct_tag&post=56466"}],"curies":[{"name":"wp","href":"https:\/\/api.w.org\/{rel}","templated":true}]}}