{"id":55762,"date":"2023-12-02T07:02:28","date_gmt":"2023-12-02T07:02:28","guid":{"rendered":"https:\/\/scubadirectvietnam.com\/new\/?post_type=product&#038;p=55762"},"modified":"2025-05-03T09:30:36","modified_gmt":"2025-05-03T03:30:36","slug":"tat-lan-tracina-3mm-2","status":"publish","type":"product","link":"https:\/\/scubadirectvietnam.com\/?product=tat-lan-tracina-3mm-2","title":{"rendered":"T\u1ea4T L\u1eb6N &#8211; CRESSI TRACINA 3mm"},"content":{"rendered":"<p>\u0110\u01b0\u1ee3c t\u1eeb cao su t\u1ed5ng h\u1ee3p Elastic-Span m\u1ec1m v\u00e0 m\u1ecbn, \u0111\u1ed9 d\u00e0y 3mm.<\/p>\n<p>H\u1ecd c\u00f3 m\u1ed9t l\u1edbp ph\u1ee7 ch\u1ed1ng tr\u01b0\u1ee3t c\u1ee7ng c\u1ed1 l\u1ed1m \u0111\u1ed1m tr\u00ean b\u1ec1 m\u1eb7t.<\/p>\n<p>Black-Metallite l\u00f3t \u0111\u1ec3 khi mang v\u00e0o d\u1ec5 d\u00e0ng h\u01a1n.<\/p>\n<p>L\u1edbp l\u00f3t b\u00ean trong micropious v\u1edbi l\u1edbp ph\u1ee7 Blacklite \u00a9 \u0111\u1ec3 b\u1ea3o v\u1ec7 nhi\u1ec7t v\u00e0 ch\u1ed1ng th\u1ea5m t\u1ed1t h\u01a1n m\u00e0 kh\u00f4ng c\u1ea7n s\u1eed d\u1ee5ng n\u01b0\u1edbc x\u00e0 ph\u00f2ng \u0111\u1ec3 m\u1eb7c ch\u00fang.<\/p>\n<p>\u0110\u1ebf b\u00ean trong b\u1eb1ng nylon \u0111\u1ec3 ng\u0103n ch\u00e2n tr\u01b0\u1ee3t v\u00e0o b\u00ean trong khi \u0111i b\u1ed9.<\/p>\n<p>M\u00f4 h\u00ecnh \u0111\u01b0\u1ee3c thi\u1ebft k\u1ebf theo v\u1ecb tr\u00ed c\u1ee7a b\u00e0n ch\u00e2n \u0111\u1ec3 trong qu\u00e1 tr\u00ecnh di chuy\u1ec3n tr\u00e1nh \u0111\u01b0\u1ee3c n\u1ebfp g\u1ea5p v\u00e0 b\u1ecb b\u00f3 trong khu v\u1ef1c mu b\u00e0n ch\u00e2n.<\/p>\n","protected":false},"excerpt":{"rendered":"<p>\u0110\u01b0\u1ee3c t\u1eeb cao su t\u1ed5ng h\u1ee3p Elastic-Span m\u1ec1m v\u00e0 m\u1ecbn, \u0111\u1ed9 d\u00e0y 3mm. H\u1ecd c\u00f3 m\u1ed9t l\u1edbp ph\u1ee7 ch\u1ed1ng tr\u01b0\u1ee3t c\u1ee7ng c\u1ed1 l\u1ed1m \u0111\u1ed1m tr\u00ean b\u1ec1 m\u1eb7t. Black-Metallite l\u00f3t \u0111\u1ec3 khi mang v\u00e0o d\u1ec5 d\u00e0ng h\u01a1n. L\u1edbp l\u00f3t b\u00ean trong micropious v\u1edbi l\u1edbp ph\u1ee7 Blacklite \u00a9 \u0111\u1ec3 b\u1ea3o v\u1ec7 nhi\u1ec7t v\u00e0 ch\u1ed1ng th\u1ea5m t\u1ed1t h\u01a1n&hellip;<\/p>\n","protected":false},"featured_media":55860,"comment_status":"closed","ping_status":"closed","template":"","meta":[],"product_brand":[],"product_cat":[115],"product_tag":[354],"class_list":{"0":"post-55762","1":"product","2":"type-product","3":"status-publish","4":"has-post-thumbnail","6":"product_cat-gang-tay-tat-lan","7":"product_tag-tat-lan","8":"description-off","10":"first","11":"instock","12":"sale","13":"taxable","14":"shipping-taxable","15":"purchasable","16":"product-type-variable"},"yoast_head":"<!-- This site is optimized with the Yoast SEO plugin v27.4 - https:\/\/yoast.com\/product\/yoast-seo-wordpress\/ -->\n<title>T\u1ea4T L\u1eb6N - CRESSI TRACINA 3mm - Scuba Direct Vietnam<\/title>\n<meta name=\"description\" content=\"Nh\u1eefng chi\u1ebfc t\u1ea5t \u0111\u01b0\u1ee3c l\u00e0m b\u1eb1ng cao su t\u1ed5ng h\u1ee3p c\u00f3 l\u00f3t nylon m\u1ec1m, c\u00f3 \u0111\u1ed9 \u0111\u00e0n h\u1ed3i cao. Ch\u00fang ng\u0103n ng\u1eeba m\u1ea5t nhi\u1ec7t v\u00e0 gi\u1eef \u1ea5m cho b\u00e0n ch\u00e2n.\" \/>\n<meta name=\"robots\" content=\"index, follow, max-snippet:-1, max-image-preview:large, max-video-preview:-1\" \/>\n<link rel=\"canonical\" href=\"https:\/\/scubadirectvietnam.com\/?product=tat-lan-tracina-3mm-2\" \/>\n<meta property=\"og:locale\" content=\"en_US\" \/>\n<meta property=\"og:type\" content=\"article\" \/>\n<meta property=\"og:title\" content=\"T\u1ea4T L\u1eb6N - CRESSI TRACINA 3mm - Scuba Direct Vietnam\" \/>\n<meta property=\"og:description\" content=\"Nh\u1eefng chi\u1ebfc t\u1ea5t \u0111\u01b0\u1ee3c l\u00e0m b\u1eb1ng cao su t\u1ed5ng h\u1ee3p c\u00f3 l\u00f3t nylon m\u1ec1m, c\u00f3 \u0111\u1ed9 \u0111\u00e0n h\u1ed3i cao. Ch\u00fang ng\u0103n ng\u1eeba m\u1ea5t nhi\u1ec7t v\u00e0 gi\u1eef \u1ea5m cho b\u00e0n ch\u00e2n.\" \/>\n<meta property=\"og:url\" content=\"https:\/\/scubadirectvietnam.com\/?product=tat-lan-tracina-3mm-2\" \/>\n<meta property=\"og:site_name\" content=\"Scuba Direct Vietnam\" \/>\n<meta property=\"article:publisher\" content=\"https:\/\/www.facebook.com\/scubadirectvn\" \/>\n<meta property=\"article:modified_time\" content=\"2025-05-03T03:30:36+00:00\" \/>\n<meta property=\"og:image\" content=\"https:\/\/scubadirectvietnam.com\/wp-content\/uploads\/2023\/12\/tracinaSocks-800-scuba-direct-vietnam-1.jpg\" \/>\n\t<meta property=\"og:image:width\" content=\"800\" \/>\n\t<meta property=\"og:image:height\" content=\"800\" \/>\n\t<meta property=\"og:image:type\" content=\"image\/jpeg\" \/>\n<meta name=\"twitter:card\" content=\"summary_large_image\" \/>\n<meta name=\"twitter:label1\" content=\"Est. reading time\" \/>\n\t<meta name=\"twitter:data1\" content=\"1 minute\" \/>\n<script type=\"application\/ld+json\" class=\"yoast-schema-graph\">{\"@context\":\"https:\\\/\\\/schema.org\",\"@graph\":[{\"@type\":\"WebPage\",\"@id\":\"https:\\\/\\\/scubadirectvietnam.com\\\/?product=tat-lan-tracina-3mm-2\",\"url\":\"https:\\\/\\\/scubadirectvietnam.com\\\/?product=tat-lan-tracina-3mm-2\",\"name\":\"T\u1ea4T L\u1eb6N - CRESSI TRACINA 3mm - Scuba Direct Vietnam\",\"isPartOf\":{\"@id\":\"https:\\\/\\\/scubadirectvietnam.com\\\/#website\"},\"primaryImageOfPage\":{\"@id\":\"https:\\\/\\\/scubadirectvietnam.com\\\/?product=tat-lan-tracina-3mm-2#primaryimage\"},\"image\":{\"@id\":\"https:\\\/\\\/scubadirectvietnam.com\\\/?product=tat-lan-tracina-3mm-2#primaryimage\"},\"thumbnailUrl\":\"https:\\\/\\\/scubadirectvietnam.com\\\/wp-content\\\/uploads\\\/2023\\\/12\\\/tracinaSocks-800-scuba-direct-vietnam-1.jpg\",\"datePublished\":\"2023-12-02T07:02:28+00:00\",\"dateModified\":\"2025-05-03T03:30:36+00:00\",\"description\":\"Nh\u1eefng chi\u1ebfc t\u1ea5t \u0111\u01b0\u1ee3c l\u00e0m b\u1eb1ng cao su t\u1ed5ng h\u1ee3p c\u00f3 l\u00f3t nylon m\u1ec1m, c\u00f3 \u0111\u1ed9 \u0111\u00e0n h\u1ed3i cao. Ch\u00fang ng\u0103n ng\u1eeba m\u1ea5t nhi\u1ec7t v\u00e0 gi\u1eef \u1ea5m cho b\u00e0n ch\u00e2n.\",\"breadcrumb\":{\"@id\":\"https:\\\/\\\/scubadirectvietnam.com\\\/?product=tat-lan-tracina-3mm-2#breadcrumb\"},\"inLanguage\":\"en-US\",\"potentialAction\":[{\"@type\":\"ReadAction\",\"target\":[\"https:\\\/\\\/scubadirectvietnam.com\\\/?product=tat-lan-tracina-3mm-2\"]}]},{\"@type\":\"ImageObject\",\"inLanguage\":\"en-US\",\"@id\":\"https:\\\/\\\/scubadirectvietnam.com\\\/?product=tat-lan-tracina-3mm-2#primaryimage\",\"url\":\"https:\\\/\\\/scubadirectvietnam.com\\\/wp-content\\\/uploads\\\/2023\\\/12\\\/tracinaSocks-800-scuba-direct-vietnam-1.jpg\",\"contentUrl\":\"https:\\\/\\\/scubadirectvietnam.com\\\/wp-content\\\/uploads\\\/2023\\\/12\\\/tracinaSocks-800-scuba-direct-vietnam-1.jpg\",\"width\":800,\"height\":800},{\"@type\":\"BreadcrumbList\",\"@id\":\"https:\\\/\\\/scubadirectvietnam.com\\\/?product=tat-lan-tracina-3mm-2#breadcrumb\",\"itemListElement\":[{\"@type\":\"ListItem\",\"position\":1,\"name\":\"Home\",\"item\":\"https:\\\/\\\/scubadirectvietnam.com\\\/\"},{\"@type\":\"ListItem\",\"position\":2,\"name\":\"SCUBA DIRECT VIETNAM ONLINE SHOP\",\"item\":\"https:\\\/\\\/scubadirectvietnam.com\\\/?page_id=54530\"},{\"@type\":\"ListItem\",\"position\":3,\"name\":\"T\u1ea4T L\u1eb6N &#8211; CRESSI TRACINA 3mm\"}]},{\"@type\":\"WebSite\",\"@id\":\"https:\\\/\\\/scubadirectvietnam.com\\\/#website\",\"url\":\"https:\\\/\\\/scubadirectvietnam.com\\\/\",\"name\":\"Scuba Direct Vietnam\",\"description\":\"\",\"publisher\":{\"@id\":\"https:\\\/\\\/scubadirectvietnam.com\\\/#organization\"},\"potentialAction\":[{\"@type\":\"SearchAction\",\"target\":{\"@type\":\"EntryPoint\",\"urlTemplate\":\"https:\\\/\\\/scubadirectvietnam.com\\\/?s={search_term_string}\"},\"query-input\":{\"@type\":\"PropertyValueSpecification\",\"valueRequired\":true,\"valueName\":\"search_term_string\"}}],\"inLanguage\":\"en-US\"},{\"@type\":\"Organization\",\"@id\":\"https:\\\/\\\/scubadirectvietnam.com\\\/#organization\",\"name\":\"Scuba Direct Vietnam Cressi Online\",\"url\":\"https:\\\/\\\/scubadirectvietnam.com\\\/\",\"logo\":{\"@type\":\"ImageObject\",\"inLanguage\":\"en-US\",\"@id\":\"https:\\\/\\\/scubadirectvietnam.com\\\/#\\\/schema\\\/logo\\\/image\\\/\",\"url\":\"https:\\\/\\\/scubadirectvietnam.com\\\/wp-content\\\/uploads\\\/2023\\\/11\\\/Scuba-Direct-Vietnam-Scuba-Gear_logo.png\",\"contentUrl\":\"https:\\\/\\\/scubadirectvietnam.com\\\/wp-content\\\/uploads\\\/2023\\\/11\\\/Scuba-Direct-Vietnam-Scuba-Gear_logo.png\",\"width\":300,\"height\":90,\"caption\":\"Scuba Direct Vietnam Cressi Online\"},\"image\":{\"@id\":\"https:\\\/\\\/scubadirectvietnam.com\\\/#\\\/schema\\\/logo\\\/image\\\/\"},\"sameAs\":[\"https:\\\/\\\/www.facebook.com\\\/scubadirectvn\"]}]}<\/script>\n<!-- \/ Yoast SEO plugin. -->","yoast_head_json":{"title":"T\u1ea4T L\u1eb6N - CRESSI TRACINA 3mm - Scuba Direct Vietnam","description":"Nh\u1eefng chi\u1ebfc t\u1ea5t \u0111\u01b0\u1ee3c l\u00e0m b\u1eb1ng cao su t\u1ed5ng h\u1ee3p c\u00f3 l\u00f3t nylon m\u1ec1m, c\u00f3 \u0111\u1ed9 \u0111\u00e0n h\u1ed3i cao. Ch\u00fang ng\u0103n ng\u1eeba m\u1ea5t nhi\u1ec7t v\u00e0 gi\u1eef \u1ea5m cho b\u00e0n ch\u00e2n.","robots":{"index":"index","follow":"follow","max-snippet":"max-snippet:-1","max-image-preview":"max-image-preview:large","max-video-preview":"max-video-preview:-1"},"canonical":"https:\/\/scubadirectvietnam.com\/?product=tat-lan-tracina-3mm-2","og_locale":"en_US","og_type":"article","og_title":"T\u1ea4T L\u1eb6N - CRESSI TRACINA 3mm - Scuba Direct Vietnam","og_description":"Nh\u1eefng chi\u1ebfc t\u1ea5t \u0111\u01b0\u1ee3c l\u00e0m b\u1eb1ng cao su t\u1ed5ng h\u1ee3p c\u00f3 l\u00f3t nylon m\u1ec1m, c\u00f3 \u0111\u1ed9 \u0111\u00e0n h\u1ed3i cao. Ch\u00fang ng\u0103n ng\u1eeba m\u1ea5t nhi\u1ec7t v\u00e0 gi\u1eef \u1ea5m cho b\u00e0n ch\u00e2n.","og_url":"https:\/\/scubadirectvietnam.com\/?product=tat-lan-tracina-3mm-2","og_site_name":"Scuba Direct Vietnam","article_publisher":"https:\/\/www.facebook.com\/scubadirectvn","article_modified_time":"2025-05-03T03:30:36+00:00","og_image":[{"width":800,"height":800,"url":"https:\/\/scubadirectvietnam.com\/wp-content\/uploads\/2023\/12\/tracinaSocks-800-scuba-direct-vietnam-1.jpg","type":"image\/jpeg"}],"twitter_card":"summary_large_image","twitter_misc":{"Est. reading time":"1 minute"},"schema":{"@context":"https:\/\/schema.org","@graph":[{"@type":"WebPage","@id":"https:\/\/scubadirectvietnam.com\/?product=tat-lan-tracina-3mm-2","url":"https:\/\/scubadirectvietnam.com\/?product=tat-lan-tracina-3mm-2","name":"T\u1ea4T L\u1eb6N - CRESSI TRACINA 3mm - Scuba Direct Vietnam","isPartOf":{"@id":"https:\/\/scubadirectvietnam.com\/#website"},"primaryImageOfPage":{"@id":"https:\/\/scubadirectvietnam.com\/?product=tat-lan-tracina-3mm-2#primaryimage"},"image":{"@id":"https:\/\/scubadirectvietnam.com\/?product=tat-lan-tracina-3mm-2#primaryimage"},"thumbnailUrl":"https:\/\/scubadirectvietnam.com\/wp-content\/uploads\/2023\/12\/tracinaSocks-800-scuba-direct-vietnam-1.jpg","datePublished":"2023-12-02T07:02:28+00:00","dateModified":"2025-05-03T03:30:36+00:00","description":"Nh\u1eefng chi\u1ebfc t\u1ea5t \u0111\u01b0\u1ee3c l\u00e0m b\u1eb1ng cao su t\u1ed5ng h\u1ee3p c\u00f3 l\u00f3t nylon m\u1ec1m, c\u00f3 \u0111\u1ed9 \u0111\u00e0n h\u1ed3i cao. Ch\u00fang ng\u0103n ng\u1eeba m\u1ea5t nhi\u1ec7t v\u00e0 gi\u1eef \u1ea5m cho b\u00e0n ch\u00e2n.","breadcrumb":{"@id":"https:\/\/scubadirectvietnam.com\/?product=tat-lan-tracina-3mm-2#breadcrumb"},"inLanguage":"en-US","potentialAction":[{"@type":"ReadAction","target":["https:\/\/scubadirectvietnam.com\/?product=tat-lan-tracina-3mm-2"]}]},{"@type":"ImageObject","inLanguage":"en-US","@id":"https:\/\/scubadirectvietnam.com\/?product=tat-lan-tracina-3mm-2#primaryimage","url":"https:\/\/scubadirectvietnam.com\/wp-content\/uploads\/2023\/12\/tracinaSocks-800-scuba-direct-vietnam-1.jpg","contentUrl":"https:\/\/scubadirectvietnam.com\/wp-content\/uploads\/2023\/12\/tracinaSocks-800-scuba-direct-vietnam-1.jpg","width":800,"height":800},{"@type":"BreadcrumbList","@id":"https:\/\/scubadirectvietnam.com\/?product=tat-lan-tracina-3mm-2#breadcrumb","itemListElement":[{"@type":"ListItem","position":1,"name":"Home","item":"https:\/\/scubadirectvietnam.com\/"},{"@type":"ListItem","position":2,"name":"SCUBA DIRECT VIETNAM ONLINE SHOP","item":"https:\/\/scubadirectvietnam.com\/?page_id=54530"},{"@type":"ListItem","position":3,"name":"T\u1ea4T L\u1eb6N &#8211; CRESSI TRACINA 3mm"}]},{"@type":"WebSite","@id":"https:\/\/scubadirectvietnam.com\/#website","url":"https:\/\/scubadirectvietnam.com\/","name":"Scuba Direct Vietnam","description":"","publisher":{"@id":"https:\/\/scubadirectvietnam.com\/#organization"},"potentialAction":[{"@type":"SearchAction","target":{"@type":"EntryPoint","urlTemplate":"https:\/\/scubadirectvietnam.com\/?s={search_term_string}"},"query-input":{"@type":"PropertyValueSpecification","valueRequired":true,"valueName":"search_term_string"}}],"inLanguage":"en-US"},{"@type":"Organization","@id":"https:\/\/scubadirectvietnam.com\/#organization","name":"Scuba Direct Vietnam Cressi Online","url":"https:\/\/scubadirectvietnam.com\/","logo":{"@type":"ImageObject","inLanguage":"en-US","@id":"https:\/\/scubadirectvietnam.com\/#\/schema\/logo\/image\/","url":"https:\/\/scubadirectvietnam.com\/wp-content\/uploads\/2023\/11\/Scuba-Direct-Vietnam-Scuba-Gear_logo.png","contentUrl":"https:\/\/scubadirectvietnam.com\/wp-content\/uploads\/2023\/11\/Scuba-Direct-Vietnam-Scuba-Gear_logo.png","width":300,"height":90,"caption":"Scuba Direct Vietnam Cressi Online"},"image":{"@id":"https:\/\/scubadirectvietnam.com\/#\/schema\/logo\/image\/"},"sameAs":["https:\/\/www.facebook.com\/scubadirectvn"]}]}},"_links":{"self":[{"href":"https:\/\/scubadirectvietnam.com\/index.php?rest_route=\/wp\/v2\/product\/55762","targetHints":{"allow":["GET"]}}],"collection":[{"href":"https:\/\/scubadirectvietnam.com\/index.php?rest_route=\/wp\/v2\/product"}],"about":[{"href":"https:\/\/scubadirectvietnam.com\/index.php?rest_route=\/wp\/v2\/types\/product"}],"replies":[{"embeddable":true,"href":"https:\/\/scubadirectvietnam.com\/index.php?rest_route=%2Fwp%2Fv2%2Fcomments&post=55762"}],"version-history":[{"count":3,"href":"https:\/\/scubadirectvietnam.com\/index.php?rest_route=\/wp\/v2\/product\/55762\/revisions"}],"predecessor-version":[{"id":57390,"href":"https:\/\/scubadirectvietnam.com\/index.php?rest_route=\/wp\/v2\/product\/55762\/revisions\/57390"}],"wp:featuredmedia":[{"embeddable":true,"href":"https:\/\/scubadirectvietnam.com\/index.php?rest_route=\/wp\/v2\/media\/55860"}],"wp:attachment":[{"href":"https:\/\/scubadirectvietnam.com\/index.php?rest_route=%2Fwp%2Fv2%2Fmedia&parent=55762"}],"wp:term":[{"taxonomy":"product_brand","embeddable":true,"href":"https:\/\/scubadirectvietnam.com\/index.php?rest_route=%2Fwp%2Fv2%2Fproduct_brand&post=55762"},{"taxonomy":"product_cat","embeddable":true,"href":"https:\/\/scubadirectvietnam.com\/index.php?rest_route=%2Fwp%2Fv2%2Fproduct_cat&post=55762"},{"taxonomy":"product_tag","embeddable":true,"href":"https:\/\/scubadirectvietnam.com\/index.php?rest_route=%2Fwp%2Fv2%2Fproduct_tag&post=55762"}],"curies":[{"name":"wp","href":"https:\/\/api.w.org\/{rel}","templated":true}]}}