{"id":55752,"date":"2023-12-02T07:02:27","date_gmt":"2023-12-02T07:02:27","guid":{"rendered":"https:\/\/scubadirectvietnam.com\/new\/?post_type=product&#038;p=55752"},"modified":"2025-11-15T09:06:53","modified_gmt":"2025-11-15T03:06:53","slug":"cressi-2mm-tropical-gloves","status":"publish","type":"product","link":"https:\/\/scubadirectvietnam.com\/?product=cressi-2mm-tropical-gloves","title":{"rendered":"G\u0102NG TAY CRESSI TROPICAL 2mm GLOVES"},"content":{"rendered":"<p><strong>Cressi 2mm Tropical Gloves<\/strong><\/p>\n<h4 style=\"text-align: left\"><strong>MUA H\u00c0NG TR\u1ef0C TUY\u1ebeN<\/strong><\/h4>\n<p><a href=\"https:\/\/shopee.vn\/G%C4%82NG-TAY-L%E1%BA%B6N-CRESSI-TROPICAL-2MM-i.235233160.25050023280\" target=\"_blank\" rel=\"noopener\"><img decoding=\"async\" class=\"alignnone\" style=\"width: 150px;height: 46px\" title=\"Scuba Direct Vietnam MUA H\u00c0NG TR\u1ef0C TUY\u1ebeN SHOPEE - CRESSI 2MM TROPICAL GLOVES\" src=\"https:\/\/scubadirectvietnam.com\/wp-content\/uploads\/2021\/11\/shopee_button-150x46.png\" alt=\"Scuba Direct Vietnam Scuba Gear Online Shop - Shopee\" width=\"150\" height=\"46\" \/><\/a><\/p>\n<p><a href=\"https:\/\/www.lazada.vn\/products\/gang-tay-lan-cressi-tropical-gloves-2mm-i2473541378-s12111046740.html?c=&amp;channelLpJumpArgs=&amp;clickTrackInfo=query%253Acressi%252Btropical%252Bgloves%253Bnid%253A2473541378%253Bsrc%253ALazadaMainSrp%253Brn%253A50a7ee19238daecaf3d7e37e8b278611%253Bregion%253Avn%253Bsku%253A2473541378_VNAMZ%253Bprice%253A460000%253Bclient%253Adesktop%253Bsupplier_id%253A100010899%253Bbiz_source%253Ah5_internal%253Bslot%253A0%253Butlog_bucket_id%253A470687%253Basc_category_id%253A12060%253Bitem_id%253A2473541378%253Bsku_id%253A12111046740%253Bshop_id%253A35285&amp;fastshipping=0&amp;freeshipping=1&amp;fs_ab=2&amp;fuse_fs=&amp;lang=vi&amp;location=Kh%C3%A1nh%20H%C3%B2a&amp;price=4.6E%205&amp;priceCompare=skuId%3A12111046740%3Bsource%3Alazada-search-voucher%3Bsn%3A50a7ee19238daecaf3d7e37e8b278611%3BunionTrace%3A21010ad117024508611197303ec974%3BoriginPrice%3A460000%3BvoucherPrice%3A460000%3BdisplayPrice%3A460000%3BsourceTag%3A%23auto_collect%231%24auto_collect%24%3BsinglePromotionId%3A-1%3BsingleToolCode%3AmockedSalePrice%3BvoucherPricePlugin%3A1%3BbuyerId%3A0%3Btimestamp%3A1702450861533&amp;ratingscore=0&amp;request_id=50a7ee19238daecaf3d7e37e8b278611&amp;review=&amp;sale=0&amp;search=1&amp;source=search&amp;spm=a2o4n.searchlist.list.i40.305118caKmTyhh&amp;stock=1\" target=\"_blank\" rel=\"noopener\"><img decoding=\"async\" class=\"alignnone\" style=\"width: 150px;height: 46px\" title=\"Scuba Direct Vietnam MUA H\u00c0NG TR\u1ef0C TUY\u1ebeN LAZADA - CRESSI 2MM TROPICAL GLOVES\" src=\"https:\/\/scubadirectvietnam.com\/wp-content\/uploads\/2023\/12\/Logo-Lazada-150x46-1.png\" alt=\"Scuba Direct Vietnam Scuba Gear Online Shop - Lazada\" width=\"150\" height=\"46\" \/><\/a><\/p>\n<h3>Cressi 2mm Tropical Gloves<\/h3>\n<ul>\n<li>\u0110\u01b0\u1ee3c l\u00e0m b\u1eb1ng Neoprene\u00ae d\u00e0y 2 mm v\u00e0 Nappa Leather, hai ch\u1ea5t li\u1ec7u m\u1ec1m v\u00e0 nh\u1eb9 kh\u00e1c nhau.<\/li>\n<li>Khu v\u1ef1c Velcro l\u1edbn tr\u00ean c\u1ed5 tay \u0111\u1ec3 \u0111i\u1ec1u ch\u1ec9nh d\u1ec5 d\u00e0ng, cho ph\u00e9p \u0111i\u1ec1u ch\u1ec9nh ngay l\u1eadp t\u1ee9c, c\u1ea3 tr\u01b0\u1edbc v\u00e0 trong khi l\u1eb7n.<\/li>\n<li>L\u00f2ng b\u00e0n tay ch\u1ed1ng tr\u1ea7y x\u01b0\u1edbc, ch\u1ed1ng m\u00e0i m\u00f2n t\u1ed1t. Khu v\u1ef1c l\u00f2ng b\u00e0n tay v\u00e0 ng\u00f3n tay s\u1eed d\u1ee5ng m\u1ed9t Napa m\u00e0u x\u00e1m nh\u1ea1t tr\u1edf n\u00ean c\u1ef1c k\u1ef3 m\u1ec1m m\u1ea1i khi ti\u1ebfp x\u00fac v\u1edbi n\u01b0\u1edbc.<\/li>\n<li>C\u00e1c m\u1ed1i n\u1ed1i \u0111\u01b0\u1ee3c kh\u00e2u l\u1ea1i v\u1edbi nhau.<\/li>\n<li>Ho\u00e0n h\u1ea3o cho nhi\u1ec7t \u0111\u1ed9 n\u01b0\u1edbc v\u1eeba ph\u1ea3i.<\/li>\n<li>\u0110\u1eb7c bi\u1ec7t th\u00edch h\u1ee3p cho \u0111\u1ed9 nh\u1ea1y c\u1ea3m v\u00e0 \u0111\u1ed9 kh\u00e9o l\u00e9o ch\u1ea1m t\u1ed1t nh\u1ea5t trong Ng\u00f3n tay.<\/li>\n<li>\u0110\u00e2y l\u00e0 nh\u1eefng g\u0103ng tay \u0111\u1eb7c bi\u1ec7t ph\u00f9 h\u1ee3p khi b\u1ea1n c\u1ea7n \u0111\u1ed9 nh\u1ea1y c\u1ea3m \u1ee9ng t\u1ed1t nh\u1ea5t trong ng\u00f3n tay.<\/li>\n<\/ul>\n<h4 style=\"text-align: left\"><strong>MUA H\u00c0NG TR\u1ef0C TUY\u1ebeN Cressi 2mm Tropical Gloves\u00a0<\/strong><\/h4>\n<p><a href=\"https:\/\/shopee.vn\/G%C4%82NG-TAY-L%E1%BA%B6N-CRESSI-TROPICAL-2MM-i.235233160.25050023280\" target=\"_blank\" rel=\"noopener\"><img decoding=\"async\" class=\"alignnone\" style=\"width: 150px;height: 46px\" title=\"Scuba Direct Vietnam MUA H\u00c0NG TR\u1ef0C TUY\u1ebeN SHOPEE - CRESSI 2MM TROPICAL GLOVES\" src=\"https:\/\/scubadirectvietnam.com\/wp-content\/uploads\/2021\/11\/shopee_button-150x46.png\" alt=\"Scuba Direct Vietnam Scuba Gear Online Shop - Shopee\" width=\"150\" height=\"46\" \/><\/a><\/p>\n<p><a href=\"https:\/\/www.lazada.vn\/products\/gang-tay-lan-cressi-tropical-gloves-2mm-i2473541378-s12111046740.html?c=&amp;channelLpJumpArgs=&amp;clickTrackInfo=query%253Acressi%252Btropical%252Bgloves%253Bnid%253A2473541378%253Bsrc%253ALazadaMainSrp%253Brn%253A50a7ee19238daecaf3d7e37e8b278611%253Bregion%253Avn%253Bsku%253A2473541378_VNAMZ%253Bprice%253A460000%253Bclient%253Adesktop%253Bsupplier_id%253A100010899%253Bbiz_source%253Ah5_internal%253Bslot%253A0%253Butlog_bucket_id%253A470687%253Basc_category_id%253A12060%253Bitem_id%253A2473541378%253Bsku_id%253A12111046740%253Bshop_id%253A35285&amp;fastshipping=0&amp;freeshipping=1&amp;fs_ab=2&amp;fuse_fs=&amp;lang=vi&amp;location=Kh%C3%A1nh%20H%C3%B2a&amp;price=4.6E%205&amp;priceCompare=skuId%3A12111046740%3Bsource%3Alazada-search-voucher%3Bsn%3A50a7ee19238daecaf3d7e37e8b278611%3BunionTrace%3A21010ad117024508611197303ec974%3BoriginPrice%3A460000%3BvoucherPrice%3A460000%3BdisplayPrice%3A460000%3BsourceTag%3A%23auto_collect%231%24auto_collect%24%3BsinglePromotionId%3A-1%3BsingleToolCode%3AmockedSalePrice%3BvoucherPricePlugin%3A1%3BbuyerId%3A0%3Btimestamp%3A1702450861533&amp;ratingscore=0&amp;request_id=50a7ee19238daecaf3d7e37e8b278611&amp;review=&amp;sale=0&amp;search=1&amp;source=search&amp;spm=a2o4n.searchlist.list.i40.305118caKmTyhh&amp;stock=1\" target=\"_blank\" rel=\"noopener\"><img decoding=\"async\" class=\"alignnone\" style=\"width: 150px;height: 46px\" title=\"Scuba Direct Vietnam MUA H\u00c0NG TR\u1ef0C TUY\u1ebeN LAZADA - CRESSI 2MM TROPICAL GLOVES\" src=\"https:\/\/scubadirectvietnam.com\/wp-content\/uploads\/2023\/12\/Logo-Lazada-150x46-1.png\" alt=\"Scuba Direct Vietnam Scuba Gear Online Shop - Lazada\" width=\"150\" height=\"46\" \/><\/a><\/p>\n<p><strong><a href=\"https:\/\/scubadirectvietnam.com\/\">VISIT SCUBA DIRECT VIETNAM<\/a><\/strong><\/p>\n","protected":false},"excerpt":{"rendered":"<p>Cressi 2mm Tropical Gloves MUA H\u00c0NG TR\u1ef0C TUY\u1ebeN Cressi 2mm Tropical Gloves \u0110\u01b0\u1ee3c l\u00e0m b\u1eb1ng Neoprene\u00ae d\u00e0y 2 mm v\u00e0 Nappa Leather, hai ch\u1ea5t li\u1ec7u m\u1ec1m v\u00e0 nh\u1eb9 kh\u00e1c nhau. Khu v\u1ef1c Velcro l\u1edbn tr\u00ean c\u1ed5 tay \u0111\u1ec3 \u0111i\u1ec1u ch\u1ec9nh d\u1ec5 d\u00e0ng, cho ph\u00e9p \u0111i\u1ec1u ch\u1ec9nh ngay l\u1eadp t\u1ee9c, c\u1ea3 tr\u01b0\u1edbc v\u00e0 trong khi l\u1eb7n.&hellip;<\/p>\n","protected":false},"featured_media":55856,"comment_status":"closed","ping_status":"closed","template":"","meta":[],"product_brand":[],"product_cat":[115],"product_tag":[],"class_list":{"0":"post-55752","1":"product","2":"type-product","3":"status-publish","4":"has-post-thumbnail","6":"product_cat-gang-tay-tat-lan","7":"description-off","9":"first","10":"instock","11":"taxable","12":"shipping-taxable","13":"purchasable","14":"product-type-simple"},"yoast_head":"<!-- This site is optimized with the Yoast SEO plugin v27.4 - https:\/\/yoast.com\/product\/yoast-seo-wordpress\/ -->\n<title>G\u0102NG TAY CRESSI TROPICAL 2mm GLOVES - Scuba Direct Vietnam<\/title>\n<meta name=\"description\" content=\"Cressi 2mm Tropical Gloves - Made of 2 mm thick Neoprene\u00ae and Nappa Leather, two different soft and lightweight materials.\" \/>\n<meta name=\"robots\" content=\"index, follow, max-snippet:-1, max-image-preview:large, max-video-preview:-1\" \/>\n<link rel=\"canonical\" href=\"https:\/\/scubadirectvietnam.com\/?product=cressi-2mm-tropical-gloves\" \/>\n<meta property=\"og:locale\" content=\"en_US\" \/>\n<meta property=\"og:type\" content=\"article\" \/>\n<meta property=\"og:title\" content=\"G\u0102NG TAY CRESSI TROPICAL 2mm GLOVES - Scuba Direct Vietnam\" \/>\n<meta property=\"og:description\" content=\"Cressi 2mm Tropical Gloves - Made of 2 mm thick Neoprene\u00ae and Nappa Leather, two different soft and lightweight materials.\" \/>\n<meta property=\"og:url\" content=\"https:\/\/scubadirectvietnam.com\/?product=cressi-2mm-tropical-gloves\" \/>\n<meta property=\"og:site_name\" content=\"Scuba Direct Vietnam\" \/>\n<meta property=\"article:publisher\" content=\"https:\/\/www.facebook.com\/scubadirectvn\" \/>\n<meta property=\"article:modified_time\" content=\"2025-11-15T03:06:53+00:00\" \/>\n<meta property=\"og:image\" content=\"https:\/\/scubadirectvietnam.com\/wp-content\/uploads\/2023\/12\/tropical-800-scuba-direct-vietnam-1.jpg\" \/>\n\t<meta property=\"og:image:width\" content=\"800\" \/>\n\t<meta property=\"og:image:height\" content=\"800\" \/>\n\t<meta property=\"og:image:type\" content=\"image\/jpeg\" \/>\n<meta name=\"twitter:card\" content=\"summary_large_image\" \/>\n<meta name=\"twitter:label1\" content=\"Est. reading time\" \/>\n\t<meta name=\"twitter:data1\" content=\"2 minutes\" \/>\n<script type=\"application\/ld+json\" class=\"yoast-schema-graph\">{\"@context\":\"https:\\\/\\\/schema.org\",\"@graph\":[{\"@type\":\"WebPage\",\"@id\":\"https:\\\/\\\/scubadirectvietnam.com\\\/?product=cressi-2mm-tropical-gloves\",\"url\":\"https:\\\/\\\/scubadirectvietnam.com\\\/?product=cressi-2mm-tropical-gloves\",\"name\":\"G\u0102NG TAY CRESSI TROPICAL 2mm GLOVES - Scuba Direct Vietnam\",\"isPartOf\":{\"@id\":\"https:\\\/\\\/scubadirectvietnam.com\\\/#website\"},\"primaryImageOfPage\":{\"@id\":\"https:\\\/\\\/scubadirectvietnam.com\\\/?product=cressi-2mm-tropical-gloves#primaryimage\"},\"image\":{\"@id\":\"https:\\\/\\\/scubadirectvietnam.com\\\/?product=cressi-2mm-tropical-gloves#primaryimage\"},\"thumbnailUrl\":\"https:\\\/\\\/scubadirectvietnam.com\\\/wp-content\\\/uploads\\\/2023\\\/12\\\/tropical-800-scuba-direct-vietnam-1.jpg\",\"datePublished\":\"2023-12-02T07:02:27+00:00\",\"dateModified\":\"2025-11-15T03:06:53+00:00\",\"description\":\"Cressi 2mm Tropical Gloves - Made of 2 mm thick Neoprene\u00ae and Nappa Leather, two different soft and lightweight materials.\",\"breadcrumb\":{\"@id\":\"https:\\\/\\\/scubadirectvietnam.com\\\/?product=cressi-2mm-tropical-gloves#breadcrumb\"},\"inLanguage\":\"en-US\",\"potentialAction\":[{\"@type\":\"ReadAction\",\"target\":[\"https:\\\/\\\/scubadirectvietnam.com\\\/?product=cressi-2mm-tropical-gloves\"]}]},{\"@type\":\"ImageObject\",\"inLanguage\":\"en-US\",\"@id\":\"https:\\\/\\\/scubadirectvietnam.com\\\/?product=cressi-2mm-tropical-gloves#primaryimage\",\"url\":\"https:\\\/\\\/scubadirectvietnam.com\\\/wp-content\\\/uploads\\\/2023\\\/12\\\/tropical-800-scuba-direct-vietnam-1.jpg\",\"contentUrl\":\"https:\\\/\\\/scubadirectvietnam.com\\\/wp-content\\\/uploads\\\/2023\\\/12\\\/tropical-800-scuba-direct-vietnam-1.jpg\",\"width\":800,\"height\":800,\"caption\":\"cressi tropical 2mm scuba gloves\"},{\"@type\":\"BreadcrumbList\",\"@id\":\"https:\\\/\\\/scubadirectvietnam.com\\\/?product=cressi-2mm-tropical-gloves#breadcrumb\",\"itemListElement\":[{\"@type\":\"ListItem\",\"position\":1,\"name\":\"Home\",\"item\":\"https:\\\/\\\/scubadirectvietnam.com\\\/\"},{\"@type\":\"ListItem\",\"position\":2,\"name\":\"SCUBA DIRECT VIETNAM ONLINE SHOP\",\"item\":\"https:\\\/\\\/scubadirectvietnam.com\\\/?page_id=54530\"},{\"@type\":\"ListItem\",\"position\":3,\"name\":\"G\u0102NG TAY CRESSI TROPICAL 2mm GLOVES\"}]},{\"@type\":\"WebSite\",\"@id\":\"https:\\\/\\\/scubadirectvietnam.com\\\/#website\",\"url\":\"https:\\\/\\\/scubadirectvietnam.com\\\/\",\"name\":\"Scuba Direct Vietnam\",\"description\":\"\",\"publisher\":{\"@id\":\"https:\\\/\\\/scubadirectvietnam.com\\\/#organization\"},\"potentialAction\":[{\"@type\":\"SearchAction\",\"target\":{\"@type\":\"EntryPoint\",\"urlTemplate\":\"https:\\\/\\\/scubadirectvietnam.com\\\/?s={search_term_string}\"},\"query-input\":{\"@type\":\"PropertyValueSpecification\",\"valueRequired\":true,\"valueName\":\"search_term_string\"}}],\"inLanguage\":\"en-US\"},{\"@type\":\"Organization\",\"@id\":\"https:\\\/\\\/scubadirectvietnam.com\\\/#organization\",\"name\":\"Scuba Direct Vietnam Cressi Online\",\"url\":\"https:\\\/\\\/scubadirectvietnam.com\\\/\",\"logo\":{\"@type\":\"ImageObject\",\"inLanguage\":\"en-US\",\"@id\":\"https:\\\/\\\/scubadirectvietnam.com\\\/#\\\/schema\\\/logo\\\/image\\\/\",\"url\":\"https:\\\/\\\/scubadirectvietnam.com\\\/wp-content\\\/uploads\\\/2023\\\/11\\\/Scuba-Direct-Vietnam-Scuba-Gear_logo.png\",\"contentUrl\":\"https:\\\/\\\/scubadirectvietnam.com\\\/wp-content\\\/uploads\\\/2023\\\/11\\\/Scuba-Direct-Vietnam-Scuba-Gear_logo.png\",\"width\":300,\"height\":90,\"caption\":\"Scuba Direct Vietnam Cressi Online\"},\"image\":{\"@id\":\"https:\\\/\\\/scubadirectvietnam.com\\\/#\\\/schema\\\/logo\\\/image\\\/\"},\"sameAs\":[\"https:\\\/\\\/www.facebook.com\\\/scubadirectvn\"]}]}<\/script>\n<!-- \/ Yoast SEO plugin. -->","yoast_head_json":{"title":"G\u0102NG TAY CRESSI TROPICAL 2mm GLOVES - Scuba Direct Vietnam","description":"Cressi 2mm Tropical Gloves - Made of 2 mm thick Neoprene\u00ae and Nappa Leather, two different soft and lightweight materials.","robots":{"index":"index","follow":"follow","max-snippet":"max-snippet:-1","max-image-preview":"max-image-preview:large","max-video-preview":"max-video-preview:-1"},"canonical":"https:\/\/scubadirectvietnam.com\/?product=cressi-2mm-tropical-gloves","og_locale":"en_US","og_type":"article","og_title":"G\u0102NG TAY CRESSI TROPICAL 2mm GLOVES - Scuba Direct Vietnam","og_description":"Cressi 2mm Tropical Gloves - Made of 2 mm thick Neoprene\u00ae and Nappa Leather, two different soft and lightweight materials.","og_url":"https:\/\/scubadirectvietnam.com\/?product=cressi-2mm-tropical-gloves","og_site_name":"Scuba Direct Vietnam","article_publisher":"https:\/\/www.facebook.com\/scubadirectvn","article_modified_time":"2025-11-15T03:06:53+00:00","og_image":[{"width":800,"height":800,"url":"https:\/\/scubadirectvietnam.com\/wp-content\/uploads\/2023\/12\/tropical-800-scuba-direct-vietnam-1.jpg","type":"image\/jpeg"}],"twitter_card":"summary_large_image","twitter_misc":{"Est. reading time":"2 minutes"},"schema":{"@context":"https:\/\/schema.org","@graph":[{"@type":"WebPage","@id":"https:\/\/scubadirectvietnam.com\/?product=cressi-2mm-tropical-gloves","url":"https:\/\/scubadirectvietnam.com\/?product=cressi-2mm-tropical-gloves","name":"G\u0102NG TAY CRESSI TROPICAL 2mm GLOVES - Scuba Direct Vietnam","isPartOf":{"@id":"https:\/\/scubadirectvietnam.com\/#website"},"primaryImageOfPage":{"@id":"https:\/\/scubadirectvietnam.com\/?product=cressi-2mm-tropical-gloves#primaryimage"},"image":{"@id":"https:\/\/scubadirectvietnam.com\/?product=cressi-2mm-tropical-gloves#primaryimage"},"thumbnailUrl":"https:\/\/scubadirectvietnam.com\/wp-content\/uploads\/2023\/12\/tropical-800-scuba-direct-vietnam-1.jpg","datePublished":"2023-12-02T07:02:27+00:00","dateModified":"2025-11-15T03:06:53+00:00","description":"Cressi 2mm Tropical Gloves - Made of 2 mm thick Neoprene\u00ae and Nappa Leather, two different soft and lightweight materials.","breadcrumb":{"@id":"https:\/\/scubadirectvietnam.com\/?product=cressi-2mm-tropical-gloves#breadcrumb"},"inLanguage":"en-US","potentialAction":[{"@type":"ReadAction","target":["https:\/\/scubadirectvietnam.com\/?product=cressi-2mm-tropical-gloves"]}]},{"@type":"ImageObject","inLanguage":"en-US","@id":"https:\/\/scubadirectvietnam.com\/?product=cressi-2mm-tropical-gloves#primaryimage","url":"https:\/\/scubadirectvietnam.com\/wp-content\/uploads\/2023\/12\/tropical-800-scuba-direct-vietnam-1.jpg","contentUrl":"https:\/\/scubadirectvietnam.com\/wp-content\/uploads\/2023\/12\/tropical-800-scuba-direct-vietnam-1.jpg","width":800,"height":800,"caption":"cressi tropical 2mm scuba gloves"},{"@type":"BreadcrumbList","@id":"https:\/\/scubadirectvietnam.com\/?product=cressi-2mm-tropical-gloves#breadcrumb","itemListElement":[{"@type":"ListItem","position":1,"name":"Home","item":"https:\/\/scubadirectvietnam.com\/"},{"@type":"ListItem","position":2,"name":"SCUBA DIRECT VIETNAM ONLINE SHOP","item":"https:\/\/scubadirectvietnam.com\/?page_id=54530"},{"@type":"ListItem","position":3,"name":"G\u0102NG TAY CRESSI TROPICAL 2mm GLOVES"}]},{"@type":"WebSite","@id":"https:\/\/scubadirectvietnam.com\/#website","url":"https:\/\/scubadirectvietnam.com\/","name":"Scuba Direct Vietnam","description":"","publisher":{"@id":"https:\/\/scubadirectvietnam.com\/#organization"},"potentialAction":[{"@type":"SearchAction","target":{"@type":"EntryPoint","urlTemplate":"https:\/\/scubadirectvietnam.com\/?s={search_term_string}"},"query-input":{"@type":"PropertyValueSpecification","valueRequired":true,"valueName":"search_term_string"}}],"inLanguage":"en-US"},{"@type":"Organization","@id":"https:\/\/scubadirectvietnam.com\/#organization","name":"Scuba Direct Vietnam Cressi Online","url":"https:\/\/scubadirectvietnam.com\/","logo":{"@type":"ImageObject","inLanguage":"en-US","@id":"https:\/\/scubadirectvietnam.com\/#\/schema\/logo\/image\/","url":"https:\/\/scubadirectvietnam.com\/wp-content\/uploads\/2023\/11\/Scuba-Direct-Vietnam-Scuba-Gear_logo.png","contentUrl":"https:\/\/scubadirectvietnam.com\/wp-content\/uploads\/2023\/11\/Scuba-Direct-Vietnam-Scuba-Gear_logo.png","width":300,"height":90,"caption":"Scuba Direct Vietnam Cressi Online"},"image":{"@id":"https:\/\/scubadirectvietnam.com\/#\/schema\/logo\/image\/"},"sameAs":["https:\/\/www.facebook.com\/scubadirectvn"]}]}},"_links":{"self":[{"href":"https:\/\/scubadirectvietnam.com\/index.php?rest_route=\/wp\/v2\/product\/55752","targetHints":{"allow":["GET"]}}],"collection":[{"href":"https:\/\/scubadirectvietnam.com\/index.php?rest_route=\/wp\/v2\/product"}],"about":[{"href":"https:\/\/scubadirectvietnam.com\/index.php?rest_route=\/wp\/v2\/types\/product"}],"replies":[{"embeddable":true,"href":"https:\/\/scubadirectvietnam.com\/index.php?rest_route=%2Fwp%2Fv2%2Fcomments&post=55752"}],"version-history":[{"count":51,"href":"https:\/\/scubadirectvietnam.com\/index.php?rest_route=\/wp\/v2\/product\/55752\/revisions"}],"predecessor-version":[{"id":58739,"href":"https:\/\/scubadirectvietnam.com\/index.php?rest_route=\/wp\/v2\/product\/55752\/revisions\/58739"}],"wp:featuredmedia":[{"embeddable":true,"href":"https:\/\/scubadirectvietnam.com\/index.php?rest_route=\/wp\/v2\/media\/55856"}],"wp:attachment":[{"href":"https:\/\/scubadirectvietnam.com\/index.php?rest_route=%2Fwp%2Fv2%2Fmedia&parent=55752"}],"wp:term":[{"taxonomy":"product_brand","embeddable":true,"href":"https:\/\/scubadirectvietnam.com\/index.php?rest_route=%2Fwp%2Fv2%2Fproduct_brand&post=55752"},{"taxonomy":"product_cat","embeddable":true,"href":"https:\/\/scubadirectvietnam.com\/index.php?rest_route=%2Fwp%2Fv2%2Fproduct_cat&post=55752"},{"taxonomy":"product_tag","embeddable":true,"href":"https:\/\/scubadirectvietnam.com\/index.php?rest_route=%2Fwp%2Fv2%2Fproduct_tag&post=55752"}],"curies":[{"name":"wp","href":"https:\/\/api.w.org\/{rel}","templated":true}]}}