{"id":10016,"date":"2022-10-27T09:46:48","date_gmt":"2022-10-27T03:46:48","guid":{"rendered":"https:\/\/scubadirectvietnam.com\/new\/?post_type=product&#038;p=10016"},"modified":"2023-12-19T14:28:46","modified_gmt":"2023-12-19T08:28:46","slug":"phao-lan-tu-do-cressi-freediving-training-buoy","status":"publish","type":"product","link":"https:\/\/scubadirectvietnam.com\/?product=phao-lan-tu-do-cressi-freediving-training-buoy","title":{"rendered":"PHAO L\u1eb6N T\u1ef0 DO &#8211; CRESSI FREEDIVING TRAINING BUOY"},"content":{"rendered":"<p>Chi\u1ebfc phao hu\u1ea5n luy\u1ec7n n\u00e0y \u0111\u01b0\u1ee3c d\u00e0nh ri\u00eang cho vi\u1ec7c l\u1eb7n t\u1ef1 do. N\u00f3 c\u00f3 ch\u1ea5t li\u1ec7u b\u00ean ngo\u00e0i b\u1ec1n, m\u1ed9t t\u00fai c\u00f3 kh\u00f3a k\u00e9o b\u00ean ngo\u00e0i, b\u1ed1n tay c\u1ea7m b\u00ean ngo\u00e0i \u0111\u1ec3 chu\u1ea9n b\u1ecb ng\u00e2m tr\u01b0\u1edbc v\u00e0 hai v\u00f2ng ch\u1eef d b\u00ean ngo\u00e0i. Kh\u00f4ng gian b\u00ean trong r\u1ed9ng cho ph\u00e9p c\u1ea5t gi\u1eef d\u00e2y trong qu\u00e1 tr\u00ecnh v\u1eadn chuy\u1ec3n. H\u1ec7 th\u1ed1ng l\u1ea1m ph\u00e1t b\u1eb1ng mi\u1ec7ng v\u1edbi van qu\u00e1 \u00e1p. D\u00e2y l\u1eb7n t\u1ef1 do c\u00f3 th\u1ec3 \u0111\u01b0\u1ee3c n\u1ed1i v\u1edbi v\u00f2ng ch\u1eef D b\u1eb1ng th\u00e9p kh\u00f4ng g\u1ec9. C\u1edd \u0111\u01b0\u1ee3c bao g\u1ed3m<\/p>\n","protected":false},"excerpt":{"rendered":"<p>Chi\u1ebfc phao hu\u1ea5n<\/p>\n","protected":false},"featured_media":10017,"comment_status":"closed","ping_status":"closed","template":"","meta":[],"product_brand":[],"product_cat":[52],"product_tag":[521],"class_list":{"0":"post-10016","1":"product","2":"type-product","3":"status-publish","4":"has-post-thumbnail","6":"product_cat-phao-noi","7":"product_tag-phao","8":"description-off","10":"first","11":"instock","12":"taxable","13":"shipping-taxable","14":"purchasable","15":"product-type-simple"},"yoast_head":"<!-- This site is optimized with the Yoast SEO plugin v27.4 - https:\/\/yoast.com\/product\/yoast-seo-wordpress\/ -->\n<title>PHAO L\u1eb6N T\u1ef0 DO - CRESSI FREEDIVING TRAINING BUOY - Scuba Direct Vietnam<\/title>\n<meta name=\"description\" content=\"Chi\u1ebfc phao hu\u1ea5n luy\u1ec7n n\u00e0y \u0111\u01b0\u1ee3c d\u00e0nh ri\u00eang cho vi\u1ec7c l\u1eb7n t\u1ef1 do. N\u00f3 c\u00f3 ch\u1ea5t li\u1ec7u b\u00ean ngo\u00e0i b\u1ec1n, m\u1ed9t t\u00fai c\u00f3 kh\u00f3a k\u00e9o b\u00ean ngo\u00e0i.\" \/>\n<meta name=\"robots\" content=\"index, follow, max-snippet:-1, max-image-preview:large, max-video-preview:-1\" \/>\n<link rel=\"canonical\" href=\"https:\/\/scubadirectvietnam.com\/?product=phao-lan-tu-do-cressi-freediving-training-buoy\" \/>\n<meta property=\"og:locale\" content=\"en_US\" \/>\n<meta property=\"og:type\" content=\"article\" \/>\n<meta property=\"og:title\" content=\"PHAO L\u1eb6N T\u1ef0 DO - CRESSI FREEDIVING TRAINING BUOY - Scuba Direct Vietnam\" \/>\n<meta property=\"og:description\" content=\"Chi\u1ebfc phao hu\u1ea5n luy\u1ec7n n\u00e0y \u0111\u01b0\u1ee3c d\u00e0nh ri\u00eang cho vi\u1ec7c l\u1eb7n t\u1ef1 do. N\u00f3 c\u00f3 ch\u1ea5t li\u1ec7u b\u00ean ngo\u00e0i b\u1ec1n, m\u1ed9t t\u00fai c\u00f3 kh\u00f3a k\u00e9o b\u00ean ngo\u00e0i.\" \/>\n<meta property=\"og:url\" content=\"https:\/\/scubadirectvietnam.com\/?product=phao-lan-tu-do-cressi-freediving-training-buoy\" \/>\n<meta property=\"og:site_name\" content=\"Scuba Direct Vietnam\" \/>\n<meta property=\"article:publisher\" content=\"https:\/\/www.facebook.com\/scubadirectvn\" \/>\n<meta property=\"article:modified_time\" content=\"2023-12-19T08:28:46+00:00\" \/>\n<meta property=\"og:image\" content=\"https:\/\/scubadirectvietnam.com\/wp-content\/uploads\/2023\/11\/SD-phao-tron-1.jpg\" \/>\n\t<meta property=\"og:image:width\" content=\"800\" \/>\n\t<meta property=\"og:image:height\" content=\"834\" \/>\n\t<meta property=\"og:image:type\" content=\"image\/jpeg\" \/>\n<meta name=\"twitter:card\" content=\"summary_large_image\" \/>\n<meta name=\"twitter:label1\" content=\"Est. reading time\" \/>\n\t<meta name=\"twitter:data1\" content=\"1 minute\" \/>\n<script type=\"application\/ld+json\" class=\"yoast-schema-graph\">{\"@context\":\"https:\\\/\\\/schema.org\",\"@graph\":[{\"@type\":\"WebPage\",\"@id\":\"https:\\\/\\\/scubadirectvietnam.com\\\/?product=phao-lan-tu-do-cressi-freediving-training-buoy\",\"url\":\"https:\\\/\\\/scubadirectvietnam.com\\\/?product=phao-lan-tu-do-cressi-freediving-training-buoy\",\"name\":\"PHAO L\u1eb6N T\u1ef0 DO - CRESSI FREEDIVING TRAINING BUOY - Scuba Direct Vietnam\",\"isPartOf\":{\"@id\":\"https:\\\/\\\/scubadirectvietnam.com\\\/#website\"},\"primaryImageOfPage\":{\"@id\":\"https:\\\/\\\/scubadirectvietnam.com\\\/?product=phao-lan-tu-do-cressi-freediving-training-buoy#primaryimage\"},\"image\":{\"@id\":\"https:\\\/\\\/scubadirectvietnam.com\\\/?product=phao-lan-tu-do-cressi-freediving-training-buoy#primaryimage\"},\"thumbnailUrl\":\"https:\\\/\\\/scubadirectvietnam.com\\\/wp-content\\\/uploads\\\/2023\\\/11\\\/SD-phao-tron-1.jpg\",\"datePublished\":\"2022-10-27T03:46:48+00:00\",\"dateModified\":\"2023-12-19T08:28:46+00:00\",\"description\":\"Chi\u1ebfc phao hu\u1ea5n luy\u1ec7n n\u00e0y \u0111\u01b0\u1ee3c d\u00e0nh ri\u00eang cho vi\u1ec7c l\u1eb7n t\u1ef1 do. N\u00f3 c\u00f3 ch\u1ea5t li\u1ec7u b\u00ean ngo\u00e0i b\u1ec1n, m\u1ed9t t\u00fai c\u00f3 kh\u00f3a k\u00e9o b\u00ean ngo\u00e0i.\",\"breadcrumb\":{\"@id\":\"https:\\\/\\\/scubadirectvietnam.com\\\/?product=phao-lan-tu-do-cressi-freediving-training-buoy#breadcrumb\"},\"inLanguage\":\"en-US\",\"potentialAction\":[{\"@type\":\"ReadAction\",\"target\":[\"https:\\\/\\\/scubadirectvietnam.com\\\/?product=phao-lan-tu-do-cressi-freediving-training-buoy\"]}]},{\"@type\":\"ImageObject\",\"inLanguage\":\"en-US\",\"@id\":\"https:\\\/\\\/scubadirectvietnam.com\\\/?product=phao-lan-tu-do-cressi-freediving-training-buoy#primaryimage\",\"url\":\"https:\\\/\\\/scubadirectvietnam.com\\\/wp-content\\\/uploads\\\/2023\\\/11\\\/SD-phao-tron-1.jpg\",\"contentUrl\":\"https:\\\/\\\/scubadirectvietnam.com\\\/wp-content\\\/uploads\\\/2023\\\/11\\\/SD-phao-tron-1.jpg\",\"width\":800,\"height\":834},{\"@type\":\"BreadcrumbList\",\"@id\":\"https:\\\/\\\/scubadirectvietnam.com\\\/?product=phao-lan-tu-do-cressi-freediving-training-buoy#breadcrumb\",\"itemListElement\":[{\"@type\":\"ListItem\",\"position\":1,\"name\":\"Home\",\"item\":\"https:\\\/\\\/scubadirectvietnam.com\\\/\"},{\"@type\":\"ListItem\",\"position\":2,\"name\":\"SCUBA DIRECT VIETNAM ONLINE SHOP\",\"item\":\"https:\\\/\\\/scubadirectvietnam.com\\\/?page_id=54530\"},{\"@type\":\"ListItem\",\"position\":3,\"name\":\"PHAO L\u1eb6N T\u1ef0 DO &#8211; CRESSI FREEDIVING TRAINING BUOY\"}]},{\"@type\":\"WebSite\",\"@id\":\"https:\\\/\\\/scubadirectvietnam.com\\\/#website\",\"url\":\"https:\\\/\\\/scubadirectvietnam.com\\\/\",\"name\":\"Scuba Direct Vietnam\",\"description\":\"\",\"publisher\":{\"@id\":\"https:\\\/\\\/scubadirectvietnam.com\\\/#organization\"},\"potentialAction\":[{\"@type\":\"SearchAction\",\"target\":{\"@type\":\"EntryPoint\",\"urlTemplate\":\"https:\\\/\\\/scubadirectvietnam.com\\\/?s={search_term_string}\"},\"query-input\":{\"@type\":\"PropertyValueSpecification\",\"valueRequired\":true,\"valueName\":\"search_term_string\"}}],\"inLanguage\":\"en-US\"},{\"@type\":\"Organization\",\"@id\":\"https:\\\/\\\/scubadirectvietnam.com\\\/#organization\",\"name\":\"Scuba Direct Vietnam Cressi Online\",\"url\":\"https:\\\/\\\/scubadirectvietnam.com\\\/\",\"logo\":{\"@type\":\"ImageObject\",\"inLanguage\":\"en-US\",\"@id\":\"https:\\\/\\\/scubadirectvietnam.com\\\/#\\\/schema\\\/logo\\\/image\\\/\",\"url\":\"https:\\\/\\\/scubadirectvietnam.com\\\/wp-content\\\/uploads\\\/2023\\\/11\\\/Scuba-Direct-Vietnam-Scuba-Gear_logo.png\",\"contentUrl\":\"https:\\\/\\\/scubadirectvietnam.com\\\/wp-content\\\/uploads\\\/2023\\\/11\\\/Scuba-Direct-Vietnam-Scuba-Gear_logo.png\",\"width\":300,\"height\":90,\"caption\":\"Scuba Direct Vietnam Cressi Online\"},\"image\":{\"@id\":\"https:\\\/\\\/scubadirectvietnam.com\\\/#\\\/schema\\\/logo\\\/image\\\/\"},\"sameAs\":[\"https:\\\/\\\/www.facebook.com\\\/scubadirectvn\"]}]}<\/script>\n<!-- \/ Yoast SEO plugin. -->","yoast_head_json":{"title":"PHAO L\u1eb6N T\u1ef0 DO - CRESSI FREEDIVING TRAINING BUOY - Scuba Direct Vietnam","description":"Chi\u1ebfc phao hu\u1ea5n luy\u1ec7n n\u00e0y \u0111\u01b0\u1ee3c d\u00e0nh ri\u00eang cho vi\u1ec7c l\u1eb7n t\u1ef1 do. N\u00f3 c\u00f3 ch\u1ea5t li\u1ec7u b\u00ean ngo\u00e0i b\u1ec1n, m\u1ed9t t\u00fai c\u00f3 kh\u00f3a k\u00e9o b\u00ean ngo\u00e0i.","robots":{"index":"index","follow":"follow","max-snippet":"max-snippet:-1","max-image-preview":"max-image-preview:large","max-video-preview":"max-video-preview:-1"},"canonical":"https:\/\/scubadirectvietnam.com\/?product=phao-lan-tu-do-cressi-freediving-training-buoy","og_locale":"en_US","og_type":"article","og_title":"PHAO L\u1eb6N T\u1ef0 DO - CRESSI FREEDIVING TRAINING BUOY - Scuba Direct Vietnam","og_description":"Chi\u1ebfc phao hu\u1ea5n luy\u1ec7n n\u00e0y \u0111\u01b0\u1ee3c d\u00e0nh ri\u00eang cho vi\u1ec7c l\u1eb7n t\u1ef1 do. N\u00f3 c\u00f3 ch\u1ea5t li\u1ec7u b\u00ean ngo\u00e0i b\u1ec1n, m\u1ed9t t\u00fai c\u00f3 kh\u00f3a k\u00e9o b\u00ean ngo\u00e0i.","og_url":"https:\/\/scubadirectvietnam.com\/?product=phao-lan-tu-do-cressi-freediving-training-buoy","og_site_name":"Scuba Direct Vietnam","article_publisher":"https:\/\/www.facebook.com\/scubadirectvn","article_modified_time":"2023-12-19T08:28:46+00:00","og_image":[{"width":800,"height":834,"url":"https:\/\/scubadirectvietnam.com\/wp-content\/uploads\/2023\/11\/SD-phao-tron-1.jpg","type":"image\/jpeg"}],"twitter_card":"summary_large_image","twitter_misc":{"Est. reading time":"1 minute"},"schema":{"@context":"https:\/\/schema.org","@graph":[{"@type":"WebPage","@id":"https:\/\/scubadirectvietnam.com\/?product=phao-lan-tu-do-cressi-freediving-training-buoy","url":"https:\/\/scubadirectvietnam.com\/?product=phao-lan-tu-do-cressi-freediving-training-buoy","name":"PHAO L\u1eb6N T\u1ef0 DO - CRESSI FREEDIVING TRAINING BUOY - Scuba Direct Vietnam","isPartOf":{"@id":"https:\/\/scubadirectvietnam.com\/#website"},"primaryImageOfPage":{"@id":"https:\/\/scubadirectvietnam.com\/?product=phao-lan-tu-do-cressi-freediving-training-buoy#primaryimage"},"image":{"@id":"https:\/\/scubadirectvietnam.com\/?product=phao-lan-tu-do-cressi-freediving-training-buoy#primaryimage"},"thumbnailUrl":"https:\/\/scubadirectvietnam.com\/wp-content\/uploads\/2023\/11\/SD-phao-tron-1.jpg","datePublished":"2022-10-27T03:46:48+00:00","dateModified":"2023-12-19T08:28:46+00:00","description":"Chi\u1ebfc phao hu\u1ea5n luy\u1ec7n n\u00e0y \u0111\u01b0\u1ee3c d\u00e0nh ri\u00eang cho vi\u1ec7c l\u1eb7n t\u1ef1 do. N\u00f3 c\u00f3 ch\u1ea5t li\u1ec7u b\u00ean ngo\u00e0i b\u1ec1n, m\u1ed9t t\u00fai c\u00f3 kh\u00f3a k\u00e9o b\u00ean ngo\u00e0i.","breadcrumb":{"@id":"https:\/\/scubadirectvietnam.com\/?product=phao-lan-tu-do-cressi-freediving-training-buoy#breadcrumb"},"inLanguage":"en-US","potentialAction":[{"@type":"ReadAction","target":["https:\/\/scubadirectvietnam.com\/?product=phao-lan-tu-do-cressi-freediving-training-buoy"]}]},{"@type":"ImageObject","inLanguage":"en-US","@id":"https:\/\/scubadirectvietnam.com\/?product=phao-lan-tu-do-cressi-freediving-training-buoy#primaryimage","url":"https:\/\/scubadirectvietnam.com\/wp-content\/uploads\/2023\/11\/SD-phao-tron-1.jpg","contentUrl":"https:\/\/scubadirectvietnam.com\/wp-content\/uploads\/2023\/11\/SD-phao-tron-1.jpg","width":800,"height":834},{"@type":"BreadcrumbList","@id":"https:\/\/scubadirectvietnam.com\/?product=phao-lan-tu-do-cressi-freediving-training-buoy#breadcrumb","itemListElement":[{"@type":"ListItem","position":1,"name":"Home","item":"https:\/\/scubadirectvietnam.com\/"},{"@type":"ListItem","position":2,"name":"SCUBA DIRECT VIETNAM ONLINE SHOP","item":"https:\/\/scubadirectvietnam.com\/?page_id=54530"},{"@type":"ListItem","position":3,"name":"PHAO L\u1eb6N T\u1ef0 DO &#8211; CRESSI FREEDIVING TRAINING BUOY"}]},{"@type":"WebSite","@id":"https:\/\/scubadirectvietnam.com\/#website","url":"https:\/\/scubadirectvietnam.com\/","name":"Scuba Direct Vietnam","description":"","publisher":{"@id":"https:\/\/scubadirectvietnam.com\/#organization"},"potentialAction":[{"@type":"SearchAction","target":{"@type":"EntryPoint","urlTemplate":"https:\/\/scubadirectvietnam.com\/?s={search_term_string}"},"query-input":{"@type":"PropertyValueSpecification","valueRequired":true,"valueName":"search_term_string"}}],"inLanguage":"en-US"},{"@type":"Organization","@id":"https:\/\/scubadirectvietnam.com\/#organization","name":"Scuba Direct Vietnam Cressi Online","url":"https:\/\/scubadirectvietnam.com\/","logo":{"@type":"ImageObject","inLanguage":"en-US","@id":"https:\/\/scubadirectvietnam.com\/#\/schema\/logo\/image\/","url":"https:\/\/scubadirectvietnam.com\/wp-content\/uploads\/2023\/11\/Scuba-Direct-Vietnam-Scuba-Gear_logo.png","contentUrl":"https:\/\/scubadirectvietnam.com\/wp-content\/uploads\/2023\/11\/Scuba-Direct-Vietnam-Scuba-Gear_logo.png","width":300,"height":90,"caption":"Scuba Direct Vietnam Cressi Online"},"image":{"@id":"https:\/\/scubadirectvietnam.com\/#\/schema\/logo\/image\/"},"sameAs":["https:\/\/www.facebook.com\/scubadirectvn"]}]}},"_links":{"self":[{"href":"https:\/\/scubadirectvietnam.com\/index.php?rest_route=\/wp\/v2\/product\/10016","targetHints":{"allow":["GET"]}}],"collection":[{"href":"https:\/\/scubadirectvietnam.com\/index.php?rest_route=\/wp\/v2\/product"}],"about":[{"href":"https:\/\/scubadirectvietnam.com\/index.php?rest_route=\/wp\/v2\/types\/product"}],"replies":[{"embeddable":true,"href":"https:\/\/scubadirectvietnam.com\/index.php?rest_route=%2Fwp%2Fv2%2Fcomments&post=10016"}],"version-history":[{"count":6,"href":"https:\/\/scubadirectvietnam.com\/index.php?rest_route=\/wp\/v2\/product\/10016\/revisions"}],"predecessor-version":[{"id":57890,"href":"https:\/\/scubadirectvietnam.com\/index.php?rest_route=\/wp\/v2\/product\/10016\/revisions\/57890"}],"wp:featuredmedia":[{"embeddable":true,"href":"https:\/\/scubadirectvietnam.com\/index.php?rest_route=\/wp\/v2\/media\/10017"}],"wp:attachment":[{"href":"https:\/\/scubadirectvietnam.com\/index.php?rest_route=%2Fwp%2Fv2%2Fmedia&parent=10016"}],"wp:term":[{"taxonomy":"product_brand","embeddable":true,"href":"https:\/\/scubadirectvietnam.com\/index.php?rest_route=%2Fwp%2Fv2%2Fproduct_brand&post=10016"},{"taxonomy":"product_cat","embeddable":true,"href":"https:\/\/scubadirectvietnam.com\/index.php?rest_route=%2Fwp%2Fv2%2Fproduct_cat&post=10016"},{"taxonomy":"product_tag","embeddable":true,"href":"https:\/\/scubadirectvietnam.com\/index.php?rest_route=%2Fwp%2Fv2%2Fproduct_tag&post=10016"}],"curies":[{"name":"wp","href":"https:\/\/api.w.org\/{rel}","templated":true}]}}