{"id":5637,"date":"2020-02-09T15:26:09","date_gmt":"2020-02-09T08:26:09","guid":{"rendered":"https:\/\/scubadirectvietnam.com\/?page_id=5637"},"modified":"2023-12-20T12:54:37","modified_gmt":"2023-12-20T06:54:37","slug":"gioi-thieu","status":"publish","type":"page","link":"https:\/\/scubadirectvietnam.com\/?page_id=5637","title":{"rendered":"Gi\u1edbi Thi\u1ec7u"},"content":{"rendered":"\t\t<div data-elementor-type=\"wp-page\" data-elementor-id=\"5637\" class=\"elementor elementor-5637\" data-elementor-post-type=\"page\">\n\t\t\t\t\t\t<section class=\"elementor-section elementor-top-section elementor-element elementor-element-fd57fa0 elementor-section-full_width elementor-section-content-top elementor-section-height-default elementor-section-height-default\" data-id=\"fd57fa0\" data-element_type=\"section\" data-e-type=\"section\">\n\t\t\t\t\t\t<div class=\"elementor-container elementor-column-gap-no\">\n\t\t\t\t\t<div class=\"elementor-column elementor-col-100 elementor-top-column elementor-element elementor-element-6989dc8\" data-id=\"6989dc8\" data-element_type=\"column\" data-e-type=\"column\">\n\t\t\t<div class=\"elementor-widget-wrap elementor-element-populated\">\n\t\t\t\t\t\t<div class=\"elementor-element elementor-element-6f802a8 elementor-widget elementor-widget-heading\" data-id=\"6f802a8\" data-element_type=\"widget\" data-e-type=\"widget\" data-widget_type=\"heading.default\">\n\t\t\t\t<div class=\"elementor-widget-container\">\n\t\t\t\t\t<h2 class=\"elementor-heading-title elementor-size-default\">Gi\u1edbi Thi\u1ec7u Scuba Direct Vietnam<\/h2>\t\t\t\t<\/div>\n\t\t\t\t<\/div>\n\t\t\t\t<div class=\"elementor-element elementor-element-dbb5bca elementor-widget elementor-widget-spacer\" data-id=\"dbb5bca\" data-element_type=\"widget\" data-e-type=\"widget\" data-widget_type=\"spacer.default\">\n\t\t\t\t<div class=\"elementor-widget-container\">\n\t\t\t\t\t\t\t<div class=\"elementor-spacer\">\n\t\t\t<div class=\"elementor-spacer-inner\"><\/div>\n\t\t<\/div>\n\t\t\t\t\t\t<\/div>\n\t\t\t\t<\/div>\n\t\t\t\t<div class=\"elementor-element elementor-element-8860e63 elementor-widget elementor-widget-image\" data-id=\"8860e63\" data-element_type=\"widget\" data-e-type=\"widget\" data-widget_type=\"image.default\">\n\t\t\t\t<div class=\"elementor-widget-container\">\n\t\t\t\t\t\t\t\t\t\t\t\t\t\t\t<img fetchpriority=\"high\" decoding=\"async\" width=\"1170\" height=\"380\" src=\"https:\/\/scubadirectvietnam.com\/wp-content\/uploads\/2022\/08\/Scuba-Direct-Vietnam-Cressi-scuba-gear-female-diver-banner.jpg\" class=\"attachment-full size-full wp-image-8603\" alt=\"Cressi Gear Vietnam Online Scuba Watersports Shop Cressi Scuba Diver\" srcset=\"https:\/\/scubadirectvietnam.com\/wp-content\/uploads\/2022\/08\/Scuba-Direct-Vietnam-Cressi-scuba-gear-female-diver-banner.jpg 1170w, https:\/\/scubadirectvietnam.com\/wp-content\/uploads\/2022\/08\/Scuba-Direct-Vietnam-Cressi-scuba-gear-female-diver-banner-400x130.jpg 400w, https:\/\/scubadirectvietnam.com\/wp-content\/uploads\/2022\/08\/Scuba-Direct-Vietnam-Cressi-scuba-gear-female-diver-banner-300x97.jpg 300w, https:\/\/scubadirectvietnam.com\/wp-content\/uploads\/2022\/08\/Scuba-Direct-Vietnam-Cressi-scuba-gear-female-diver-banner-1024x333.jpg 1024w, https:\/\/scubadirectvietnam.com\/wp-content\/uploads\/2022\/08\/Scuba-Direct-Vietnam-Cressi-scuba-gear-female-diver-banner-768x249.jpg 768w\" sizes=\"(max-width: 1170px) 100vw, 1170px\" \/>\t\t\t\t\t\t\t\t\t\t\t\t\t\t\t<\/div>\n\t\t\t\t<\/div>\n\t\t\t\t<section class=\"elementor-section elementor-inner-section elementor-element elementor-element-67b8711 elementor-section-boxed elementor-section-height-default elementor-section-height-default\" data-id=\"67b8711\" data-element_type=\"section\" data-e-type=\"section\">\n\t\t\t\t\t\t<div class=\"elementor-container elementor-column-gap-default\">\n\t\t\t\t\t<div class=\"elementor-column elementor-col-100 elementor-inner-column elementor-element elementor-element-7e642f5\" data-id=\"7e642f5\" data-element_type=\"column\" data-e-type=\"column\">\n\t\t\t<div class=\"elementor-widget-wrap elementor-element-populated\">\n\t\t\t\t\t\t<div class=\"elementor-element elementor-element-8224655 elementor-widget elementor-widget-text-editor\" data-id=\"8224655\" data-element_type=\"widget\" data-e-type=\"widget\" data-widget_type=\"text-editor.default\">\n\t\t\t\t<div class=\"elementor-widget-container\">\n\t\t\t\t\t\t\t\t\t<p>Ch\u00e0o m\u1eebng b\u1ea1n \u0111\u1ebfn v\u1edbi <b>Scuba Direct Vietnam<\/b>, m\u1ed9t c\u00f4ng ty cung c\u1ea5p th\u00fa v\u1ecb m\u1edbi v\u00e0 \u0111\u1ed9c quy\u1ec1n c\u1ee7a c\u00e1c th\u01b0\u01a1ng hi\u1ec7u scuba tr\u1ef1c ti\u1ebfp \u0111\u1ebfn th\u1ecb tr\u01b0\u1eddng Vi\u1ec7t Nam.<\/p>\n<p><span style=\"color: var(--the7-base-color);letter-spacing: var(--the7-base-letter-spacing);text-transform: var(--the7-base-text-transform)\">Hi\u1ec7n t\u1ea1i ch\u00fang t\u00f4i \u0111\u1ea1i di\u1ec7n cho CRESSI (Italy), cung c\u1ea5p \u0111\u1ea7y \u0111\u1ee7 c\u00e1c thi\u1ebft b\u1ecb Scuba, Freediving v\u00e0 Snorkeling, trong nh\u1eefng th\u00e1ng t\u1edbi s\u1ebd c\u00f3 th\u00eam nhi\u1ec1u th\u01b0\u01a1ng hi\u1ec7u n\u1ed5i ti\u1ebfng v\u00e0o ph\u1ea1m vi c\u1ee7a ch\u00fang t\u00f4i.<\/span><br><\/p>\n<p><span style=\"color: var(--the7-base-color);letter-spacing: var(--the7-base-letter-spacing);text-transform: var(--the7-base-text-transform)\">Ch\u00ednh s\u00e1ch gi\u00e1 c\u1ee7a ch\u00fang t\u00f4i l\u00e0 \u0111\u01a1n gi\u1ea3n, ch\u00fang t\u00f4i cung c\u1ea5p t\u1ea5t c\u1ea3 c\u00e1c s\u1ea3n ph\u1ea9m c\u1ee7a ch\u00fang t\u00f4i v\u1edbi m\u1ed9t \u201cgi\u00e1 chi\u1ebft kh\u1ea5u h\u00e0ng ng\u00e0y\u201d. Ch\u00fang t\u00f4i mang t\u1ea5t c\u1ea3 c\u00e1c s\u1ea3n ph\u1ea9m trong kho t\u1ea1i Vi\u1ec7t Nam \u0111\u1ec3 ch\u00fang c\u00f3 th\u1ec3 \u0111\u01b0\u1ee3c chuy\u1ec3n t\u1eeb kho c\u1ee7a ch\u00fang t\u00f4i m\u1ed9t c\u00e1ch nhanh ch\u00f3ng, ch\u00fang t\u00f4i kh\u00f4ng ph\u1ea3i \u0111\u1eb7t h\u00e0ng cho b\u1ea1n nh\u01b0 m\u1ed9t s\u1ed1 nh\u00e0 cung c\u1ea5p kh\u00e1c.<\/span><br><\/p>\n<p><span style=\"color: var(--the7-base-color);letter-spacing: var(--the7-base-letter-spacing);text-transform: var(--the7-base-text-transform)\">Ch\u00fang t\u00f4i c\u00f3 th\u1ec3 v\u1eadn chuy\u1ec3n b\u1ea5t c\u1ee9 n\u01a1i n\u00e0o \u1edf Vi\u1ec7t Nam b\u1eb1ng EMS, VNPT POST, Kerry Transport, v\u00e0 ch\u00fang t\u00f4i cung c\u1ea5p m\u1ed9t kho\u1ea3n ph\u00ed v\u1eadn chuy\u1ec3n b\u1eb1ng ph\u1eb3ng \u0111\u1ec3 gi\u1eef m\u1ecdi th\u1ee9 \u0111\u01a1n gi\u1ea3n tr\u00ean h\u1ea7u h\u1ebft c\u00e1c \u0111\u01a1n \u0111\u1eb7t h\u00e0ng.<\/span><br><\/p>\n<p><span style=\"color: var(--the7-base-color);letter-spacing: var(--the7-base-letter-spacing);text-transform: var(--the7-base-text-transform)\">Ch\u00fang t\u00f4i ch\u1ee7 y\u1ebfu cung c\u1ea5p s\u1ea3n ph\u1ea9m tr\u1ef1c ti\u1ebfp cho th\u1ecb tr\u01b0\u1eddng qua trang web n\u00e0y, nh\u01b0ng trong nh\u1eefng th\u00e1ng t\u1edbi ch\u00fang t\u00f4i s\u1ebd ch\u1ee7 \u0111\u1ed9ng t\u00ecm ki\u1ebfm \u0111\u1ed1i t\u00e1c b\u00e1n h\u00e0ng t\u1ea1i Vi\u1ec7t Nam.<\/span><br><\/p>\n<p><span style=\"color: var(--the7-base-color);letter-spacing: var(--the7-base-letter-spacing);text-transform: var(--the7-base-text-transform)\">SCUBA DIRECT VIETNAM<\/span><br><\/p><p><span style=\"font-family: inherit\">\u0110\u1ecba ch\u1ec9: Tr\u1ea7n Cao V\u00e2n, Thanh Kh\u00ea, \u0110\u00e0 N\u1eb5ng<br><\/span><span style=\"font-family: inherit\">\u0110i\u1ec7n tho\u1ea1i: 0905 425 498<br><\/span><span style=\"font-family: inherit\">Email: sales@scubadirectvietnam.com<\/span><\/p>\t\t\t\t\t\t\t\t<\/div>\n\t\t\t\t<\/div>\n\t\t\t\t\t<\/div>\n\t\t<\/div>\n\t\t\t\t\t<\/div>\n\t\t<\/section>\n\t\t\t\t<div class=\"elementor-element elementor-element-3585bd6 elementor-widget elementor-widget-spacer\" data-id=\"3585bd6\" data-element_type=\"widget\" data-e-type=\"widget\" data-widget_type=\"spacer.default\">\n\t\t\t\t<div class=\"elementor-widget-container\">\n\t\t\t\t\t\t\t<div class=\"elementor-spacer\">\n\t\t\t<div class=\"elementor-spacer-inner\"><\/div>\n\t\t<\/div>\n\t\t\t\t\t\t<\/div>\n\t\t\t\t<\/div>\n\t\t\t\t\t<\/div>\n\t\t<\/div>\n\t\t\t\t\t<\/div>\n\t\t<\/section>\n\t\t\t\t<\/div>\n\t\t","protected":false},"excerpt":{"rendered":"<p>Gi\u1edbi Thi\u1ec7u Scuba Direct Vietnam Ch\u00e0o m\u1eebng b\u1ea1n \u0111\u1ebfn v\u1edbi Scuba Direct Vietnam, m\u1ed9t c\u00f4ng ty cung c\u1ea5p th\u00fa v\u1ecb m\u1edbi v\u00e0 \u0111\u1ed9c quy\u1ec1n c\u1ee7a c\u00e1c th\u01b0\u01a1ng hi\u1ec7u scuba tr\u1ef1c ti\u1ebfp \u0111\u1ebfn th\u1ecb tr\u01b0\u1eddng Vi\u1ec7t Nam. Hi\u1ec7n t\u1ea1i ch\u00fang t\u00f4i \u0111\u1ea1i di\u1ec7n cho CRESSI (Italy), cung c\u1ea5p \u0111\u1ea7y \u0111\u1ee7 c\u00e1c thi\u1ebft b\u1ecb Scuba, Freediving v\u00e0&hellip;<\/p>\n","protected":false},"author":1,"featured_media":8599,"parent":0,"menu_order":0,"comment_status":"closed","ping_status":"closed","template":"","meta":{"footnotes":""},"class_list":["post-5637","page","type-page","status-publish","has-post-thumbnail","hentry"],"yoast_head":"<!-- This site is optimized with the Yoast SEO plugin v27.4 - https:\/\/yoast.com\/product\/yoast-seo-wordpress\/ -->\n<title>Gi\u1edbi Thi\u1ec7u - Scuba Direct Vietnam<\/title>\n<meta name=\"robots\" content=\"index, follow, max-snippet:-1, max-image-preview:large, max-video-preview:-1\" \/>\n<link rel=\"canonical\" href=\"https:\/\/scubadirectvietnam.com\/?page_id=5637\" \/>\n<meta property=\"og:locale\" content=\"en_US\" \/>\n<meta property=\"og:type\" content=\"article\" \/>\n<meta property=\"og:title\" content=\"Gi\u1edbi Thi\u1ec7u - Scuba Direct Vietnam\" \/>\n<meta property=\"og:description\" content=\"Gi\u1edbi Thi\u1ec7u Scuba Direct Vietnam Ch\u00e0o m\u1eebng b\u1ea1n \u0111\u1ebfn v\u1edbi Scuba Direct Vietnam, m\u1ed9t c\u00f4ng ty cung c\u1ea5p th\u00fa v\u1ecb m\u1edbi v\u00e0 \u0111\u1ed9c quy\u1ec1n c\u1ee7a c\u00e1c th\u01b0\u01a1ng hi\u1ec7u scuba tr\u1ef1c ti\u1ebfp \u0111\u1ebfn th\u1ecb tr\u01b0\u1eddng Vi\u1ec7t Nam. Hi\u1ec7n t\u1ea1i ch\u00fang t\u00f4i \u0111\u1ea1i di\u1ec7n cho CRESSI (Italy), cung c\u1ea5p \u0111\u1ea7y \u0111\u1ee7 c\u00e1c thi\u1ebft b\u1ecb Scuba, Freediving v\u00e0&hellip;\" \/>\n<meta property=\"og:url\" content=\"https:\/\/scubadirectvietnam.com\/?page_id=5637\" \/>\n<meta property=\"og:site_name\" content=\"Scuba Direct Vietnam\" \/>\n<meta property=\"article:publisher\" content=\"https:\/\/www.facebook.com\/scubadirectvn\" \/>\n<meta property=\"article:modified_time\" content=\"2023-12-20T06:54:37+00:00\" \/>\n<meta property=\"og:image\" content=\"https:\/\/scubadirectvietnam.com\/wp-content\/uploads\/2022\/08\/Scuba-Direct-Vietnam-Cressi-gear-sales-service-support-Vietnam-Cressi-2-scuba-divers.jpg\" \/>\n\t<meta property=\"og:image:width\" content=\"1170\" \/>\n\t<meta property=\"og:image:height\" content=\"380\" \/>\n\t<meta property=\"og:image:type\" content=\"image\/jpeg\" \/>\n<meta name=\"twitter:card\" content=\"summary_large_image\" \/>\n<meta name=\"twitter:label1\" content=\"Est. reading time\" \/>\n\t<meta name=\"twitter:data1\" content=\"2 minutes\" \/>\n<script type=\"application\/ld+json\" class=\"yoast-schema-graph\">{\"@context\":\"https:\\\/\\\/schema.org\",\"@graph\":[{\"@type\":\"WebPage\",\"@id\":\"https:\\\/\\\/scubadirectvietnam.com\\\/?page_id=5637\",\"url\":\"https:\\\/\\\/scubadirectvietnam.com\\\/?page_id=5637\",\"name\":\"Gi\u1edbi Thi\u1ec7u - Scuba Direct Vietnam\",\"isPartOf\":{\"@id\":\"https:\\\/\\\/scubadirectvietnam.com\\\/#website\"},\"primaryImageOfPage\":{\"@id\":\"https:\\\/\\\/scubadirectvietnam.com\\\/?page_id=5637#primaryimage\"},\"image\":{\"@id\":\"https:\\\/\\\/scubadirectvietnam.com\\\/?page_id=5637#primaryimage\"},\"thumbnailUrl\":\"https:\\\/\\\/scubadirectvietnam.com\\\/wp-content\\\/uploads\\\/2022\\\/08\\\/Scuba-Direct-Vietnam-Cressi-gear-sales-service-support-Vietnam-Cressi-2-scuba-divers.jpg\",\"datePublished\":\"2020-02-09T08:26:09+00:00\",\"dateModified\":\"2023-12-20T06:54:37+00:00\",\"breadcrumb\":{\"@id\":\"https:\\\/\\\/scubadirectvietnam.com\\\/?page_id=5637#breadcrumb\"},\"inLanguage\":\"en-US\",\"potentialAction\":[{\"@type\":\"ReadAction\",\"target\":[\"https:\\\/\\\/scubadirectvietnam.com\\\/?page_id=5637\"]}]},{\"@type\":\"ImageObject\",\"inLanguage\":\"en-US\",\"@id\":\"https:\\\/\\\/scubadirectvietnam.com\\\/?page_id=5637#primaryimage\",\"url\":\"https:\\\/\\\/scubadirectvietnam.com\\\/wp-content\\\/uploads\\\/2022\\\/08\\\/Scuba-Direct-Vietnam-Cressi-gear-sales-service-support-Vietnam-Cressi-2-scuba-divers.jpg\",\"contentUrl\":\"https:\\\/\\\/scubadirectvietnam.com\\\/wp-content\\\/uploads\\\/2022\\\/08\\\/Scuba-Direct-Vietnam-Cressi-gear-sales-service-support-Vietnam-Cressi-2-scuba-divers.jpg\",\"width\":1170,\"height\":380,\"caption\":\"Cressi Gear Vietnam Online Scuba Watersports Shop Cressi BCD and Wetsuits\"},{\"@type\":\"BreadcrumbList\",\"@id\":\"https:\\\/\\\/scubadirectvietnam.com\\\/?page_id=5637#breadcrumb\",\"itemListElement\":[{\"@type\":\"ListItem\",\"position\":1,\"name\":\"Home\",\"item\":\"https:\\\/\\\/scubadirectvietnam.com\\\/\"},{\"@type\":\"ListItem\",\"position\":2,\"name\":\"Gi\u1edbi Thi\u1ec7u\"}]},{\"@type\":\"WebSite\",\"@id\":\"https:\\\/\\\/scubadirectvietnam.com\\\/#website\",\"url\":\"https:\\\/\\\/scubadirectvietnam.com\\\/\",\"name\":\"Scuba Direct Vietnam\",\"description\":\"\",\"publisher\":{\"@id\":\"https:\\\/\\\/scubadirectvietnam.com\\\/#organization\"},\"potentialAction\":[{\"@type\":\"SearchAction\",\"target\":{\"@type\":\"EntryPoint\",\"urlTemplate\":\"https:\\\/\\\/scubadirectvietnam.com\\\/?s={search_term_string}\"},\"query-input\":{\"@type\":\"PropertyValueSpecification\",\"valueRequired\":true,\"valueName\":\"search_term_string\"}}],\"inLanguage\":\"en-US\"},{\"@type\":\"Organization\",\"@id\":\"https:\\\/\\\/scubadirectvietnam.com\\\/#organization\",\"name\":\"Scuba Direct Vietnam Cressi Online\",\"url\":\"https:\\\/\\\/scubadirectvietnam.com\\\/\",\"logo\":{\"@type\":\"ImageObject\",\"inLanguage\":\"en-US\",\"@id\":\"https:\\\/\\\/scubadirectvietnam.com\\\/#\\\/schema\\\/logo\\\/image\\\/\",\"url\":\"https:\\\/\\\/scubadirectvietnam.com\\\/wp-content\\\/uploads\\\/2023\\\/11\\\/Scuba-Direct-Vietnam-Scuba-Gear_logo.png\",\"contentUrl\":\"https:\\\/\\\/scubadirectvietnam.com\\\/wp-content\\\/uploads\\\/2023\\\/11\\\/Scuba-Direct-Vietnam-Scuba-Gear_logo.png\",\"width\":300,\"height\":90,\"caption\":\"Scuba Direct Vietnam Cressi Online\"},\"image\":{\"@id\":\"https:\\\/\\\/scubadirectvietnam.com\\\/#\\\/schema\\\/logo\\\/image\\\/\"},\"sameAs\":[\"https:\\\/\\\/www.facebook.com\\\/scubadirectvn\"]}]}<\/script>\n<!-- \/ Yoast SEO plugin. -->","yoast_head_json":{"title":"Gi\u1edbi Thi\u1ec7u - Scuba Direct Vietnam","robots":{"index":"index","follow":"follow","max-snippet":"max-snippet:-1","max-image-preview":"max-image-preview:large","max-video-preview":"max-video-preview:-1"},"canonical":"https:\/\/scubadirectvietnam.com\/?page_id=5637","og_locale":"en_US","og_type":"article","og_title":"Gi\u1edbi Thi\u1ec7u - Scuba Direct Vietnam","og_description":"Gi\u1edbi Thi\u1ec7u Scuba Direct Vietnam Ch\u00e0o m\u1eebng b\u1ea1n \u0111\u1ebfn v\u1edbi Scuba Direct Vietnam, m\u1ed9t c\u00f4ng ty cung c\u1ea5p th\u00fa v\u1ecb m\u1edbi v\u00e0 \u0111\u1ed9c quy\u1ec1n c\u1ee7a c\u00e1c th\u01b0\u01a1ng hi\u1ec7u scuba tr\u1ef1c ti\u1ebfp \u0111\u1ebfn th\u1ecb tr\u01b0\u1eddng Vi\u1ec7t Nam. Hi\u1ec7n t\u1ea1i ch\u00fang t\u00f4i \u0111\u1ea1i di\u1ec7n cho CRESSI (Italy), cung c\u1ea5p \u0111\u1ea7y \u0111\u1ee7 c\u00e1c thi\u1ebft b\u1ecb Scuba, Freediving v\u00e0&hellip;","og_url":"https:\/\/scubadirectvietnam.com\/?page_id=5637","og_site_name":"Scuba Direct Vietnam","article_publisher":"https:\/\/www.facebook.com\/scubadirectvn","article_modified_time":"2023-12-20T06:54:37+00:00","og_image":[{"width":1170,"height":380,"url":"https:\/\/scubadirectvietnam.com\/wp-content\/uploads\/2022\/08\/Scuba-Direct-Vietnam-Cressi-gear-sales-service-support-Vietnam-Cressi-2-scuba-divers.jpg","type":"image\/jpeg"}],"twitter_card":"summary_large_image","twitter_misc":{"Est. reading time":"2 minutes"},"schema":{"@context":"https:\/\/schema.org","@graph":[{"@type":"WebPage","@id":"https:\/\/scubadirectvietnam.com\/?page_id=5637","url":"https:\/\/scubadirectvietnam.com\/?page_id=5637","name":"Gi\u1edbi Thi\u1ec7u - Scuba Direct Vietnam","isPartOf":{"@id":"https:\/\/scubadirectvietnam.com\/#website"},"primaryImageOfPage":{"@id":"https:\/\/scubadirectvietnam.com\/?page_id=5637#primaryimage"},"image":{"@id":"https:\/\/scubadirectvietnam.com\/?page_id=5637#primaryimage"},"thumbnailUrl":"https:\/\/scubadirectvietnam.com\/wp-content\/uploads\/2022\/08\/Scuba-Direct-Vietnam-Cressi-gear-sales-service-support-Vietnam-Cressi-2-scuba-divers.jpg","datePublished":"2020-02-09T08:26:09+00:00","dateModified":"2023-12-20T06:54:37+00:00","breadcrumb":{"@id":"https:\/\/scubadirectvietnam.com\/?page_id=5637#breadcrumb"},"inLanguage":"en-US","potentialAction":[{"@type":"ReadAction","target":["https:\/\/scubadirectvietnam.com\/?page_id=5637"]}]},{"@type":"ImageObject","inLanguage":"en-US","@id":"https:\/\/scubadirectvietnam.com\/?page_id=5637#primaryimage","url":"https:\/\/scubadirectvietnam.com\/wp-content\/uploads\/2022\/08\/Scuba-Direct-Vietnam-Cressi-gear-sales-service-support-Vietnam-Cressi-2-scuba-divers.jpg","contentUrl":"https:\/\/scubadirectvietnam.com\/wp-content\/uploads\/2022\/08\/Scuba-Direct-Vietnam-Cressi-gear-sales-service-support-Vietnam-Cressi-2-scuba-divers.jpg","width":1170,"height":380,"caption":"Cressi Gear Vietnam Online Scuba Watersports Shop Cressi BCD and Wetsuits"},{"@type":"BreadcrumbList","@id":"https:\/\/scubadirectvietnam.com\/?page_id=5637#breadcrumb","itemListElement":[{"@type":"ListItem","position":1,"name":"Home","item":"https:\/\/scubadirectvietnam.com\/"},{"@type":"ListItem","position":2,"name":"Gi\u1edbi Thi\u1ec7u"}]},{"@type":"WebSite","@id":"https:\/\/scubadirectvietnam.com\/#website","url":"https:\/\/scubadirectvietnam.com\/","name":"Scuba Direct Vietnam","description":"","publisher":{"@id":"https:\/\/scubadirectvietnam.com\/#organization"},"potentialAction":[{"@type":"SearchAction","target":{"@type":"EntryPoint","urlTemplate":"https:\/\/scubadirectvietnam.com\/?s={search_term_string}"},"query-input":{"@type":"PropertyValueSpecification","valueRequired":true,"valueName":"search_term_string"}}],"inLanguage":"en-US"},{"@type":"Organization","@id":"https:\/\/scubadirectvietnam.com\/#organization","name":"Scuba Direct Vietnam Cressi Online","url":"https:\/\/scubadirectvietnam.com\/","logo":{"@type":"ImageObject","inLanguage":"en-US","@id":"https:\/\/scubadirectvietnam.com\/#\/schema\/logo\/image\/","url":"https:\/\/scubadirectvietnam.com\/wp-content\/uploads\/2023\/11\/Scuba-Direct-Vietnam-Scuba-Gear_logo.png","contentUrl":"https:\/\/scubadirectvietnam.com\/wp-content\/uploads\/2023\/11\/Scuba-Direct-Vietnam-Scuba-Gear_logo.png","width":300,"height":90,"caption":"Scuba Direct Vietnam Cressi Online"},"image":{"@id":"https:\/\/scubadirectvietnam.com\/#\/schema\/logo\/image\/"},"sameAs":["https:\/\/www.facebook.com\/scubadirectvn"]}]}},"_links":{"self":[{"href":"https:\/\/scubadirectvietnam.com\/index.php?rest_route=\/wp\/v2\/pages\/5637","targetHints":{"allow":["GET"]}}],"collection":[{"href":"https:\/\/scubadirectvietnam.com\/index.php?rest_route=\/wp\/v2\/pages"}],"about":[{"href":"https:\/\/scubadirectvietnam.com\/index.php?rest_route=\/wp\/v2\/types\/page"}],"author":[{"embeddable":true,"href":"https:\/\/scubadirectvietnam.com\/index.php?rest_route=\/wp\/v2\/users\/1"}],"replies":[{"embeddable":true,"href":"https:\/\/scubadirectvietnam.com\/index.php?rest_route=%2Fwp%2Fv2%2Fcomments&post=5637"}],"version-history":[{"count":36,"href":"https:\/\/scubadirectvietnam.com\/index.php?rest_route=\/wp\/v2\/pages\/5637\/revisions"}],"predecessor-version":[{"id":57491,"href":"https:\/\/scubadirectvietnam.com\/index.php?rest_route=\/wp\/v2\/pages\/5637\/revisions\/57491"}],"wp:featuredmedia":[{"embeddable":true,"href":"https:\/\/scubadirectvietnam.com\/index.php?rest_route=\/wp\/v2\/media\/8599"}],"wp:attachment":[{"href":"https:\/\/scubadirectvietnam.com\/index.php?rest_route=%2Fwp%2Fv2%2Fmedia&parent=5637"}],"curies":[{"name":"wp","href":"https:\/\/api.w.org\/{rel}","templated":true}]}}